{"id":1149,"date":"2013-10-02T10:48:12","date_gmt":"2013-10-02T08:48:12","guid":{"rendered":"http:\/\/141.30.37.177\/SFBweb\/?page_id=1149"},"modified":"2024-03-18T08:57:16","modified_gmt":"2024-03-18T07:57:16","slug":"aktueller-studentinnenstammtisch","status":"publish","type":"page","link":"https:\/\/transregio96.webspace.tu-dresden.de\/index.php\/aktueller-studentinnenstammtisch\/","title":{"rendered":"connectING-Stammtisch"},"content":{"rendered":"<h1><a href=\"https:\/\/transregio96.webspace.tu-dresden.de\/index.php\/aktueller-studentinnenstammtisch\/connecting_tublau\/\" rel=\"attachment wp-att-3324\"><img loading=\"lazy\" decoding=\"async\" class=\"alignnone wp-image-3324\" src=\"https:\/\/transregio96.webspace.tu-dresden.de\/wp-content\/uploads\/2013\/10\/connectING_TUblau-300x59.png\" alt=\"ConnectING-Logo\" width=\"518\" height=\"102\" srcset=\"https:\/\/transregio96.webspace.tu-dresden.de\/wp-content\/uploads\/2013\/10\/connectING_TUblau-300x59.png 300w, https:\/\/transregio96.webspace.tu-dresden.de\/wp-content\/uploads\/2013\/10\/connectING_TUblau-768x152.png 768w, https:\/\/transregio96.webspace.tu-dresden.de\/wp-content\/uploads\/2013\/10\/connectING_TUblau-1024x203.png 1024w, https:\/\/transregio96.webspace.tu-dresden.de\/wp-content\/uploads\/2013\/10\/connectING_TUblau-500x99.png 500w\" sizes=\"(max-width: 518px) 100vw, 518px\" \/><\/a><\/h1>\n<a href=\"https:\/\/tu-dresden.de\/ing\/der-bereich\/chancengerechtigkeit\/beratungsangebote-netzwerke-weiterbildungen\/connecting-stammtisch\" class=\"su-button su-button-style-glass\" style=\"color:#FFFFFF;background-color:#f63656;border-color:#c52c45;border-radius:20px\" target=\"_blank\" rel=\"noopener noreferrer\"><span style=\"color:#FFFFFF;padding:0px 28px;font-size:21px;line-height:42px;border-color:#f97389;border-radius:20px;text-shadow:1px 0px 0px #000000\"> Der ConnectING-Stammtisch ist umgezogen. Bitte hier klicken.<\/span><\/a>\n<h2>Stammtisch f\u00fcr Studentinnen und Mitarbeiterinnen im<br \/>\nBereich Ingenieurwissenschaften &#8211; was ist das?<\/h2>\n<p>Der SFB\/TR 96 und das Gleichstellungs-Team der Fakult\u00e4t Maschinenwesen m\u00f6chten Studentinnen und Mitarbeiterinnen des Bereichs Ingenieurwissenschaften abseits von H\u00f6rsaal und Schreibtisch eine M\u00f6glichkeit zum Netzwerken und Vernetzen bieten und freuen sich deshalb bereits seit dem Wintersemester 2012\/2013 diesbez\u00fcglich einen Stammtisch mit wechselnden Institutsbesichtigungen und Themenvortr\u00e4gen anbieten zu k\u00f6nnen. Der Stammtisch findet dreimal im Semester statt und wird erg\u00e4nzt durch Exkursionen und Seminare im Rahmen des j\u00e4hrlich stattfindenden Herbstseminars.<br \/>\nNach langer Namenssuche treffen sich die Studentinnen und Mitarbeiterinnen seit dem Wintersemester 2017\/2018 unter dem Namen ConnectING. Eine weitere Neuigkeit ist zudem die geplante \u00d6ffnung von einzelnen Veranstaltungen f\u00fcr Frauen und M\u00e4nner, zum Beispiel zum Thema Vereinbarkeit von Familie und Beruf.<br \/>\nUnten folgend finden Sie aktuelle Termine und Themen. Wenn Sie \u00fcber weitere Veranstaltungen regelm\u00e4\u00dfig informiert werden m\u00f6chten, melden Sie sich weiter unten beim Newsletter an oder schreiben Sie bitte eine Mail an <a href=\"mailto:connecting@tu-dresden.de\">connecting@tu-dresden.de<\/a>, dann nehmen wir Sie in den Verteiler auf. Ihre Daten werden ausschlie\u00dflich f\u00fcr Stammtisch-Zwecke verwendet.<\/p>\n<p><a href=\"http:\/\/141.76.19.93\/SFBweb\/wp-content\/uploads\/2013\/10\/unijournal.png\" rel=\"attachment wp-att-3211\"><img loading=\"lazy\" decoding=\"async\" class=\"alignnone wp-image-3211 size-medium\" title=\"artikel \u00fcber connectING \" src=\"https:\/\/transregio96.webspace.tu-dresden.de\/wp-content\/uploads\/2013\/10\/unijournal-300x272.png\" alt=\"unijournal 03\/2018\" width=\"300\" height=\"272\" srcset=\"https:\/\/transregio96.webspace.tu-dresden.de\/wp-content\/uploads\/2013\/10\/unijournal-300x272.png 300w, https:\/\/transregio96.webspace.tu-dresden.de\/wp-content\/uploads\/2013\/10\/unijournal-768x697.png 768w, https:\/\/transregio96.webspace.tu-dresden.de\/wp-content\/uploads\/2013\/10\/unijournal-330x300.png 330w, https:\/\/transregio96.webspace.tu-dresden.de\/wp-content\/uploads\/2013\/10\/unijournal.png 892w\" sizes=\"(max-width: 300px) 100vw, 300px\" \/><\/a><\/p>\n<p>F\u00fcr weitere Fragen besucht gern unsere linkedIN &#8211; Seite &#8222;<a title=\"LinkedIn-Seiten Link\" href=\"https:\/\/www.linkedin.com\/in\/connecting-tud\/\">https:\/\/www.linkedin.com\/in\/connecting-tud\/<\/a>&#8220; oder Facebookseite \u201e<a title=\"facebook link connecting\" href=\"https:\/\/www.facebook.com\/ConnectINGTUDresden\">ConnectING<\/a>\u201c oder schreibt uns: <a href=\"mailto:connectING@tu-dresden.de\">connectING@tu-dresden.de<\/a><\/p>\n<hr \/>\n<h2><strong>Aktuelles<\/strong><\/h2>\n<p><em>N\u00e4chster Stammtisch:<\/em><\/p>\n<p>Derzeit bereiten wir die Stammtische im Sommersemester vor.<\/p>\n<p>Sobald die Termine und Themen feststehen, k\u00f6nnt ihr euch <a href=\"https:\/\/transregio96.webspace.tu-dresden.de\/index.php\/anmeldung-zum-stammtisch\/\"><span style=\"color: #3366ff;\">hier<\/span><\/a> f\u00fcr den n\u00e4chsten Stammtisch anmelden.<\/p>\n<h3><strong>Feedback-Tool<\/strong><\/h3>\n<p>Wir haben jetzt ein Online Feedback-Tool, wo ihr anonym Lob und Kritik los werden k\u00f6nnt zu den jeweilig letzen Stammtischen und euch Themen w\u00fcnschen k\u00f6nnt, die ihr gern mal bei einer Veranstaltung sehen w\u00fcrdet.<\/p>\n<p>Wir freuen uns wenn ihr euch kurz Zeit nehmt uns eien R\u00fcckmeldung zu geben! <a href=\"https:\/\/bildungsportal.sachsen.de\/umfragen\/limesurvey\/index.php\/225439?newtest=Y&amp;lang=de\" target=\"_blank\" rel=\"noopener\">Link zum Feedback-Tool (neuer Tab)<\/a><\/p>\n<hr \/>\n<p>Wenn ihr nichts verpassen wollt, meldet euch unten zu unserem Newsletter an! \u2193<\/p>\n<ul>\n<li style=\"list-style-type: none;\">\n<ul>\n<li style=\"list-style-type: none;\">\n<hr \/>\n<h3><a title=\"Anmeldung ConnectING-Newsletter\" href=\"https:\/\/transregio96.webspace.tu-dresden.de\/index.php\/anmeldung-connecting-newsletter\/\">Anmeldung zum Newsletter<\/a><\/h3>\n<hr \/>\n<h2>Wollt Ihr von ein paar Beispielen lesen, wie<br \/>\n<strong>Frauen an der TUD in den Ingenieurwissenschaften <\/strong>die Karriere meistern?<\/h2>\n<p><a href=\"https:\/\/tu-dresden.de\/ing\/der-bereich\/chancengerechtigkeit\/ing-portaits#section-1-7\" rel=\"attachment wp-att-4906\"><img loading=\"lazy\" decoding=\"async\" class=\"alignnone wp-image-4906 \" title=\"Link-Button zu ING-Portraits der TUD\" src=\"https:\/\/transregio96.webspace.tu-dresden.de\/wp-content\/uploads\/2022\/05\/Button-ING-Portraits.png\" alt=\"ING-Portraits-Button\" width=\"117\" height=\"117\" srcset=\"https:\/\/transregio96.webspace.tu-dresden.de\/wp-content\/uploads\/2022\/05\/Button-ING-Portraits.png 216w, https:\/\/transregio96.webspace.tu-dresden.de\/wp-content\/uploads\/2022\/05\/Button-ING-Portraits-150x150.png 150w\" sizes=\"(max-width: 117px) 100vw, 117px\" \/><\/a><\/p>\n<hr \/>\n<\/li>\n<\/ul>\n<\/li>\n<\/ul>\n","protected":false},"excerpt":{"rendered":"<p>Stammtisch f\u00fcr Studentinnen und Mitarbeiterinnen im Bereich Ingenieurwissenschaften &#8211; was ist das? Der SFB\/TR 96 und das Gleichstellungs-Team der Fakult\u00e4t Maschinenwesen m\u00f6chten Studentinnen und Mitarbeiterinnen des Bereichs Ingenieurwissenschaften abseits von H\u00f6rsaal und Schreibtisch eine M\u00f6glichkeit zum Netzwerken und Vernetzen bieten und freuen sich deshalb bereits seit dem Wintersemester 2012\/2013 diesbez\u00fcglich einen Stammtisch mit wechselnden Institutsbesichtigungen und<\/p>\n<p><a class=\"more-link\" href=\"https:\/\/transregio96.webspace.tu-dresden.de\/index.php\/aktueller-studentinnenstammtisch\/\">Weiterlesen<\/a><\/p>\n","protected":false},"author":8,"featured_media":0,"parent":0,"menu_order":1,"comment_status":"closed","ping_status":"closed","template":"","meta":{"footnotes":""},"aioseo_notices":[],"_links":{"self":[{"href":"https:\/\/transregio96.webspace.tu-dresden.de\/index.php\/wp-json\/wp\/v2\/pages\/1149"}],"collection":[{"href":"https:\/\/transregio96.webspace.tu-dresden.de\/index.php\/wp-json\/wp\/v2\/pages"}],"about":[{"href":"https:\/\/transregio96.webspace.tu-dresden.de\/index.php\/wp-json\/wp\/v2\/types\/page"}],"author":[{"embeddable":true,"href":"https:\/\/transregio96.webspace.tu-dresden.de\/index.php\/wp-json\/wp\/v2\/users\/8"}],"replies":[{"embeddable":true,"href":"https:\/\/transregio96.webspace.tu-dresden.de\/index.php\/wp-json\/wp\/v2\/comments?post=1149"}],"version-history":[{"count":479,"href":"https:\/\/transregio96.webspace.tu-dresden.de\/index.php\/wp-json\/wp\/v2\/pages\/1149\/revisions"}],"predecessor-version":[{"id":5323,"href":"https:\/\/transregio96.webspace.tu-dresden.de\/index.php\/wp-json\/wp\/v2\/pages\/1149\/revisions\/5323"}],"wp:attachment":[{"href":"https:\/\/transregio96.webspace.tu-dresden.de\/index.php\/wp-json\/wp\/v2\/media?parent=1149"}],"curies":[{"name":"wp","href":"https:\/\/api.w.org\/{rel}","templated":true}]}}