{"id":1485,"date":"2014-09-03T10:12:03","date_gmt":"2014-09-03T08:12:03","guid":{"rendered":"http:\/\/141.30.37.177\/SFBweb\/?page_id=1485"},"modified":"2021-04-20T17:21:56","modified_gmt":"2021-04-20T15:21:56","slug":"aktuell-herbstseminar-2014-6-9-10-14","status":"publish","type":"page","link":"https:\/\/transregio96.webspace.tu-dresden.de\/index.php\/forderung-von-gleichstellung-und-wissenschaftlichem-nachwuchs\/aktuell-herbstseminar-2014-6-9-10-14\/","title":{"rendered":"Herbstseminare 2017, 2016 und 2015"},"content":{"rendered":"<p><strong>Das Herbstseminar<\/strong><\/p>\n<p>Highlight ist in jedem Jahr das Herbstseminar, 3 &#8211; 4 Tage vollgepackt mit Veranstaltungen zur Vermittlung von Soft Skills, Unternehmensbesichtigungen oder von Versuchsfeldern.<\/p>\n<p><strong>Das mittlerweile 5. Herbstseminar des Studentinnenstammtisch findet in diesem Jahr vom 04.10.17 &#8211; 06.10.17 an der TU Dresden statt. Teilnehmen k\u00f6nnen Studentinnen der Fachrichtungen Maschinenbau, Elektrotechnik und anderer MINT- Bereiche, auch standort\u00fcbergreifend aus Chemnitz und Aachen. <\/strong><\/p>\n<p>Neben unterschiedlichen eher &#8222;soften&#8220; skills wie\u00a0 Bewerbungstraining oder der &#8222;richtigen&#8220; Pr\u00e4sentationstechnik zum Beispiel zum erfolgreichen Verteidigung der Diplomarbeit gibt es in jedem Jahr interessante Unternehmensexkursionen, aber es findet sich auch gen\u00fcgend Zeit, um miteinander ins Gespr\u00e4ch zu kommen, auch au\u00dferhalb des H\u00f6rsaals und mit Studentinnen oder Mitarbeiterinnen anderer Universit\u00e4ten.<\/p>\n<p>Wenn Sie also Mitstreiterinnen Ihres oder auch h\u00f6herer Studienjahrg\u00e4nge kennenlernen oder zus\u00e4tzliche Informationen speziell f\u00fcr Frauen zum Studium, Zusatzangebote usw. haben wollen, vielleicht auch schon \u00fcber Ihre erste SHK-Stellen nachdenken, dann melden Sie sich doch einfach zum Stammtisch oder zuk\u00fcnftigen Herbstseminaren an.<\/p>\n<hr \/>\n<p><strong>R\u00fcckblick 2016 und 2015<br \/>\n<\/strong><\/p>\n<p>Das 4. Herbstseminar vom <strong>4.- 6.Oktober 2016<\/strong> war eine sehr multikulturelle Veranstaltung. Es nahmen nicht nur Teilnehmerinnen unterschiedlicher Universit\u00e4ten teil, auch die Nationalit\u00e4ten der Teilnehmerinnen waren sehr unterschiedlich. So nahmen junge Frauen aus dem Iran teil, aber auch aus Pakistan. Trotz dieser kulturellen Unterschiede gab es keinerlei Ber\u00fchrungs\u00e4ngste und nach den offiziellen Programmpunkten des Herbstseminars wurde gemeinsam gekocht, die Stadt Dresden erkundet und \u00fcber die teilweise unterschiedlichen Studienbedingungen der Standorte philosophiert. Auch die Inhalte des Herbstseminars konten sich sehen lassen. Frau Kuklok schulte die Teilnehmerinnen in &#8222;Rhetorik und Gespr\u00e4chsf\u00fchrung&#8220;, Frau Meyer- Ross referierte zum Thema \u201eSpeedreading und Mnemo Techniques\u201c, au\u00dferdem besichtigten wir noch das VEM Elektromotorenwerk und die Firma Theegarten Pactec.<\/p>\n<p>Das 3. Herbstseminar fand\u00a0 vom<strong> 5.- 7. Oktober<\/strong> <strong>2015 <\/strong>an der TU Chemnitz statt. Von den Kolleginnen vor Ort wurden wir sehr herzlich begr\u00fc\u00dft und dann ging es auch schon mit der ersten Veranstaltung zum Thema Zeitmanagement und Frau Dr. Fischer los. Unter Anderem konnten die Teilnehmerinnen in diesem Jahr mit Frau Dr. Gl\u00e4nzel \u00fcber Karrierem\u00f6glichkeiten in der Wissenschaft sprechen, die Versuchsfelder der TU Chemnitz und des Fraunhofer IWU kennenlernen und die Unternehmen VW Motorenwerk sowie Niles Simmons\u00a0 besichtigen. Und so ganz nebenbei auch mit Studentinnen anderer Universit\u00e4ten austauschen, denn in diesem Jahr waren zum ersten Mal Studentinnen aus Dresden, Chemnitz und Aachen bei dieser interessanten dreit\u00e4gigen Veranstaltungsreihe dabei.<\/p>\n<p><a href=\"http:\/\/141.76.19.93\/SFBweb\/wp-content\/uploads\/2014\/09\/Einladungsflyer-Herbstseminar-2015.jpg\" rel=\"attachment wp-att-2796\"><img loading=\"lazy\" decoding=\"async\" class=\"alignnone wp-image-2796 size-large\" title=\"werbebild f\u00fcr herbstseminar 2015\" src=\"https:\/\/transregio96.webspace.tu-dresden.de\/wp-content\/uploads\/2014\/09\/Einladungsflyer-Herbstseminar-2015-724x1024.jpg\" alt=\"Einladungsflyer Herbstseminar 2015\" width=\"724\" height=\"1024\" srcset=\"https:\/\/transregio96.webspace.tu-dresden.de\/wp-content\/uploads\/2014\/09\/Einladungsflyer-Herbstseminar-2015-724x1024.jpg 724w, https:\/\/transregio96.webspace.tu-dresden.de\/wp-content\/uploads\/2014\/09\/Einladungsflyer-Herbstseminar-2015-212x300.jpg 212w, https:\/\/transregio96.webspace.tu-dresden.de\/wp-content\/uploads\/2014\/09\/Einladungsflyer-Herbstseminar-2015-768x1086.jpg 768w\" sizes=\"(max-width: 724px) 100vw, 724px\" \/><\/a><\/p>\n","protected":false},"excerpt":{"rendered":"<p>Das Herbstseminar Highlight ist in jedem Jahr das Herbstseminar, 3 &#8211; 4 Tage vollgepackt mit Veranstaltungen zur Vermittlung von Soft Skills, Unternehmensbesichtigungen oder von Versuchsfeldern. Das mittlerweile 5. Herbstseminar des Studentinnenstammtisch findet in diesem Jahr vom 04.10.17 &#8211; 06.10.17 an der TU Dresden statt. Teilnehmen k\u00f6nnen Studentinnen der Fachrichtungen Maschinenbau, Elektrotechnik und anderer MINT- Bereiche, auch<\/p>\n<p><a class=\"more-link\" href=\"https:\/\/transregio96.webspace.tu-dresden.de\/index.php\/forderung-von-gleichstellung-und-wissenschaftlichem-nachwuchs\/aktuell-herbstseminar-2014-6-9-10-14\/\">Weiterlesen<\/a><\/p>\n","protected":false},"author":8,"featured_media":0,"parent":418,"menu_order":3,"comment_status":"closed","ping_status":"closed","template":"","meta":{"footnotes":""},"aioseo_notices":[],"_links":{"self":[{"href":"https:\/\/transregio96.webspace.tu-dresden.de\/index.php\/wp-json\/wp\/v2\/pages\/1485"}],"collection":[{"href":"https:\/\/transregio96.webspace.tu-dresden.de\/index.php\/wp-json\/wp\/v2\/pages"}],"about":[{"href":"https:\/\/transregio96.webspace.tu-dresden.de\/index.php\/wp-json\/wp\/v2\/types\/page"}],"author":[{"embeddable":true,"href":"https:\/\/transregio96.webspace.tu-dresden.de\/index.php\/wp-json\/wp\/v2\/users\/8"}],"replies":[{"embeddable":true,"href":"https:\/\/transregio96.webspace.tu-dresden.de\/index.php\/wp-json\/wp\/v2\/comments?post=1485"}],"version-history":[{"count":15,"href":"https:\/\/transregio96.webspace.tu-dresden.de\/index.php\/wp-json\/wp\/v2\/pages\/1485\/revisions"}],"predecessor-version":[{"id":4403,"href":"https:\/\/transregio96.webspace.tu-dresden.de\/index.php\/wp-json\/wp\/v2\/pages\/1485\/revisions\/4403"}],"up":[{"embeddable":true,"href":"https:\/\/transregio96.webspace.tu-dresden.de\/index.php\/wp-json\/wp\/v2\/pages\/418"}],"wp:attachment":[{"href":"https:\/\/transregio96.webspace.tu-dresden.de\/index.php\/wp-json\/wp\/v2\/media?parent=1485"}],"curies":[{"name":"wp","href":"https:\/\/api.w.org\/{rel}","templated":true}]}}