{"id":1620,"date":"2015-07-06T19:30:52","date_gmt":"2015-07-06T17:30:52","guid":{"rendered":"http:\/\/141.30.37.177\/SFBweb\/?page_id=1620"},"modified":"2019-07-17T16:59:38","modified_gmt":"2019-07-17T14:59:38","slug":"b09-parametrierung-und-kennfeldbasierte-korrektur","status":"publish","type":"page","link":"https:\/\/transregio96.webspace.tu-dresden.de\/index.php\/projektbereich-b\/b09-parametrierung-und-kennfeldbasierte-korrektur\/","title":{"rendered":"B09: Parametrierung und kennfeldbasierte Korrektur"},"content":{"rendered":"<h1>Parametrierung der Umgebungsrandbedingungen thermo-elastischer Modelle und Korrekturalgorithmen auf Basis hochdimensionaler Kennfelder<\/h1>\n<h2>Teilprojektleiter\/in<\/h2>\n<p>Dr.-Ing. Janine Gl\u00e4nzel, Prof. Matthias Putz: Fraunhofer IWU Chemnitz<\/p>\n<p><strong>Das Teilprojekt wurde ab Phase 2 neu beantragt.<\/strong><\/p>\n<p>B09 entwickelt ein Black-Box-Verfahren zur thermischen Fehlerkorrektur, das auf hochdimensionalen charakteristischen Diagrammen basiert. Die 3. Phase konzentriert sich auf die Erweiterung und Verbesserung der entwickelten Methoden und Werkzeuge f\u00fcr deren Anwendung in komplexen Produktionsumgebungen. Dies erfordert erweiterte Simulationen mit realistischen transienten Lastf\u00e4llen wie Strahlung, Mikroklima, K\u00fchlmittel, Sp\u00e4nenester und erzwungene Konvektion durch Achsenbewegungen. Zus\u00e4tzliche Komplexit\u00e4t entsteht durch die Betrachtung der gesamten Werkzeugmaschine inklusive Fundamentierung und Geh\u00e4use. Ein neues Entkopplungsverfahren f\u00fcr str\u00f6mungsdynamische Simulationen unter Verwendung von Kennfeldern wird entwickelt und f\u00fcr eine effizientere thermische Optimierung an Werkzeugmaschinen eingesetzt. Um der erh\u00f6hten Komplexit\u00e4t der Korrektur unter Produktionsbedingungen gerecht zu werden, wird ein alternatives komponentenbasiertes Korrekturverfahren entwickelt und mit dem Vollmodell verglichen.<\/p>\n<p>&nbsp;<\/p>\n","protected":false},"excerpt":{"rendered":"<p>Parametrierung der Umgebungsrandbedingungen thermo-elastischer Modelle und Korrekturalgorithmen auf Basis hochdimensionaler Kennfelder Teilprojektleiter\/in Dr.-Ing. Janine Gl\u00e4nzel, Prof. Matthias Putz: Fraunhofer IWU Chemnitz Das Teilprojekt wurde ab Phase 2 neu beantragt. B09 entwickelt ein Black-Box-Verfahren zur thermischen Fehlerkorrektur, das auf hochdimensionalen charakteristischen Diagrammen basiert. Die 3. Phase konzentriert sich auf die Erweiterung und Verbesserung der entwickelten Methoden und<\/p>\n<p><a class=\"more-link\" href=\"https:\/\/transregio96.webspace.tu-dresden.de\/index.php\/projektbereich-b\/b09-parametrierung-und-kennfeldbasierte-korrektur\/\">Weiterlesen<\/a><\/p>\n","protected":false},"author":2,"featured_media":0,"parent":274,"menu_order":0,"comment_status":"closed","ping_status":"closed","template":"sidebar-page.php","meta":{"footnotes":""},"aioseo_notices":[],"_links":{"self":[{"href":"https:\/\/transregio96.webspace.tu-dresden.de\/index.php\/wp-json\/wp\/v2\/pages\/1620"}],"collection":[{"href":"https:\/\/transregio96.webspace.tu-dresden.de\/index.php\/wp-json\/wp\/v2\/pages"}],"about":[{"href":"https:\/\/transregio96.webspace.tu-dresden.de\/index.php\/wp-json\/wp\/v2\/types\/page"}],"author":[{"embeddable":true,"href":"https:\/\/transregio96.webspace.tu-dresden.de\/index.php\/wp-json\/wp\/v2\/users\/2"}],"replies":[{"embeddable":true,"href":"https:\/\/transregio96.webspace.tu-dresden.de\/index.php\/wp-json\/wp\/v2\/comments?post=1620"}],"version-history":[{"count":3,"href":"https:\/\/transregio96.webspace.tu-dresden.de\/index.php\/wp-json\/wp\/v2\/pages\/1620\/revisions"}],"predecessor-version":[{"id":3674,"href":"https:\/\/transregio96.webspace.tu-dresden.de\/index.php\/wp-json\/wp\/v2\/pages\/1620\/revisions\/3674"}],"up":[{"embeddable":true,"href":"https:\/\/transregio96.webspace.tu-dresden.de\/index.php\/wp-json\/wp\/v2\/pages\/274"}],"wp:attachment":[{"href":"https:\/\/transregio96.webspace.tu-dresden.de\/index.php\/wp-json\/wp\/v2\/media?parent=1620"}],"curies":[{"name":"wp","href":"https:\/\/api.w.org\/{rel}","templated":true}]}}