{"id":1625,"date":"2015-07-06T19:10:28","date_gmt":"2015-07-06T17:10:28","guid":{"rendered":"http:\/\/141.30.37.177\/SFBweb\/?page_id=1625"},"modified":"2019-07-17T16:53:17","modified_gmt":"2019-07-17T14:53:17","slug":"a06-modellordnungsreduktion-2","status":"publish","type":"page","link":"https:\/\/transregio96.webspace.tu-dresden.de\/index.php\/thermo-energetische-gestaltung-von-werkzeugmaschinen\/a06-modellordnungsreduktion-2\/","title":{"rendered":"A06: Modellordnungsreduktion"},"content":{"rendered":"<h1>Modellordnungsreduktion f\u00fcr thermo-elastische Maschinenmodelle<\/h1>\n<h2>Teilprojektleiter<\/h2>\n<p>Prof. Dr. Peter Benner, Dr. Jens Saak: TU Chemnitz, Fakult\u00e4t f\u00fcr Mathematik, Mathematik in Industrie und Technik<\/p>\n<p>Die Simulation hochdimensionaler Systemmodelle sowie deren Integration in eine Maschinensteuerung verlangen den Einsatz von Modellordnungsreduktion (MOR). Die Herausforderung ergibt sich aus der effizienten Handhabung der wachsenden Modellstruktur und -komplexit\u00e4t der Maschinenmodelle in Kombination mit den (potentiell nichtlinearen) mechanischen Kopplungen im Netzwerkmodell. In Phase\u00a03 werden Verfahren zur Ordnungsreduktion von nichtlinearen Modellen und parametererhaltende MOR zum Einsatz kommen. Die nutzerfreundliche Anwendbarkeit soll durch die automatisierte Anbindung eines Blackbox-artigen MOR-Moduls an den durch A05 und A07 bereitgestellten Modellspezifikations- und Modellierungsmechanismus gesichert werden. Die Ber\u00fccksichtigung unsicherer Einfl\u00fcsse erfordert, sowohl bekannte (parametrische) MOR-Verfahren bei der Quantifizierung von Unsicherheiten im TP B08 zum Einsatz zu bringen, als auch spezielle MOR-Techniken f\u00fcr Modelle mit Unsicherheiten zu entwickeln und anzupassen.<\/p>\n","protected":false},"excerpt":{"rendered":"<p>Modellordnungsreduktion f\u00fcr thermo-elastische Maschinenmodelle Teilprojektleiter Prof. Dr. Peter Benner, Dr. Jens Saak: TU Chemnitz, Fakult\u00e4t f\u00fcr Mathematik, Mathematik in Industrie und Technik Die Simulation hochdimensionaler Systemmodelle sowie deren Integration in eine Maschinensteuerung verlangen den Einsatz von Modellordnungsreduktion (MOR). Die Herausforderung ergibt sich aus der effizienten Handhabung der wachsenden Modellstruktur und -komplexit\u00e4t der Maschinenmodelle in Kombination mit<\/p>\n<p><a class=\"more-link\" href=\"https:\/\/transregio96.webspace.tu-dresden.de\/index.php\/thermo-energetische-gestaltung-von-werkzeugmaschinen\/a06-modellordnungsreduktion-2\/\">Weiterlesen<\/a><\/p>\n","protected":false},"author":2,"featured_media":0,"parent":168,"menu_order":0,"comment_status":"closed","ping_status":"closed","template":"sidebar-page.php","meta":{"footnotes":""},"aioseo_notices":[],"_links":{"self":[{"href":"https:\/\/transregio96.webspace.tu-dresden.de\/index.php\/wp-json\/wp\/v2\/pages\/1625"}],"collection":[{"href":"https:\/\/transregio96.webspace.tu-dresden.de\/index.php\/wp-json\/wp\/v2\/pages"}],"about":[{"href":"https:\/\/transregio96.webspace.tu-dresden.de\/index.php\/wp-json\/wp\/v2\/types\/page"}],"author":[{"embeddable":true,"href":"https:\/\/transregio96.webspace.tu-dresden.de\/index.php\/wp-json\/wp\/v2\/users\/2"}],"replies":[{"embeddable":true,"href":"https:\/\/transregio96.webspace.tu-dresden.de\/index.php\/wp-json\/wp\/v2\/comments?post=1625"}],"version-history":[{"count":1,"href":"https:\/\/transregio96.webspace.tu-dresden.de\/index.php\/wp-json\/wp\/v2\/pages\/1625\/revisions"}],"predecessor-version":[{"id":3669,"href":"https:\/\/transregio96.webspace.tu-dresden.de\/index.php\/wp-json\/wp\/v2\/pages\/1625\/revisions\/3669"}],"up":[{"embeddable":true,"href":"https:\/\/transregio96.webspace.tu-dresden.de\/index.php\/wp-json\/wp\/v2\/pages\/168"}],"wp:attachment":[{"href":"https:\/\/transregio96.webspace.tu-dresden.de\/index.php\/wp-json\/wp\/v2\/media?parent=1625"}],"curies":[{"name":"wp","href":"https:\/\/api.w.org\/{rel}","templated":true}]}}