{"id":1627,"date":"2015-07-06T19:12:33","date_gmt":"2015-07-06T17:12:33","guid":{"rendered":"http:\/\/141.30.37.177\/SFBweb\/?page_id=1627"},"modified":"2021-02-26T12:07:01","modified_gmt":"2021-02-26T11:07:01","slug":"b07-strukturmodellbasierte-korrektur-2","status":"publish","type":"page","link":"https:\/\/transregio96.webspace.tu-dresden.de\/index.php\/projektbereich-b\/b07-strukturmodellbasierte-korrektur-2\/","title":{"rendered":"B07: Strukturmodellbasierte Korrektur"},"content":{"rendered":"<h1>Strukturmodellbasierte Korrektur thermo-elastischer Fehler an Werkzeugmaschinen<\/h1>\n<h2>Teilprojektleiter<\/h2>\n<p>Prof. Dr.-Ing. Steffen Ihlenfeldt\u2028: TU Dresden, Institut f\u00fcr Mechatronischen Maschinenbau, Professur f\u00fcr Werkzeugmascinenentwicklung und adaptive Steuerung<\/p>\n<p>Prof. Christof Fetzer, TU Dresden, Institut f\u00fcr Systemarchitektur,<br \/>\nProfessur f\u00fcr Systems Engineering (SE)<\/p>\n<p>&nbsp;<\/p>\n<p>Das TP B07 befasst sich mit der Erstellung, der Inbetriebnahme und dem Betrieb der strukturmodellbasierten thermischen Korrektur. W\u00e4hrend der 3. Phase sollen die Defizite der strukturmodellbasierten Korrektur unter Betriebsbedingungen im Fokus stehen. Dazu geh\u00f6rt die Bestimmung von Korrekturg\u00fcte, St\u00f6ranf\u00e4lligkeit und Verbesserungspotentialen der Korrektur bei Inbetriebnahme sowie die \u00dcberwachung und Absicherung von Korrekturg\u00fcte, Robustheit und Verf\u00fcgbarkeit im Betrieb und bei Wiederanlauf der Korrektur. Die notwendigen Modellberechnungen sollen vollautomatisch orchestriert auf Rechencluster unter Ber\u00fccksichtigung von umf\u00e4nglichen Sicherheitsaspekten und Anforderungen der Maschinensteuerung ausgelagert werden.<\/p>\n","protected":false},"excerpt":{"rendered":"<p>Strukturmodellbasierte Korrektur thermo-elastischer Fehler an Werkzeugmaschinen Teilprojektleiter Prof. Dr.-Ing. Steffen Ihlenfeldt\u2028: TU Dresden, Institut f\u00fcr Mechatronischen Maschinenbau, Professur f\u00fcr Werkzeugmascinenentwicklung und adaptive Steuerung Prof. Christof Fetzer, TU Dresden, Institut f\u00fcr Systemarchitektur, Professur f\u00fcr Systems Engineering (SE) &nbsp; Das TP B07 befasst sich mit der Erstellung, der Inbetriebnahme und dem Betrieb der strukturmodellbasierten thermischen Korrektur. W\u00e4hrend der<\/p>\n<p><a class=\"more-link\" href=\"https:\/\/transregio96.webspace.tu-dresden.de\/index.php\/projektbereich-b\/b07-strukturmodellbasierte-korrektur-2\/\">Weiterlesen<\/a><\/p>\n","protected":false},"author":2,"featured_media":0,"parent":274,"menu_order":0,"comment_status":"closed","ping_status":"closed","template":"","meta":{"footnotes":""},"aioseo_notices":[],"_links":{"self":[{"href":"https:\/\/transregio96.webspace.tu-dresden.de\/index.php\/wp-json\/wp\/v2\/pages\/1627"}],"collection":[{"href":"https:\/\/transregio96.webspace.tu-dresden.de\/index.php\/wp-json\/wp\/v2\/pages"}],"about":[{"href":"https:\/\/transregio96.webspace.tu-dresden.de\/index.php\/wp-json\/wp\/v2\/types\/page"}],"author":[{"embeddable":true,"href":"https:\/\/transregio96.webspace.tu-dresden.de\/index.php\/wp-json\/wp\/v2\/users\/2"}],"replies":[{"embeddable":true,"href":"https:\/\/transregio96.webspace.tu-dresden.de\/index.php\/wp-json\/wp\/v2\/comments?post=1627"}],"version-history":[{"count":4,"href":"https:\/\/transregio96.webspace.tu-dresden.de\/index.php\/wp-json\/wp\/v2\/pages\/1627\/revisions"}],"predecessor-version":[{"id":4361,"href":"https:\/\/transregio96.webspace.tu-dresden.de\/index.php\/wp-json\/wp\/v2\/pages\/1627\/revisions\/4361"}],"up":[{"embeddable":true,"href":"https:\/\/transregio96.webspace.tu-dresden.de\/index.php\/wp-json\/wp\/v2\/pages\/274"}],"wp:attachment":[{"href":"https:\/\/transregio96.webspace.tu-dresden.de\/index.php\/wp-json\/wp\/v2\/media?parent=1627"}],"curies":[{"name":"wp","href":"https:\/\/api.w.org\/{rel}","templated":true}]}}