{"id":1634,"date":"2015-07-06T19:31:50","date_gmt":"2015-07-06T17:31:50","guid":{"rendered":"http:\/\/141.30.37.177\/SFBweb\/?page_id=1634"},"modified":"2019-07-17T16:52:14","modified_gmt":"2019-07-17T14:52:14","slug":"a04-thermofluidtechnik-2","status":"publish","type":"page","link":"https:\/\/transregio96.webspace.tu-dresden.de\/index.php\/thermo-energetische-gestaltung-von-werkzeugmaschinen\/a04-thermofluidtechnik-2\/","title":{"rendered":"A04: Thermofluidtechnik"},"content":{"rendered":"<h1>Thermo-energetische Beschreibung fluidtechnischer Systeme<\/h1>\n<h2>Teilprojektleiter<\/h2>\n<p>Prof. Dr.-Ing. J\u00fcrgen Weber: TU Dresden, Institut f\u00fcr Mechatronischen Maschinenbau, Professur f\u00fcr Fluid-Mechatronische Systemtechnik<\/p>\n<p>Auf Komponentenebene werden konstruktiv optimierte K\u00fchlkanalstrukturen in die Motorspindel einge\u00adbracht. Auf dieser Basis kann eine Regelungsstrategie zur bedarfsorientierten, energieeffizienten W\u00e4rmeabfuhr unter Ber\u00fccksichtigung der Besonderheiten des Gesamtmaschinenverbundes entwickelt und deren Potential gegen\u00fcber konventionellen Spindelk\u00fchlungen quantifiziert werden. Auf System\u00adebene sollen die f\u00fcr den Strukturversuchsstand entwickelten Betriebs- und Regelungskonzepte auf den realen Maschinenbetrieb \u00fcbertragen werden. Besonderes Augenmerk liegt auf der Ermittlung von Zeitkonstanten, der Reglerpara\u00admetrierung und der Absch\u00e4tzung von Querein\u00adfl\u00fcssen der Teilsysteme im Gesamtmaschinenverbund. Die Integration innovativer K\u00fchlsystemstrukturen in die Gesamt\u00admaschine erlaubt letztlich quantifizierte Aussagen \u00fcber die Leistungssteigerung und das Energie\u00adsparpotential gegen\u00fcber konventionellen Maschinenk\u00fchlkonzepten.<\/p>\n<p>&nbsp;<\/p>\n","protected":false},"excerpt":{"rendered":"<p>Thermo-energetische Beschreibung fluidtechnischer Systeme Teilprojektleiter Prof. Dr.-Ing. J\u00fcrgen Weber: TU Dresden, Institut f\u00fcr Mechatronischen Maschinenbau, Professur f\u00fcr Fluid-Mechatronische Systemtechnik Auf Komponentenebene werden konstruktiv optimierte K\u00fchlkanalstrukturen in die Motorspindel einge\u00adbracht. Auf dieser Basis kann eine Regelungsstrategie zur bedarfsorientierten, energieeffizienten W\u00e4rmeabfuhr unter Ber\u00fccksichtigung der Besonderheiten des Gesamtmaschinenverbundes entwickelt und deren Potential gegen\u00fcber konventionellen Spindelk\u00fchlungen quantifiziert werden. Auf System\u00adebene<\/p>\n<p><a class=\"more-link\" href=\"https:\/\/transregio96.webspace.tu-dresden.de\/index.php\/thermo-energetische-gestaltung-von-werkzeugmaschinen\/a04-thermofluidtechnik-2\/\">Weiterlesen<\/a><\/p>\n","protected":false},"author":2,"featured_media":0,"parent":168,"menu_order":0,"comment_status":"closed","ping_status":"closed","template":"sidebar-page.php","meta":{"footnotes":""},"aioseo_notices":[],"_links":{"self":[{"href":"https:\/\/transregio96.webspace.tu-dresden.de\/index.php\/wp-json\/wp\/v2\/pages\/1634"}],"collection":[{"href":"https:\/\/transregio96.webspace.tu-dresden.de\/index.php\/wp-json\/wp\/v2\/pages"}],"about":[{"href":"https:\/\/transregio96.webspace.tu-dresden.de\/index.php\/wp-json\/wp\/v2\/types\/page"}],"author":[{"embeddable":true,"href":"https:\/\/transregio96.webspace.tu-dresden.de\/index.php\/wp-json\/wp\/v2\/users\/2"}],"replies":[{"embeddable":true,"href":"https:\/\/transregio96.webspace.tu-dresden.de\/index.php\/wp-json\/wp\/v2\/comments?post=1634"}],"version-history":[{"count":2,"href":"https:\/\/transregio96.webspace.tu-dresden.de\/index.php\/wp-json\/wp\/v2\/pages\/1634\/revisions"}],"predecessor-version":[{"id":3668,"href":"https:\/\/transregio96.webspace.tu-dresden.de\/index.php\/wp-json\/wp\/v2\/pages\/1634\/revisions\/3668"}],"up":[{"embeddable":true,"href":"https:\/\/transregio96.webspace.tu-dresden.de\/index.php\/wp-json\/wp\/v2\/pages\/168"}],"wp:attachment":[{"href":"https:\/\/transregio96.webspace.tu-dresden.de\/index.php\/wp-json\/wp\/v2\/media?parent=1634"}],"curies":[{"name":"wp","href":"https:\/\/api.w.org\/{rel}","templated":true}]}}