{"id":1637,"date":"2015-07-06T19:20:39","date_gmt":"2015-07-06T17:20:39","guid":{"rendered":"http:\/\/141.30.37.177\/SFBweb\/?page_id=1637"},"modified":"2019-07-17T16:54:34","modified_gmt":"2019-07-17T14:54:34","slug":"b02-warmefluss-zwischen-maschinenkomponenten-2","status":"publish","type":"page","link":"https:\/\/transregio96.webspace.tu-dresden.de\/index.php\/projektbereich-b\/b02-warmefluss-zwischen-maschinenkomponenten-2\/","title":{"rendered":"B02: W\u00e4rmefluss zwischen Maschinenkomponenten"},"content":{"rendered":"<h1>Bestimmung und Modellierung der W\u00e4rme\u00fcbergangsmechanismen zwischen den Maschinenkomponenten<\/h1>\n<h2>Teilprojektleiter<\/h2>\n<p>Prof. Dr.-Ing. Reinhold Kneer: RWTH Aachen, Lehrstuhl f\u00fcr W\u00e4rme- und Stoff\u00fcbertragung<\/p>\n<p>Ziel von TP B02 ist, die W\u00e4rmefl\u00fcsse zwischen Maschinenkomponenten numerisch und experimentell zu bestimmen und als Randbedingung f\u00fcr die anschlie\u00dfende thermische Gesamtsimulation der Werkzeugmaschine zu nutzen. Zu diesem Zweck wurden in den zur\u00fcckliegenden Phasen Methoden und Modelle entwickelt, welche die Quantifizierung von W\u00e4rmefl\u00fcssen, sowohl statischer als auch instation\u00e4rer Maschinenprozesse erm\u00f6glichen und im Vergleich zum derzeitigen Stand der Technik einen h\u00f6heren Genauigkeitsgrad und G\u00fcltigkeitsbereich aufweisen. In Phase 3 sollen die erarbeiteten Methoden auf anwendungsnahe Szenarien \u00fcbertragen werden, die einen erh\u00f6hten Komplexit\u00e4tsgrad und begrenzte messtechnische Zug\u00e4nglichkeit aufweisen. Insbesondere makroskopische Unebenheiten sowie bewegte thermische Randbedingungen sind Fokus der Arbeiten von TP B02. Weiterhin wird der Einfluss von K\u00fchlschmierstoffen auf den W\u00e4rme\u00fcbergang zwischen Maschinenkomponenten analysiert. In TP B02 werden deshalb neben den inversen Methoden CFD-Simulationen von Mehrphasenstr\u00f6mungen f\u00fcr die Bestimmung der K\u00fchlschmierstoff (KSS)-induzierten W\u00e4rme\u00fcberg\u00e4nge genutzt.<\/p>\n","protected":false},"excerpt":{"rendered":"<p>Bestimmung und Modellierung der W\u00e4rme\u00fcbergangsmechanismen zwischen den Maschinenkomponenten Teilprojektleiter Prof. Dr.-Ing. Reinhold Kneer: RWTH Aachen, Lehrstuhl f\u00fcr W\u00e4rme- und Stoff\u00fcbertragung Ziel von TP B02 ist, die W\u00e4rmefl\u00fcsse zwischen Maschinenkomponenten numerisch und experimentell zu bestimmen und als Randbedingung f\u00fcr die anschlie\u00dfende thermische Gesamtsimulation der Werkzeugmaschine zu nutzen. Zu diesem Zweck wurden in den zur\u00fcckliegenden Phasen Methoden und<\/p>\n<p><a class=\"more-link\" href=\"https:\/\/transregio96.webspace.tu-dresden.de\/index.php\/projektbereich-b\/b02-warmefluss-zwischen-maschinenkomponenten-2\/\">Weiterlesen<\/a><\/p>\n","protected":false},"author":2,"featured_media":0,"parent":274,"menu_order":0,"comment_status":"closed","ping_status":"closed","template":"sidebar-page.php","meta":{"footnotes":""},"aioseo_notices":[],"_links":{"self":[{"href":"https:\/\/transregio96.webspace.tu-dresden.de\/index.php\/wp-json\/wp\/v2\/pages\/1637"}],"collection":[{"href":"https:\/\/transregio96.webspace.tu-dresden.de\/index.php\/wp-json\/wp\/v2\/pages"}],"about":[{"href":"https:\/\/transregio96.webspace.tu-dresden.de\/index.php\/wp-json\/wp\/v2\/types\/page"}],"author":[{"embeddable":true,"href":"https:\/\/transregio96.webspace.tu-dresden.de\/index.php\/wp-json\/wp\/v2\/users\/2"}],"replies":[{"embeddable":true,"href":"https:\/\/transregio96.webspace.tu-dresden.de\/index.php\/wp-json\/wp\/v2\/comments?post=1637"}],"version-history":[{"count":1,"href":"https:\/\/transregio96.webspace.tu-dresden.de\/index.php\/wp-json\/wp\/v2\/pages\/1637\/revisions"}],"predecessor-version":[{"id":3670,"href":"https:\/\/transregio96.webspace.tu-dresden.de\/index.php\/wp-json\/wp\/v2\/pages\/1637\/revisions\/3670"}],"up":[{"embeddable":true,"href":"https:\/\/transregio96.webspace.tu-dresden.de\/index.php\/wp-json\/wp\/v2\/pages\/274"}],"wp:attachment":[{"href":"https:\/\/transregio96.webspace.tu-dresden.de\/index.php\/wp-json\/wp\/v2\/media?parent=1637"}],"curies":[{"name":"wp","href":"https:\/\/api.w.org\/{rel}","templated":true}]}}