{"id":168,"date":"2012-09-07T10:31:03","date_gmt":"2012-09-07T08:31:03","guid":{"rendered":"http:\/\/141.30.37.177\/SFBweb\/?page_id=168"},"modified":"2023-09-27T14:22:23","modified_gmt":"2023-09-27T12:22:23","slug":"thermo-energetische-gestaltung-von-werkzeugmaschinen","status":"publish","type":"page","link":"https:\/\/transregio96.webspace.tu-dresden.de\/index.php\/thermo-energetische-gestaltung-von-werkzeugmaschinen\/","title":{"rendered":"Projektbereich A: Prozessaktuelles Werkzeugmaschinenabbild"},"content":{"rendered":"<div class=\"su-row\"><div class=\"su-column su-column-size-2-3\"><div class=\"su-column-inner su-u-clearfix su-u-trim\">\n<p>Der Projektbereich A b\u00fcndelt alle Arbeiten zur Modellierung und arbeitet grundlegend zu Modellierungstechnologien f\u00fcr die Berechnung von thermo-elastisch verursachten Fehlern in der Struktur und an der Wirkstelle von Werkzeugmaschinen und macht zus\u00e4tzlich W\u00e4rmestr\u00f6me in der Maschinenstruktur transparent.<\/p>\n<h3>Projektbereichsverantwortlicher:<\/h3>\n<p>Prof. Dr.-Ing. S. Ihlenfeldt<br \/>\nTU Dresden, Institut f\u00fcr Mechatronischen Maschinenbau<\/p>\n<h3>Teilprojekte:<\/h3>\n<ul>\n<li><strong>A01<\/strong>: Modellgest\u00fctzte Beschreibung der thermo-energetischen Wirkungen in spanenden Werkzeugen und Werkst\u00fcckspannvorrichtungen und der gezielten Beeinflussung von Schneiden- und Bauteilverlagerungen mit dem Ziel der Optimierung und Kompensation<br \/>\nPutz, Regel: TU Chemnitz, Professur f\u00fcr Werkzeugmaschinen und Umformtechnik (IWP)<\/li>\n<li><strong>A02<\/strong>: Modell und Methode zur Erfassung und Bilanzierung der in Fr\u00e4sprozessen umgesetzten Energien<br \/>\nBergs, Mattfeld: RWTH Aachen, Werkzeugmaschinenlabor, Lehrstuhl f\u00fcr Technologie der Fertigungsverfahren<\/li>\n<li><strong>A03<\/strong>: Modell und Methode zur Erfassung und Bilanzierung der in Schleifprozessen umgesetzten Energien<br \/>\nMattfeld, Bergs: RWTH Aachen, Werkzeugmaschinenlabor, Lehrstuhl f\u00fcr Technologie der Fertigungsverfahren<\/li>\n<li><strong>A04<\/strong>:Thermo-energetische Beschreibung fluidtechnischer Systeme<br \/>\nWeber: TU Dresden, Institut f\u00fcr Mechatronischen Maschinenbau, Professur f\u00fcr Fluid-Mechatronische Systemtechnik<\/li>\n<li><strong>A05<\/strong>: Systemsimulation des prozessaktuellen Werkzeugmaschinenabbildes<br \/>\nBeitelschmidt: TU Dresden, Institut f\u00fcr Festk\u00f6rpermechanik, Professur f\u00fcr Dynamik und Mechanismentechnik<br \/>\nIhlenfeldt:TU Dresden, Institut f\u00fcr Mechatronischen Maschinenbau, Professur f\u00fcr Werkzeugmaschinenentwicklung und adaptive Steuerung<\/li>\n<li><strong>A06:<\/strong> Modellordnungsreduktion f\u00fcr thermo-elastische Baugruppenmodelle<br \/>\nBenner, Saak: TU Chemnitz, Fakult\u00e4t f\u00fcr Mathematik, Arbeitsgruppe Mathematik in Industrie und Technik<\/li>\n<li><em><strong>A07<\/strong> (Phase 1 und 2): Hochaufl\u00f6sende thermo-elastische Simulation auf massiv-parallelen Rechnerarchitekturen<br \/>\n<\/em><em>Voigt, Wensch: TU Dresden, Institut f\u00fcr Wissenschaftliches Rechnen <\/div><\/div>\n<\/em><\/li>\n<\/ul>\n<div class=\"su-column su-column-size-1-3\"><div class=\"su-column-inner su-u-clearfix su-u-trim\"><a href=\"http:\/\/141.76.19.93\/SFBweb\/wp-content\/uploads\/2019\/07\/Bereich-A.png\"><img loading=\"lazy\" decoding=\"async\" class=\"aligncenter wp-image-3465 size-medium\" src=\"http:\/\/141.76.19.93\/SFBweb\/wp-content\/uploads\/2019\/07\/Bereich-A-300x231.png\" alt=\"Illustration Projektbereich A: Prozessaktuelles Werkzeugmaschinenabbild\" width=\"300\" height=\"231\" srcset=\"https:\/\/transregio96.webspace.tu-dresden.de\/wp-content\/uploads\/2019\/07\/Bereich-A-300x231.png 300w, https:\/\/transregio96.webspace.tu-dresden.de\/wp-content\/uploads\/2019\/07\/Bereich-A-390x300.png 390w, https:\/\/transregio96.webspace.tu-dresden.de\/wp-content\/uploads\/2019\/07\/Bereich-A.png 641w\" sizes=\"(max-width: 300px) 100vw, 300px\" \/><\/a><\/div><\/div> <\/div>\n","protected":false},"excerpt":{"rendered":"","protected":false},"author":2,"featured_media":0,"parent":0,"menu_order":5,"comment_status":"closed","ping_status":"closed","template":"","meta":{"footnotes":""},"aioseo_notices":[],"_links":{"self":[{"href":"https:\/\/transregio96.webspace.tu-dresden.de\/index.php\/wp-json\/wp\/v2\/pages\/168"}],"collection":[{"href":"https:\/\/transregio96.webspace.tu-dresden.de\/index.php\/wp-json\/wp\/v2\/pages"}],"about":[{"href":"https:\/\/transregio96.webspace.tu-dresden.de\/index.php\/wp-json\/wp\/v2\/types\/page"}],"author":[{"embeddable":true,"href":"https:\/\/transregio96.webspace.tu-dresden.de\/index.php\/wp-json\/wp\/v2\/users\/2"}],"replies":[{"embeddable":true,"href":"https:\/\/transregio96.webspace.tu-dresden.de\/index.php\/wp-json\/wp\/v2\/comments?post=168"}],"version-history":[{"count":17,"href":"https:\/\/transregio96.webspace.tu-dresden.de\/index.php\/wp-json\/wp\/v2\/pages\/168\/revisions"}],"predecessor-version":[{"id":5253,"href":"https:\/\/transregio96.webspace.tu-dresden.de\/index.php\/wp-json\/wp\/v2\/pages\/168\/revisions\/5253"}],"wp:attachment":[{"href":"https:\/\/transregio96.webspace.tu-dresden.de\/index.php\/wp-json\/wp\/v2\/media?parent=168"}],"curies":[{"name":"wp","href":"https:\/\/api.w.org\/{rel}","templated":true}]}}