{"id":1682,"date":"2015-07-14T12:16:04","date_gmt":"2015-07-14T10:16:04","guid":{"rendered":"http:\/\/141.30.37.177\/SFBweb\/?page_id=1682"},"modified":"2019-07-17T17:08:41","modified_gmt":"2019-07-17T15:08:41","slug":"c04-thermo-energetische-motoroptimierung-2","status":"publish","type":"page","link":"https:\/\/transregio96.webspace.tu-dresden.de\/index.php\/projektbereich-c-komponenten-und-maschinengestaltung\/c04-thermo-energetische-motoroptimierung-2\/","title":{"rendered":"C04: Thermo-energetische Motoroptimierung"},"content":{"rendered":"<h1>Modellierung und Optimierung des Verlusthaushaltes elektrischer Antriebsmotoren und ihrer thermischen Kopplung mit Werkzeugmaschinen<\/h1>\n<h2>Teilprojektleiter<\/h2>\n<p>Prof. Dr. Ralf Werner: TU Chemnitz, Professur Elektrische Energiewandlungssysteme und Antriebe<\/p>\n<p><strong>Das Projekt wird in Pase 3 nicht fortgef\u00fchrt.<\/strong><\/p>\n<p>Moderne Werkzeugmaschinen sind mit einer Vielzahl elektrischer Antriebsmotoren ausgestattet. Dazu z\u00e4hlen der Hauptspindelantrieb, die Vorschubantriebe und in der Regel noch zahlreiche Hilfsantriebe wie z.B. f\u00fcr \u00d6lpumpen, K\u00fchlschmiermittelpumpen, L\u00fcfter, Werkzeugwechsler und Zuf\u00fchreinrichtungen. In jedem Antriebsmotor entstehen w\u00e4hrend des Betriebes Verluste, welche zu einer Erw\u00e4rmung f\u00fchren. Der W\u00e4rmeeintrag in die Konstruktionsteile der Werkzeugmaschinen beeintr\u00e4chtigt jedoch die Pr\u00e4zision bei der Bearbeitung. Aus diesem Grunde ist es bis heute \u00fcblich, die Werkzeugmaschinen eingeschaltet im Leerlauf zu betreiben, bis der thermisch eingeschwungene Zustand erreicht ist. Erst danach wird mit der Bearbeitung begonnen.<br \/>\nDiese Vorgehensweise ist vor dem Hintergrund einer energieeffizienten Produktion nicht praktikabel. Es ist daher notwendig die Bearbeitungsprozesse unabh\u00e4ngig von der Temperierung der Werkzeugmaschine durchzuf\u00fchren. Es sind daher Kenntnisse der Einfl\u00fcsse der W\u00e4rmeeintr\u00e4ge auf die Bearbeitungsgenauigkeit notwendig, damit diese ggf. kompensiert oder korrigiert werden k\u00f6nnen.<br \/>\nAufgrund dessen zielten die Forschungsarbeiten in der ersten F\u00f6rderphase auf die Erstellung thermischer Modelle f\u00fcr wichtige im Werkzeugmaschinenbau verwendete Antriebsmotoren ab. Diese Modelle spiegeln das thermische Verhalten der Antriebe in Echtzeit wider, ohne dass die Verwendung zus\u00e4tzlicher Temperaturf\u00fchler erforderlich ist. Dadurch kann der W\u00e4rmeeintrag der Antriebsmotoren in die Konstruktionsteile der Werkzeugmaschine ermittelt werden.<br \/>\nW\u00e4hrend der zweiten F\u00f6rderphase werden die Antriebsmotoren hinsichtlich ihres Verlusthaushaltes und der thermischen Kopplung mit den mechanischen Komponenten der Werkzeugmaschine optimiert. Aufbauend auf den Erkenntnissen aus der ersten Phase soll zun\u00e4chst die Ansteuerung der Motoren mittels Frequenzumrichter auf einen verlustminimierten Betrieb hin angepasst werden. Weiterhin sollen der Motoraufbau, die Motork\u00fchlung sowie die thermischen Schnittstellen zur Werkzeugmaschine entsprechend den Erfordernissen f\u00fcr eine effektive Korrektur bzw. Kompensation der thermo-elastischen Verformungen gestalten werden.<\/p>\n","protected":false},"excerpt":{"rendered":"<p>Modellierung und Optimierung des Verlusthaushaltes elektrischer Antriebsmotoren und ihrer thermischen Kopplung mit Werkzeugmaschinen Teilprojektleiter Prof. Dr. Ralf Werner: TU Chemnitz, Professur Elektrische Energiewandlungssysteme und Antriebe Das Projekt wird in Pase 3 nicht fortgef\u00fchrt. Moderne Werkzeugmaschinen sind mit einer Vielzahl elektrischer Antriebsmotoren ausgestattet. Dazu z\u00e4hlen der Hauptspindelantrieb, die Vorschubantriebe und in der Regel noch zahlreiche Hilfsantriebe wie<\/p>\n<p><a class=\"more-link\" href=\"https:\/\/transregio96.webspace.tu-dresden.de\/index.php\/projektbereich-c-komponenten-und-maschinengestaltung\/c04-thermo-energetische-motoroptimierung-2\/\">Weiterlesen<\/a><\/p>\n","protected":false},"author":2,"featured_media":0,"parent":361,"menu_order":0,"comment_status":"closed","ping_status":"closed","template":"sidebar-page.php","meta":{"footnotes":""},"aioseo_notices":[],"_links":{"self":[{"href":"https:\/\/transregio96.webspace.tu-dresden.de\/index.php\/wp-json\/wp\/v2\/pages\/1682"}],"collection":[{"href":"https:\/\/transregio96.webspace.tu-dresden.de\/index.php\/wp-json\/wp\/v2\/pages"}],"about":[{"href":"https:\/\/transregio96.webspace.tu-dresden.de\/index.php\/wp-json\/wp\/v2\/types\/page"}],"author":[{"embeddable":true,"href":"https:\/\/transregio96.webspace.tu-dresden.de\/index.php\/wp-json\/wp\/v2\/users\/2"}],"replies":[{"embeddable":true,"href":"https:\/\/transregio96.webspace.tu-dresden.de\/index.php\/wp-json\/wp\/v2\/comments?post=1682"}],"version-history":[{"count":2,"href":"https:\/\/transregio96.webspace.tu-dresden.de\/index.php\/wp-json\/wp\/v2\/pages\/1682\/revisions"}],"predecessor-version":[{"id":3684,"href":"https:\/\/transregio96.webspace.tu-dresden.de\/index.php\/wp-json\/wp\/v2\/pages\/1682\/revisions\/3684"}],"up":[{"embeddable":true,"href":"https:\/\/transregio96.webspace.tu-dresden.de\/index.php\/wp-json\/wp\/v2\/pages\/361"}],"wp:attachment":[{"href":"https:\/\/transregio96.webspace.tu-dresden.de\/index.php\/wp-json\/wp\/v2\/media?parent=1682"}],"curies":[{"name":"wp","href":"https:\/\/api.w.org\/{rel}","templated":true}]}}