{"id":1694,"date":"2015-07-14T12:22:40","date_gmt":"2015-07-14T10:22:40","guid":{"rendered":"http:\/\/141.30.37.177\/SFBweb\/?page_id=1694"},"modified":"2021-02-26T12:06:31","modified_gmt":"2021-02-26T11:06:31","slug":"b04-exemplarische-parameteridentifikation-2","status":"publish","type":"page","link":"https:\/\/transregio96.webspace.tu-dresden.de\/index.php\/projektbereich-b\/b04-exemplarische-parameteridentifikation-2\/","title":{"rendered":"B04: Exemplarische Parameteridentifikation"},"content":{"rendered":"<h1>Identifikation von Modellparametern f\u00fcr exemplarisch streuende sowie zeitlich ver\u00e4nderliche thermische Maschineneigenschaften<\/h1>\n<h2>Teilprojektleiter<\/h2>\n<p>Prof. Dr.-Ing. Steffen Ihlenfeldt: TU Dresden, Institut f\u00fcr Mechatronischen Maschinenbau, Professur f\u00fcr Werkzeugmaschinenentwicklung und adaptive Steuerung<\/p>\n<p>Dr.-Ing. Arvid Hellmich: Fraunhofer IWU, Dresden<\/p>\n<p>B04 entwickelt Methoden und Werkzeuge zur effizienten Unterst\u00fctzung des Parameterabgleichs. Ein Schwerpunkt ist die Planung der Abgleichsversuche w\u00e4hrend der Inbetriebnahme. Dabei erfolgen Unsicherheitsanalysen zur Auswahl abzugleichender Parameter sowie der Entwurf zeitlich komprimierter und f\u00fcr die Achsbaugruppen der Maschinen parallelisierter Lastregimes zur Parameteranregung. Der zweite Schwerpunkt ist der Abgleich zeitver\u00e4nderlicher Parameter in der Betriebsphase. Dazu werden Messgr\u00f6\u00dfen, Messorte und Messzeitpunkte analysiert und es werden Methoden der Anregungsdetektion und Modellfehlerbewertung auf Eignung untersucht. Anschlie\u00dfend werden Methoden zur wirtschaftlichen Messung vorrangig basierend auf Steuerungsdaten erarbeitet.<\/p>\n","protected":false},"excerpt":{"rendered":"<p>Identifikation von Modellparametern f\u00fcr exemplarisch streuende sowie zeitlich ver\u00e4nderliche thermische Maschineneigenschaften Teilprojektleiter Prof. Dr.-Ing. Steffen Ihlenfeldt: TU Dresden, Institut f\u00fcr Mechatronischen Maschinenbau, Professur f\u00fcr Werkzeugmaschinenentwicklung und adaptive Steuerung Dr.-Ing. Arvid Hellmich: Fraunhofer IWU, Dresden B04 entwickelt Methoden und Werkzeuge zur effizienten Unterst\u00fctzung des Parameterabgleichs. Ein Schwerpunkt ist die Planung der Abgleichsversuche w\u00e4hrend der Inbetriebnahme. Dabei erfolgen<\/p>\n<p><a class=\"more-link\" href=\"https:\/\/transregio96.webspace.tu-dresden.de\/index.php\/projektbereich-b\/b04-exemplarische-parameteridentifikation-2\/\">Weiterlesen<\/a><\/p>\n","protected":false},"author":2,"featured_media":0,"parent":274,"menu_order":0,"comment_status":"closed","ping_status":"closed","template":"","meta":{"footnotes":""},"aioseo_notices":[],"_links":{"self":[{"href":"https:\/\/transregio96.webspace.tu-dresden.de\/index.php\/wp-json\/wp\/v2\/pages\/1694"}],"collection":[{"href":"https:\/\/transregio96.webspace.tu-dresden.de\/index.php\/wp-json\/wp\/v2\/pages"}],"about":[{"href":"https:\/\/transregio96.webspace.tu-dresden.de\/index.php\/wp-json\/wp\/v2\/types\/page"}],"author":[{"embeddable":true,"href":"https:\/\/transregio96.webspace.tu-dresden.de\/index.php\/wp-json\/wp\/v2\/users\/2"}],"replies":[{"embeddable":true,"href":"https:\/\/transregio96.webspace.tu-dresden.de\/index.php\/wp-json\/wp\/v2\/comments?post=1694"}],"version-history":[{"count":5,"href":"https:\/\/transregio96.webspace.tu-dresden.de\/index.php\/wp-json\/wp\/v2\/pages\/1694\/revisions"}],"predecessor-version":[{"id":4360,"href":"https:\/\/transregio96.webspace.tu-dresden.de\/index.php\/wp-json\/wp\/v2\/pages\/1694\/revisions\/4360"}],"up":[{"embeddable":true,"href":"https:\/\/transregio96.webspace.tu-dresden.de\/index.php\/wp-json\/wp\/v2\/pages\/274"}],"wp:attachment":[{"href":"https:\/\/transregio96.webspace.tu-dresden.de\/index.php\/wp-json\/wp\/v2\/media?parent=1694"}],"curies":[{"name":"wp","href":"https:\/\/api.w.org\/{rel}","templated":true}]}}