{"id":183,"date":"2012-09-09T08:21:53","date_gmt":"2012-09-09T06:21:53","guid":{"rendered":"http:\/\/141.30.37.177\/SFBweb\/?page_id=183"},"modified":"2020-08-14T15:02:26","modified_gmt":"2020-08-14T13:02:26","slug":"a02-energiemodell-fur-frasprozesse","status":"publish","type":"page","link":"https:\/\/transregio96.webspace.tu-dresden.de\/index.php\/thermo-energetische-gestaltung-von-werkzeugmaschinen\/a02-energiemodell-fur-frasprozesse\/","title":{"rendered":"A02: Energiemodell f\u00fcr Fr\u00e4sprozesse"},"content":{"rendered":"<h1>Modell und Methode zur Erfassung und Bilanzierung der in Fr\u00e4sprozessen unter K\u00fchlschmierstoffeinsatz und Werkzeugverschlei\u00df umgesetzten Energien<\/h1>\n<h2>Teilprojektleiter:<\/h2>\n<p>Prof. Dr.-Ing. Thomas Bergs, Dr.-Ing. Patrick Mattfeld: RWTH Aachen, Werkzeugmaschinenlabor, Lehrstuhl f\u00fcr Technologie der Fertigungsverfahren<\/p>\n<p>Bei der Fr\u00e4sbearbeitung wird die durch die Spanbildung aufgebrachte mechanische Energie nahezu vollst\u00e4ndig in W\u00e4rme umgesetzt. Dies f\u00fchrt zu einem direkten Eintrag von W\u00e4rme ins Werkzeug sowie dessen Halterung. Der resultierende Temperaturgradient kann zu einer thermischen Verschiebung der Werkzeugspitze und einem durch die thermomechanischen Belastungen erh\u00f6hten Werkzeugverschlei\u00df f\u00fchren und damit die Bearbeitungsgenauigkeit beeintr\u00e4chtigen. Um die im Prozess entstehende W\u00e4rme abzuf\u00fchren, werden heute in vielen F\u00e4llen K\u00fchlschmierstoffe eingesetzt. Ein zentrales Problem beim Einsatz von K\u00fchlschmierstoffen ist, dass die Wirkung der K\u00fchlschmierstoffzufuhr auf die Temperaturfelder im Werkzeug aufgrund ihrer zeitlichen und r\u00e4umlichen Komplexit\u00e4t nur eingeschr\u00e4nkt untersuchbar ist. Vor diesem Hintergrund werden in der 3. Phase das in der 2. Phase entwickelte Energiemodell um den Einfluss von K\u00fchlschmierstoff und Werkzeugverschlei\u00df erweitert. Ziel ist es, die Temperaturfelder im Werkzeug und die W\u00e4rmeflussverteilung im Prozess unter Ber\u00fccksichtigung der K\u00fchlschmierstoffwirkung vorherzusagen.<\/p>\n<p>Forschungsmethodisch finden entsprechend eines induktiv-deduktiven Ansatzes zun\u00e4chst Analogieversuche statt, um experimentell allgemein g\u00fcltige Aussagen bzw. Daten abzuleiten. Die Analogieversuche umfassen einen Leistendrehtest an einer Drehmaschine mit fortw\u00e4hrender Schnittunterbrechung unter K\u00fchlschmierung. Aus den experimentellen Daten werden sowohl ein numerisches als auch ein analytisches Modell entwickelt, um das Temperaturfeld und die W\u00e4rmestr\u00f6me abzubilden. Schlie\u00dflich werden die entwickelten Modelle in einem deduktiven Schritt an einem realen Fr\u00e4sprozess validiert.<\/p>\n<p><a href=\"http:\/\/141.76.19.93\/SFBweb\/wp-content\/uploads\/2019\/08\/A02.png\"><img loading=\"lazy\" decoding=\"async\" class=\"alignnone wp-image-3745 size-medium\" src=\"http:\/\/141.76.19.93\/SFBweb\/wp-content\/uploads\/2019\/08\/A02-300x197.png\" alt=\"Abbildung A02: Energiemodell f\u00fcr Fr\u00e4sprozesse\" width=\"300\" height=\"197\" srcset=\"https:\/\/transregio96.webspace.tu-dresden.de\/wp-content\/uploads\/2019\/08\/A02-300x197.png 300w, https:\/\/transregio96.webspace.tu-dresden.de\/wp-content\/uploads\/2019\/08\/A02-768x505.png 768w, https:\/\/transregio96.webspace.tu-dresden.de\/wp-content\/uploads\/2019\/08\/A02-1024x673.png 1024w, https:\/\/transregio96.webspace.tu-dresden.de\/wp-content\/uploads\/2019\/08\/A02-457x300.png 457w\" sizes=\"(max-width: 300px) 100vw, 300px\" \/><\/a><\/p>\n","protected":false},"excerpt":{"rendered":"<p>Modell und Methode zur Erfassung und Bilanzierung der in Fr\u00e4sprozessen unter K\u00fchlschmierstoffeinsatz und Werkzeugverschlei\u00df umgesetzten Energien Teilprojektleiter: Prof. Dr.-Ing. Thomas Bergs, Dr.-Ing. Patrick Mattfeld: RWTH Aachen, Werkzeugmaschinenlabor, Lehrstuhl f\u00fcr Technologie der Fertigungsverfahren Bei der Fr\u00e4sbearbeitung wird die durch die Spanbildung aufgebrachte mechanische Energie nahezu vollst\u00e4ndig in W\u00e4rme umgesetzt. Dies f\u00fchrt zu einem direkten Eintrag von W\u00e4rme<\/p>\n<p><a class=\"more-link\" href=\"https:\/\/transregio96.webspace.tu-dresden.de\/index.php\/thermo-energetische-gestaltung-von-werkzeugmaschinen\/a02-energiemodell-fur-frasprozesse\/\">Weiterlesen<\/a><\/p>\n","protected":false},"author":2,"featured_media":0,"parent":168,"menu_order":0,"comment_status":"closed","ping_status":"closed","template":"","meta":{"footnotes":""},"aioseo_notices":[],"_links":{"self":[{"href":"https:\/\/transregio96.webspace.tu-dresden.de\/index.php\/wp-json\/wp\/v2\/pages\/183"}],"collection":[{"href":"https:\/\/transregio96.webspace.tu-dresden.de\/index.php\/wp-json\/wp\/v2\/pages"}],"about":[{"href":"https:\/\/transregio96.webspace.tu-dresden.de\/index.php\/wp-json\/wp\/v2\/types\/page"}],"author":[{"embeddable":true,"href":"https:\/\/transregio96.webspace.tu-dresden.de\/index.php\/wp-json\/wp\/v2\/users\/2"}],"replies":[{"embeddable":true,"href":"https:\/\/transregio96.webspace.tu-dresden.de\/index.php\/wp-json\/wp\/v2\/comments?post=183"}],"version-history":[{"count":8,"href":"https:\/\/transregio96.webspace.tu-dresden.de\/index.php\/wp-json\/wp\/v2\/pages\/183\/revisions"}],"predecessor-version":[{"id":4164,"href":"https:\/\/transregio96.webspace.tu-dresden.de\/index.php\/wp-json\/wp\/v2\/pages\/183\/revisions\/4164"}],"up":[{"embeddable":true,"href":"https:\/\/transregio96.webspace.tu-dresden.de\/index.php\/wp-json\/wp\/v2\/pages\/168"}],"wp:attachment":[{"href":"https:\/\/transregio96.webspace.tu-dresden.de\/index.php\/wp-json\/wp\/v2\/media?parent=183"}],"curies":[{"name":"wp","href":"https:\/\/api.w.org\/{rel}","templated":true}]}}