{"id":1887,"date":"2015-07-21T12:03:01","date_gmt":"2015-07-21T10:03:01","guid":{"rendered":"http:\/\/141.30.37.177\/SFBweb\/?page_id=1887"},"modified":"2021-06-15T12:55:54","modified_gmt":"2021-06-15T10:55:54","slug":"c05","status":"publish","type":"page","link":"https:\/\/transregio96.webspace.tu-dresden.de\/index.php\/projektbereich-c-komponenten-und-maschinengestaltung\/c05\/","title":{"rendered":"C05: Bewertung"},"content":{"rendered":"<h1>Modellgest\u00fctzte Methode zur Bewertung der L\u00f6sungsvarianten in Planung und Realisierung insbesondere unter thermo-energetischen, qualitativen und wirtschaftlichen Aspekten<\/h1>\n<h2>Teilprojektleiter<\/h2>\n<p>Prof. Dr. rer. pol. Werner Esswein: TU Dresden, Lehrstuhl f\u00fcr Wirtschaftsinformatik insb. Systementwicklung<br \/>\nDr. Hajo Wiemer: TU Dresden, Institut f\u00fcr Mechatronischen Maschinenbau, Professur f\u00fcr Werkzeugmaschinenentwicklung und adaptive Steuerung<\/p>\n<p>Das Ziel des Projekts C05 ist, die L\u00f6sungsverfahren des SFB\/TR96 unter thermo-energetischen, qualitativen und wirtschaftlichen Aspekten zu bewerten. Durch semistrukturierte Experteninterviews wurden f\u00fcr jede L\u00f6sung das Funktionsprinzip, die Voraussetzungen, ben\u00f6tigte Ressourcen und die Arbeitsschritte zur Umsetzung erfasst und kategorisiert. Auf Basis dieser Systematisierung ist es m\u00f6glich, die grundlegend unterschiedlichen Methoden zu charakterisieren und hinsichtlich ihres Implementierungsaufwandes und ihrer Flexibilit\u00e4t zu bewerten. Die Wirkung und Effektivit\u00e4t der L\u00f6sungsverfahren wird durch die exemplarische Messung der thermisch induzierten Verlagerung des TCP und des Energieverbrauchs ausgew\u00e4hlter Maschinen mit und ohne Anwendung der einzelnen L\u00f6sungsverfahren ermittelt. Als Messmittel der TCP-Verlagerung dient ein, in den vorangegangenen Phasen entwickeltes, Pr\u00fcfwerkst\u00fcck zur Ermittlung thermisch bedingter Verlagerungen. Die Belastung der Maschinen erfolgt durch realit\u00e4tsnahe Lastszenarien, die aus repr\u00e4sentativen Bearbeitungssituationen abgeleitet worden. Im Ergebnis lassen sich die entwickelten L\u00f6sungsverfahren hinsichtlich Aufwand und Nutzen direkt vergleichen. Auf Basis der Charakterisierung wird das Langzeitverhalten der L\u00f6sungen abgesch\u00e4tzt und wirkungsvolle Kombinationen verschiedener L\u00f6sungen werden identifiziert. Die Ergebnisse werden im eigens entwickelten Dokumentations- und Assistenzsystem DOCASYS erfasst. \u00dcber ein Empfehlungssystem haben potentielle Anwender zuk\u00fcnftig die M\u00f6glichkeit, f\u00fcr Ihre industriellen Anwendungen geeignete L\u00f6sungen auszuw\u00e4hlen und den Aufwand f\u00fcr deren Implementierung im praktischen Betrieb abzusch\u00e4tzen.<\/p>\n","protected":false},"excerpt":{"rendered":"<p>Modellgest\u00fctzte Methode zur Bewertung der L\u00f6sungsvarianten in Planung und Realisierung insbesondere unter thermo-energetischen, qualitativen und wirtschaftlichen Aspekten Teilprojektleiter Prof. Dr. rer. pol. Werner Esswein: TU Dresden, Lehrstuhl f\u00fcr Wirtschaftsinformatik insb. Systementwicklung Dr. Hajo Wiemer: TU Dresden, Institut f\u00fcr Mechatronischen Maschinenbau, Professur f\u00fcr Werkzeugmaschinenentwicklung und adaptive Steuerung Das Ziel des Projekts C05 ist, die L\u00f6sungsverfahren des SFB\/TR96<\/p>\n<p><a class=\"more-link\" href=\"https:\/\/transregio96.webspace.tu-dresden.de\/index.php\/projektbereich-c-komponenten-und-maschinengestaltung\/c05\/\">Weiterlesen<\/a><\/p>\n","protected":false},"author":2,"featured_media":0,"parent":361,"menu_order":0,"comment_status":"closed","ping_status":"closed","template":"","meta":{"footnotes":""},"aioseo_notices":[],"_links":{"self":[{"href":"https:\/\/transregio96.webspace.tu-dresden.de\/index.php\/wp-json\/wp\/v2\/pages\/1887"}],"collection":[{"href":"https:\/\/transregio96.webspace.tu-dresden.de\/index.php\/wp-json\/wp\/v2\/pages"}],"about":[{"href":"https:\/\/transregio96.webspace.tu-dresden.de\/index.php\/wp-json\/wp\/v2\/types\/page"}],"author":[{"embeddable":true,"href":"https:\/\/transregio96.webspace.tu-dresden.de\/index.php\/wp-json\/wp\/v2\/users\/2"}],"replies":[{"embeddable":true,"href":"https:\/\/transregio96.webspace.tu-dresden.de\/index.php\/wp-json\/wp\/v2\/comments?post=1887"}],"version-history":[{"count":3,"href":"https:\/\/transregio96.webspace.tu-dresden.de\/index.php\/wp-json\/wp\/v2\/pages\/1887\/revisions"}],"predecessor-version":[{"id":4457,"href":"https:\/\/transregio96.webspace.tu-dresden.de\/index.php\/wp-json\/wp\/v2\/pages\/1887\/revisions\/4457"}],"up":[{"embeddable":true,"href":"https:\/\/transregio96.webspace.tu-dresden.de\/index.php\/wp-json\/wp\/v2\/pages\/361"}],"wp:attachment":[{"href":"https:\/\/transregio96.webspace.tu-dresden.de\/index.php\/wp-json\/wp\/v2\/media?parent=1887"}],"curies":[{"name":"wp","href":"https:\/\/api.w.org\/{rel}","templated":true}]}}