{"id":1917,"date":"2015-08-14T14:15:00","date_gmt":"2015-08-14T12:15:00","guid":{"rendered":"http:\/\/141.30.37.177\/SFBweb\/?page_id=1917"},"modified":"2019-07-17T16:48:19","modified_gmt":"2019-07-17T14:48:19","slug":"a01-werkzeug-und-spannmittelverformung-2","status":"publish","type":"page","link":"https:\/\/transregio96.webspace.tu-dresden.de\/index.php\/thermo-energetische-gestaltung-von-werkzeugmaschinen\/a01-werkzeug-und-spannmittelverformung-2\/","title":{"rendered":"A01: Werkzeug- und  Spannmittelverformung"},"content":{"rendered":"<h1>Modellgest\u00fctzte Beschreibung der thermo-energetischen Wirkungen in spanenden Werkzeugen und Werkst\u00fcckspannvorrichtungen und der gezielten Beeinflussung von Schneiden- und Bauteilverlagerungen mit dem Ziel der Optimierung und Kompensation<\/h1>\n<h2>Teilprojektleiter<\/h2>\n<p>Prof. Dr.-Ing. Matthias Putz; Dr.-Ing. Joachim Regel: TU Chemnitz, Institut f\u00fcr Werkzeugmaschinen und Produktionsprozesse<\/p>\n<p>Das TP A01 konzentriert sich auf L\u00f6sungsstrategien zur Kompensation und Korrektur des radialen und axialen thermischen Werkzeugfehlers unter Ber\u00fccksichtigung des Einflusses verschiedenartiger K\u00fchlstrategien. Die in Phase 2 entwickelten Modelle werden dazu, mit dem Ziel thermische Charakteristiken zu identifizieren, erweitert. Mit diesen Ergebnissen und einer taktilen Temperatursensorik wird eine echtzeitf\u00e4hige Korrekturmethode entwickelt und an realen Zerspanungsprozessen erprobt. Erg\u00e4nzend dazu wird die Positions\u00e4nderung des Werkst\u00fccks aufgrund der thermischen Vorrichtungsverformung untersucht.<\/p>\n","protected":false},"excerpt":{"rendered":"<p>Modellgest\u00fctzte Beschreibung der thermo-energetischen Wirkungen in spanenden Werkzeugen und Werkst\u00fcckspannvorrichtungen und der gezielten Beeinflussung von Schneiden- und Bauteilverlagerungen mit dem Ziel der Optimierung und Kompensation Teilprojektleiter Prof. Dr.-Ing. Matthias Putz; Dr.-Ing. Joachim Regel: TU Chemnitz, Institut f\u00fcr Werkzeugmaschinen und Produktionsprozesse Das TP A01 konzentriert sich auf L\u00f6sungsstrategien zur Kompensation und Korrektur des radialen und axialen thermischen<\/p>\n<p><a class=\"more-link\" href=\"https:\/\/transregio96.webspace.tu-dresden.de\/index.php\/thermo-energetische-gestaltung-von-werkzeugmaschinen\/a01-werkzeug-und-spannmittelverformung-2\/\">Weiterlesen<\/a><\/p>\n","protected":false},"author":2,"featured_media":0,"parent":168,"menu_order":0,"comment_status":"closed","ping_status":"closed","template":"sidebar-page.php","meta":{"footnotes":""},"aioseo_notices":[],"_links":{"self":[{"href":"https:\/\/transregio96.webspace.tu-dresden.de\/index.php\/wp-json\/wp\/v2\/pages\/1917"}],"collection":[{"href":"https:\/\/transregio96.webspace.tu-dresden.de\/index.php\/wp-json\/wp\/v2\/pages"}],"about":[{"href":"https:\/\/transregio96.webspace.tu-dresden.de\/index.php\/wp-json\/wp\/v2\/types\/page"}],"author":[{"embeddable":true,"href":"https:\/\/transregio96.webspace.tu-dresden.de\/index.php\/wp-json\/wp\/v2\/users\/2"}],"replies":[{"embeddable":true,"href":"https:\/\/transregio96.webspace.tu-dresden.de\/index.php\/wp-json\/wp\/v2\/comments?post=1917"}],"version-history":[{"count":3,"href":"https:\/\/transregio96.webspace.tu-dresden.de\/index.php\/wp-json\/wp\/v2\/pages\/1917\/revisions"}],"predecessor-version":[{"id":3664,"href":"https:\/\/transregio96.webspace.tu-dresden.de\/index.php\/wp-json\/wp\/v2\/pages\/1917\/revisions\/3664"}],"up":[{"embeddable":true,"href":"https:\/\/transregio96.webspace.tu-dresden.de\/index.php\/wp-json\/wp\/v2\/pages\/168"}],"wp:attachment":[{"href":"https:\/\/transregio96.webspace.tu-dresden.de\/index.php\/wp-json\/wp\/v2\/media?parent=1917"}],"curies":[{"name":"wp","href":"https:\/\/api.w.org\/{rel}","templated":true}]}}