{"id":263,"date":"2012-09-09T10:13:08","date_gmt":"2012-09-09T10:13:08","guid":{"rendered":"http:\/\/141.30.37.177\/SFBweb\/?page_id=263"},"modified":"2019-07-02T15:26:47","modified_gmt":"2019-07-02T13:26:47","slug":"ziele","status":"publish","type":"page","link":"https:\/\/transregio96.webspace.tu-dresden.de\/index.php\/forschungsprofil\/ziele\/","title":{"rendered":"Ziele f\u00fcr Phase 3"},"content":{"rendered":"<p>In Phase 3 (Demonstrationsphase) wird die Gesamtmaschine in den Fokus genommen. Auf Basis der Untersuchungen an einfachen Teil- und Gesamtmodellen werden Korrektur- und Kompensationsl\u00f6sungen f\u00fcr die Gesamtmaschine unter den Bedingungen des realen Betriebs erweitert. Hieraus ergeben sich neue wissenschaftliche Herausforderungen durch eine Vielzahl zu ber\u00fccksichtigender Unsicherheiten und Parameterschwankungen. Die Modelle m\u00fcssen hierf\u00fcr erweitert und neue L\u00f6sungen f\u00fcr die Beherrschung von variablen Betriebsbedingungen wie eine Online-Identifikation entwickelt werden.<\/p>\n<p>Der Forschungsgegenstand wird auf reale Betriebsszenarien erweitert und die Forschungsarbeit auf Basis der Demonstratormaschinen im SFB\/TR 96 fortgesetzt. Ausgehend von den Ergebnissen in Phase 2 und den formulierten Zielen f\u00fcr die Demonstrationsphase sind in Phase 3 folgende inhaltlichen und methodischen Her-ausforderungen zu bew\u00e4ltigen:<\/p>\n<ul>\n<li>detailliertere Beschreibung der instation\u00e4ren Temperaturverteilung durch Ber\u00fccksichtigung von Prozessdaten, Materialeigenschaften und einer gr\u00f6\u00dferen Anzahl von Baugruppen, angepasst an die Anforderungen der Entwurfsphase (verallgemeinerte Lastdaten) und die Betriebsphase (Echtzeitdaten)<\/li>\n<li>Ber\u00fccksichtigung von exemplarischen oder in der Betriebsdauer schwankenden Parametern als Verursacher verbleibender Abweichungen zwischen Simulation und Messung durch Modellweiterentwicklung, z.B. L\u00f6sungen f\u00fcr das Nachf\u00fchren von Modellen und online-Modell\u00fcberwachung<\/li>\n<li>Bew\u00e4ltigung wachsender Komplexit\u00e4t (z. B. Positionsabh\u00e4ngigkeit von thermischen Effekten, \u2026) und Ber\u00fccksichtigung weiterer Einflussgr\u00f6\u00dfen (z. B. KSS, Sp\u00e4ne) bei der Modellierung<\/li>\n<li>Analyse der Wechselwirkungen zwischen verschiedenen maschineninternen Einfl\u00fcssen (Prozess sowie Fluid-, Antriebs- und Bewegungssysteme) sowie der Wechselwirkung mit thermischen Umgebungseinfl\u00fcssen auf die Maschine<\/li>\n<li>Methoden zur Nutzung von Steuerungsinformationen (NC-Programm) zur positiven Beeinflussung des Temperaturfeldes durch Kompensationsl\u00f6sungen<\/li>\n<\/ul>\n<p>F\u00fcr die \u00dcbertragung auf reale Bedingungen werden Einsatzszenarien definiert, die typische Anwendungs- und Betriebsbedingungen abbilden und die die Analyse und Bewertung der Wirkung konkreter Korrektur- und Kompensationsma\u00dfnahmen am TCP in der Entwurfsphase und im realen Betrieb erlauben.<\/p>\n<p>Die Aspekte unterschiedlicher Einsatzbedingungen finden auch Eingang in die Methoden zur ganzheitlichen Bewertung der L\u00f6sungsvarianten. Die Beschreibung und Beurteilung der L\u00f6sungsvarianten umfassen zunehmend die Erprobung in den Gesamtmaschinen (Demonstratormaschinen), nachdem in vorangegangenen Phasen Experimente und Integrationsobjekte f\u00fcr deren Entwicklung im Mittelpunkt standen.<\/p>\n<p>Zur Ber\u00fccksichtigung beschreibbarer Parameterschwankungen erweitert der SFB\/TR 96 in Phase 3 seine Forschungsarbeiten. Lebensdauerbetrachtungen, insbesondere Analyse von Werkzeugverschlei\u00df, der Einfluss von KSS und von Sp\u00e4nen im Arbeitsraum sowie ein sich \u00e4nderndes Temperaturfeld sind Gegenstand von Untersuchungen. Grundlagen dazu wurden durch zus\u00e4tzliche Forschungsarbeiten auf Basis der pauschalen Mittel geschaffen. Unter dem Gesichtspunkt realer Szenarien und ihres stochastischen Einflusses spielt die Behandlung der KSS in mehreren TP eine Rolle, sodass zum Ende von Phase 3 durch die konzertierte Arbeit an dieser Frage noch ein entscheidender Erkenntnisgewinn erwartet wird.<\/p>\n<p>Des Weiteren werden auch die in Phase 1 und 2 entwickelten Modelle hinsichtlich der Ber\u00fccksichtigung nicht-linearer Zusammenh\u00e4nge und transienter Aspekte weiterentwickelt. Analog wird die eingesetzte Messtechnik f\u00fcr die Erfassung von Temperaturen und Verformungen hinsichtlich einer gr\u00f6\u00dferen Stabilit\u00e4t gegen\u00fcber von Umwelteinfl\u00fcssen ert\u00fcchtigt.<\/p>\n","protected":false},"excerpt":{"rendered":"<p>In Phase 3 (Demonstrationsphase) wird die Gesamtmaschine in den Fokus genommen. Auf Basis der Untersuchungen an einfachen Teil- und Gesamtmodellen werden Korrektur- und Kompensationsl\u00f6sungen f\u00fcr die Gesamtmaschine unter den Bedingungen des realen Betriebs erweitert. Hieraus ergeben sich neue wissenschaftliche Herausforderungen durch eine Vielzahl zu ber\u00fccksichtigender Unsicherheiten und Parameterschwankungen. Die Modelle m\u00fcssen hierf\u00fcr erweitert und neue L\u00f6sungen<\/p>\n<p><a class=\"more-link\" href=\"https:\/\/transregio96.webspace.tu-dresden.de\/index.php\/forschungsprofil\/ziele\/\">Weiterlesen<\/a><\/p>\n","protected":false},"author":2,"featured_media":0,"parent":261,"menu_order":0,"comment_status":"closed","ping_status":"closed","template":"sidebar-page.php","meta":{"footnotes":""},"aioseo_notices":[],"_links":{"self":[{"href":"https:\/\/transregio96.webspace.tu-dresden.de\/index.php\/wp-json\/wp\/v2\/pages\/263"}],"collection":[{"href":"https:\/\/transregio96.webspace.tu-dresden.de\/index.php\/wp-json\/wp\/v2\/pages"}],"about":[{"href":"https:\/\/transregio96.webspace.tu-dresden.de\/index.php\/wp-json\/wp\/v2\/types\/page"}],"author":[{"embeddable":true,"href":"https:\/\/transregio96.webspace.tu-dresden.de\/index.php\/wp-json\/wp\/v2\/users\/2"}],"replies":[{"embeddable":true,"href":"https:\/\/transregio96.webspace.tu-dresden.de\/index.php\/wp-json\/wp\/v2\/comments?post=263"}],"version-history":[{"count":3,"href":"https:\/\/transregio96.webspace.tu-dresden.de\/index.php\/wp-json\/wp\/v2\/pages\/263\/revisions"}],"predecessor-version":[{"id":3420,"href":"https:\/\/transregio96.webspace.tu-dresden.de\/index.php\/wp-json\/wp\/v2\/pages\/263\/revisions\/3420"}],"up":[{"embeddable":true,"href":"https:\/\/transregio96.webspace.tu-dresden.de\/index.php\/wp-json\/wp\/v2\/pages\/261"}],"wp:attachment":[{"href":"https:\/\/transregio96.webspace.tu-dresden.de\/index.php\/wp-json\/wp\/v2\/media?parent=263"}],"curies":[{"name":"wp","href":"https:\/\/api.w.org\/{rel}","templated":true}]}}