{"id":266,"date":"2012-09-09T10:15:27","date_gmt":"2012-09-09T10:15:27","guid":{"rendered":"http:\/\/141.30.37.177\/SFBweb\/?page_id=266"},"modified":"2021-06-30T12:29:38","modified_gmt":"2021-06-30T10:29:38","slug":"forschungsprogramm","status":"publish","type":"page","link":"https:\/\/transregio96.webspace.tu-dresden.de\/index.php\/forschungsprofil\/forschungsprogramm\/","title":{"rendered":"Forschungsprogramm"},"content":{"rendered":"<p><a href=\"https:\/\/transregio96.webspace.tu-dresden.de\/index.php\/forschungsprofil\/forschungsprogramm\/forschungsprofil-002\/\" rel=\"attachment wp-att-4463\"><img loading=\"lazy\" decoding=\"async\" class=\"alignnone wp-image-4463\" title=\"bild vom forschungsprofil\" src=\"https:\/\/transregio96.webspace.tu-dresden.de\/wp-content\/uploads\/2021\/06\/Forschungsprofil-002-300x124.png\" alt=\"bild vom forschungsprofil\" width=\"997\" height=\"412\" srcset=\"https:\/\/transregio96.webspace.tu-dresden.de\/wp-content\/uploads\/2021\/06\/Forschungsprofil-002-300x124.png 300w, https:\/\/transregio96.webspace.tu-dresden.de\/wp-content\/uploads\/2021\/06\/Forschungsprofil-002-1024x424.png 1024w, https:\/\/transregio96.webspace.tu-dresden.de\/wp-content\/uploads\/2021\/06\/Forschungsprofil-002-768x318.png 768w, https:\/\/transregio96.webspace.tu-dresden.de\/wp-content\/uploads\/2021\/06\/Forschungsprofil-002-800x331.png 800w, https:\/\/transregio96.webspace.tu-dresden.de\/wp-content\/uploads\/2021\/06\/Forschungsprofil-002.png 1162w\" sizes=\"(max-width: 997px) 100vw, 997px\" \/><\/a><\/p>\n<p>&nbsp;<\/p>\n<p>Der SFB\/TR 96 hat einen Teil der pauschalen Mittel in der Phase 2 und in der Phase 3 f\u00fcr zus\u00e4tzliche Forschungsarbeiten eingesetzt.<\/p>\n<p>In Phase 2 lag der Fokus auf dem Einsatzes von K\u00fchlschmierstoff und dessen Wirkung auf die thermischen Bedingungen in der Werkzeugmaschine. In Phase 3 k\u00f6nnen sich die Teilprojekte mit einer innovativen Idee um pauschale Mittel f\u00fcr Forschungsarbeiten bewerben. Das Spektrum der eingereichten Ideen reicht sehr weit.\u00a0 Der Vorstand w\u00e4hlte einerseits Ideen aus, die die Ergebnisse des SFB\/TR 96 aufgreifen und noch offene Fragen f\u00fcr den Praxiseinsatz beantworten. Andererseits werden Fragestellungen bearbeitet, die auf aktuelle Entwicklungen in der Forschung reagieren. Exemplarisch ist hier das Thema der k\u00fcnstlichen Intelligenz zu nennen. Die bearbeitenden Teilprojekte berichteten jeweils zu ihren Ergebnissen in den Vollversammlungen des SFB\/TR 96.<\/p>\n","protected":false},"excerpt":{"rendered":"<p>&nbsp; Der SFB\/TR 96 hat einen Teil der pauschalen Mittel in der Phase 2 und in der Phase 3 f\u00fcr zus\u00e4tzliche Forschungsarbeiten eingesetzt. In Phase 2 lag der Fokus auf dem Einsatzes von K\u00fchlschmierstoff und dessen Wirkung auf die thermischen Bedingungen in der Werkzeugmaschine. In Phase 3 k\u00f6nnen sich die Teilprojekte mit einer innovativen Idee um<\/p>\n<p><a class=\"more-link\" href=\"https:\/\/transregio96.webspace.tu-dresden.de\/index.php\/forschungsprofil\/forschungsprogramm\/\">Weiterlesen<\/a><\/p>\n","protected":false},"author":2,"featured_media":0,"parent":261,"menu_order":1,"comment_status":"closed","ping_status":"closed","template":"","meta":{"footnotes":""},"aioseo_notices":[],"_links":{"self":[{"href":"https:\/\/transregio96.webspace.tu-dresden.de\/index.php\/wp-json\/wp\/v2\/pages\/266"}],"collection":[{"href":"https:\/\/transregio96.webspace.tu-dresden.de\/index.php\/wp-json\/wp\/v2\/pages"}],"about":[{"href":"https:\/\/transregio96.webspace.tu-dresden.de\/index.php\/wp-json\/wp\/v2\/types\/page"}],"author":[{"embeddable":true,"href":"https:\/\/transregio96.webspace.tu-dresden.de\/index.php\/wp-json\/wp\/v2\/users\/2"}],"replies":[{"embeddable":true,"href":"https:\/\/transregio96.webspace.tu-dresden.de\/index.php\/wp-json\/wp\/v2\/comments?post=266"}],"version-history":[{"count":10,"href":"https:\/\/transregio96.webspace.tu-dresden.de\/index.php\/wp-json\/wp\/v2\/pages\/266\/revisions"}],"predecessor-version":[{"id":4520,"href":"https:\/\/transregio96.webspace.tu-dresden.de\/index.php\/wp-json\/wp\/v2\/pages\/266\/revisions\/4520"}],"up":[{"embeddable":true,"href":"https:\/\/transregio96.webspace.tu-dresden.de\/index.php\/wp-json\/wp\/v2\/pages\/261"}],"wp:attachment":[{"href":"https:\/\/transregio96.webspace.tu-dresden.de\/index.php\/wp-json\/wp\/v2\/media?parent=266"}],"curies":[{"name":"wp","href":"https:\/\/api.w.org\/{rel}","templated":true}]}}