{"id":274,"date":"2012-09-09T12:09:04","date_gmt":"2012-09-09T10:09:04","guid":{"rendered":"http:\/\/141.30.37.177\/SFBweb\/?page_id=274"},"modified":"2023-09-27T14:23:25","modified_gmt":"2023-09-27T12:23:25","slug":"projektbereich-b","status":"publish","type":"page","link":"https:\/\/transregio96.webspace.tu-dresden.de\/index.php\/projektbereich-b\/","title":{"rendered":"Projektbereich B: Parametrierung und Korrektur"},"content":{"rendered":"<div class=\"su-row\"><div class=\"su-column su-column-size-2-3\"><div class=\"su-column-inner su-u-clearfix su-u-trim\">\n<p>Der Projektbereich B b\u00fcndelt die Arbeiten zu Einflussfaktoren wie W\u00e4rme\u00fcberg\u00e4nge und Betriebsdauer auf das thermo-elastische Verhalten, zur Parametrierung der Modelle und zu den modellgest\u00fctzten Korrekturverfahren. Es werden Korrektur- und Parametrierungsverfahren mit verschiedenen L\u00f6sungsans\u00e4tzen betrachtet, die unterschiedlich gut f\u00fcr spezifische Betriebsbedingungen, z. B. Klein- oder Gro\u00dfserienfertigung geeignet sind.<\/p>\n<h3>Projektbereichsverantwortlicher:<\/h3>\n<p>Prof. Dr.-Ing. Christian Brecher<br \/>\nRWTH Aachen, Lehrstuhl f\u00fcr Werkzeugmaschinen, Werkzeugmaschinenlabor<\/p>\n<h3>Teilprojekte:<\/h3>\n<ul>\n<li><strong>B01<\/strong> (Phase 1): Modellierung der thermischen Wechselwirkung zwischen Umgebung und Maschine<br \/>\nNeugebauer: Fraunhofer IWU Chemnitz<\/li>\n<\/ul>\n<ul>\n<li><strong>B02<\/strong>: Bestimmung und Modellierung der W\u00e4rme\u00fcbergangsmechanismen zwischen den Maschinenkomponenten<br \/>\nKneer: RWTH Aachen, Lehrstuhl f\u00fcr W\u00e4rme- und Stoff\u00fcbertragung<\/li>\n<\/ul>\n<ul>\n<li><strong>B03<\/strong>: Komponenten- und Baugruppenuntersuchung<br \/>\nBrecher: RWTH Aachen, Werkzeugmaschinenlabor, Forschungsbereich Werkzeugmaschinen<\/li>\n<\/ul>\n<ul>\n<li><strong>B04<\/strong>: Identifikation von Modellparametern f\u00fcr exemplarisch streuende sowie zeitlich ver\u00e4nderliche thermische Maschineneigenschaften<br \/>\nKauschinger: TU Dresden, Institut f\u00fcr Mechatronischen Maschinenbau, Professur f\u00fcr Werkzeugmaschinenentwicklung und adaptive Steuerung<br \/>\nHellmich: Fraunhofer Institut f\u00fcr Werkzeugmaschinen und Umformtechnik IWU, Dresden<\/li>\n<\/ul>\n<ul>\n<li><strong>B05<\/strong> (Phase 1):Korrekturalgorithmen und h\u00f6herdimensionale Kennfelder<br \/>\nHerzog: TU Chemnitz, Professur Numerische Mathematik (Partielle Differentialgleichungen)<br \/>\nPriber: Fraunhofer IWU Chemnitz<\/li>\n<\/ul>\n<ul>\n<li><strong>B06<\/strong>: Eigenschaftsmodellbasierte Korrektur lastabh\u00e4ngiger Strukturverformungen<br \/>\nBrecher: RWTH Aachen, Werkzeugmaschinenlabor, Lehrstuhl f\u00fcr Werkzeugmaschinen<\/li>\n<\/ul>\n<ul>\n<li><strong>B07<\/strong>: Strukturmodellbasierte Korrektur thermo-elastischer Fehler an Werkzeugmaschinen<br \/>\nKauschinger TU Dresden, Institut f\u00fcr Mechatronischen Maschinenbau, Professur f\u00fcr Werkzeugmaschinenentwicklung und adaptive Steuerung<br \/>\nFetzer: TU Dresden, Institut f\u00fcr Systemarchitektur, Lehrstuhl f\u00fcr Systems Engineering (SE)<\/li>\n<\/ul>\n<ul>\n<li><strong>B08<\/strong>:Modellpr\u00e4dikative Parameter- und Zustandssch\u00e4tzung und optimale Sensorplatzierung<br \/>\nHerzog: TU Chemnitz, Professur Numerische Mathematik (Partielle Differentialgleichungen)<br \/>\nStoll:TU Chemnitz, Professur Wissenschaftliches Rechnen<br \/>\n<em>Dieses Teilprojekt wurde aufgrund von Ergebnissen des Teilprojektes B05 aus Phase 1 neu konzipiert und in Phase 3 erweitert<br \/>\n<\/em><\/li>\n<\/ul>\n<ul>\n<li><strong>B09<\/strong>: Parametrierung und kennfeldbasierte Korrektur<br \/>\nGl\u00e4nzel, Putz: Fraunhofer Institut f\u00fcr Werkzeugmaschinen und Umformtechnik (IWU)<br \/>\n<em>Dieses Teilprojekt wurde ab Phase 2 neu konzipiert und fasst Teile aus den Teilprojekten B01 und B05 zusammen.<\/em><\/li>\n<\/ul>\n<ul>\n<li><strong>B10<\/strong>: Steuerungsdatengespeiste Vorw\u00e4rtsbeeinflussung des Temperaturfeldes einer Werkzeugmaschine<br \/>\nIhlenfeldt: TU Dresden, Institut f\u00fcr Mechatronischen Maschinenbau, Professur f\u00fcr Werkzeugmaschinenentwicklung und adaptive Steuerung<br \/>\n<em>Dieses Teilprojekt wurde ab Phase 3 neu bewilligt.<\/div><\/div>\u00a0<\/em><\/li>\n<\/ul>\n<div class=\"su-column su-column-size-1-3\"><div class=\"su-column-inner su-u-clearfix su-u-trim\"><a href=\"http:\/\/141.76.19.93\/SFBweb\/wp-content\/uploads\/2019\/07\/BereichB.png\"><img loading=\"lazy\" decoding=\"async\" class=\"aligncenter wp-image-3467 size-medium\" src=\"http:\/\/141.76.19.93\/SFBweb\/wp-content\/uploads\/2019\/07\/BereichB-300x218.png\" alt=\"Illustration Projektbereich B: Parametrierung und Korrektur\" width=\"300\" height=\"218\" srcset=\"https:\/\/transregio96.webspace.tu-dresden.de\/wp-content\/uploads\/2019\/07\/BereichB-300x218.png 300w, https:\/\/transregio96.webspace.tu-dresden.de\/wp-content\/uploads\/2019\/07\/BereichB-413x300.png 413w, https:\/\/transregio96.webspace.tu-dresden.de\/wp-content\/uploads\/2019\/07\/BereichB.png 642w\" sizes=\"(max-width: 300px) 100vw, 300px\" \/><\/a><\/div><\/div><\/div>\n","protected":false},"excerpt":{"rendered":"","protected":false},"author":2,"featured_media":0,"parent":0,"menu_order":6,"comment_status":"closed","ping_status":"closed","template":"","meta":{"footnotes":""},"aioseo_notices":[],"_links":{"self":[{"href":"https:\/\/transregio96.webspace.tu-dresden.de\/index.php\/wp-json\/wp\/v2\/pages\/274"}],"collection":[{"href":"https:\/\/transregio96.webspace.tu-dresden.de\/index.php\/wp-json\/wp\/v2\/pages"}],"about":[{"href":"https:\/\/transregio96.webspace.tu-dresden.de\/index.php\/wp-json\/wp\/v2\/types\/page"}],"author":[{"embeddable":true,"href":"https:\/\/transregio96.webspace.tu-dresden.de\/index.php\/wp-json\/wp\/v2\/users\/2"}],"replies":[{"embeddable":true,"href":"https:\/\/transregio96.webspace.tu-dresden.de\/index.php\/wp-json\/wp\/v2\/comments?post=274"}],"version-history":[{"count":11,"href":"https:\/\/transregio96.webspace.tu-dresden.de\/index.php\/wp-json\/wp\/v2\/pages\/274\/revisions"}],"predecessor-version":[{"id":5254,"href":"https:\/\/transregio96.webspace.tu-dresden.de\/index.php\/wp-json\/wp\/v2\/pages\/274\/revisions\/5254"}],"wp:attachment":[{"href":"https:\/\/transregio96.webspace.tu-dresden.de\/index.php\/wp-json\/wp\/v2\/media?parent=274"}],"curies":[{"name":"wp","href":"https:\/\/api.w.org\/{rel}","templated":true}]}}