{"id":277,"date":"2012-09-09T12:11:38","date_gmt":"2012-09-09T10:11:38","guid":{"rendered":"http:\/\/141.30.37.177\/SFBweb\/?page_id=277"},"modified":"2019-07-17T17:09:35","modified_gmt":"2019-07-17T15:09:35","slug":"b02-wechselwirkung-zwischen-umgebung-und-maschine","status":"publish","type":"page","link":"https:\/\/transregio96.webspace.tu-dresden.de\/index.php\/projektbereich-b\/b02-wechselwirkung-zwischen-umgebung-und-maschine\/","title":{"rendered":"B01: Wechselwirkung zwischen Umgebung und Maschine"},"content":{"rendered":"<h1>Modellierung der thermischen Wechselwirkung zwischen Umgebung und Maschine<\/h1>\n<h2>Teilprojektleiter:<\/h2>\n<p>Prof. Dr.-Ing. habil. Welf-Guntram Drossel: Fraunhofer IWU Chemnitz<\/p>\n<p><strong>Dieses Teilprojekt endete mit Phase 1 und wurde mit B05 zu B09 zusammengef\u00fchrt.<br \/>\n<\/strong><\/p>\n<p>Es ist bereits in der Entwicklungsphase von Werkzeugmaschinen von Interesse, den Einfluss verschiedener thermische Randbedingungen auf die Arbeitsgenauigkeit zu kennen. Vorwiegend wird hierf\u00fcr die Finite-Elemente-Methode angewendet. Es existieren jedoch f\u00fcr viele der erforderlichen physikalischen Eingangsgr\u00f6\u00dfen und Parameter bei thermisch-strukturmechanischen Berechnungen (station\u00e4r und transient) und auch f\u00fcr die numerische Str\u00f6mungsmechanik (CFD), insbesondere f\u00fcr W\u00e4rmestr\u00f6me zur Bestimmung der Wechselwirkung zwischen Maschine und Umgebung, nur unzureichende Daten. Zielstellung ist, Modelle mit angepassten Randbedingungen f\u00fcr diesen W\u00e4rme\u00fcbergang zu erstellen, die Parameter zu ermitteln und zu optimieren. Dies soll vorzugsweise f\u00fcr Luftstr\u00f6mungen auf der Basis von freier und erzwungener Konvektion sowie f\u00fcr W\u00e4rmestrahlung erfolgen. Weiterhin wird die Wechselwirkung zwischen Maschine und Fundament untersucht. Schlie\u00dflich sind konstruktive und kompensatorische Ma\u00dfnahmen zur Verbesserung des thermischen Verhaltens abzuleiten.<\/p>\n<p>&nbsp;<\/p>\n","protected":false},"excerpt":{"rendered":"<p>Modellierung der thermischen Wechselwirkung zwischen Umgebung und Maschine Teilprojektleiter: Prof. Dr.-Ing. habil. Welf-Guntram Drossel: Fraunhofer IWU Chemnitz Dieses Teilprojekt endete mit Phase 1 und wurde mit B05 zu B09 zusammengef\u00fchrt. Es ist bereits in der Entwicklungsphase von Werkzeugmaschinen von Interesse, den Einfluss verschiedener thermische Randbedingungen auf die Arbeitsgenauigkeit zu kennen. Vorwiegend wird hierf\u00fcr die Finite-Elemente-Methode angewendet.<\/p>\n<p><a class=\"more-link\" href=\"https:\/\/transregio96.webspace.tu-dresden.de\/index.php\/projektbereich-b\/b02-wechselwirkung-zwischen-umgebung-und-maschine\/\">Weiterlesen<\/a><\/p>\n","protected":false},"author":2,"featured_media":0,"parent":274,"menu_order":0,"comment_status":"closed","ping_status":"closed","template":"sidebar-page.php","meta":{"footnotes":""},"aioseo_notices":[],"_links":{"self":[{"href":"https:\/\/transregio96.webspace.tu-dresden.de\/index.php\/wp-json\/wp\/v2\/pages\/277"}],"collection":[{"href":"https:\/\/transregio96.webspace.tu-dresden.de\/index.php\/wp-json\/wp\/v2\/pages"}],"about":[{"href":"https:\/\/transregio96.webspace.tu-dresden.de\/index.php\/wp-json\/wp\/v2\/types\/page"}],"author":[{"embeddable":true,"href":"https:\/\/transregio96.webspace.tu-dresden.de\/index.php\/wp-json\/wp\/v2\/users\/2"}],"replies":[{"embeddable":true,"href":"https:\/\/transregio96.webspace.tu-dresden.de\/index.php\/wp-json\/wp\/v2\/comments?post=277"}],"version-history":[{"count":2,"href":"https:\/\/transregio96.webspace.tu-dresden.de\/index.php\/wp-json\/wp\/v2\/pages\/277\/revisions"}],"predecessor-version":[{"id":3685,"href":"https:\/\/transregio96.webspace.tu-dresden.de\/index.php\/wp-json\/wp\/v2\/pages\/277\/revisions\/3685"}],"up":[{"embeddable":true,"href":"https:\/\/transregio96.webspace.tu-dresden.de\/index.php\/wp-json\/wp\/v2\/pages\/274"}],"wp:attachment":[{"href":"https:\/\/transregio96.webspace.tu-dresden.de\/index.php\/wp-json\/wp\/v2\/media?parent=277"}],"curies":[{"name":"wp","href":"https:\/\/api.w.org\/{rel}","templated":true}]}}