{"id":2880,"date":"2016-12-05T15:44:48","date_gmt":"2016-12-05T14:44:48","guid":{"rendered":"http:\/\/141.76.19.93\/SFBweb\/?page_id=2880"},"modified":"2021-06-24T19:54:57","modified_gmt":"2021-06-24T17:54:57","slug":"t01","status":"publish","type":"page","link":"https:\/\/transregio96.webspace.tu-dresden.de\/index.php\/projektbereich-t-transferprojekte\/t01\/","title":{"rendered":"T01: Effiziente Parametrierung"},"content":{"rendered":"<h1>Methodik zur effizienten Parametrierung von thermo-elastischen Korrekturmodellen am Beispiel eines fremdgetriebenen Spindelsystems<\/h1>\n<h2>Teilprojektleiter<\/h2>\n<p>Dr.-Ing. Marcel Fey<br \/>\nRWTH Aachen, Werkzeugmaschinenlabor WZL der RWTH Aachen, Lehrstuhl f\u00fcr Werkzeugmaschinen<\/p>\n<p><strong>Das Teilprojekt wurde abgeschlossen.<\/strong><\/p>\n<p>Aktuelle Korrekturmethoden des thermo-elastischen Verhaltens von Hauptspindelsystemen erfordern erheblichen Parametrierungsaufwand. Ziel des beantragten Transferprojektes ist es daher, den der-zeitigen experimentellen Aufwand zur Parametrierung thermo-elastischer Korrekturmodelle von fremdgetriebenen Spindelsystemen auf ein Minimum zu reduzieren. Dieses soll erreicht, indem zuk\u00fcnftig die Parametrierung des Korrekturmodells aus TP B06 auf Basis des Prognosemodells aus TP B03 erfolgt. Zur Parametrierung des Prognosemodells m\u00fcssen lediglich die Reibmomente der Lager f\u00fcr unterschiedliche Betriebspunkte auf Spindellagerpr\u00fcfst\u00e4nden bestimmt werden. Diese experimentell ermittelten Werte besitzen damit universelle G\u00fcltigkeit f\u00fcr Spindelsysteme auf denen Lager gleicher Bauart eingesetzt werden. Aufwendige Versuchsreihen am physikalischen Spindelsystem entfallen. Der Nachweis \u00fcber die Industrietauglichkeit der in der ersten Phase des SFB\/TR 96 entwickelten Ans\u00e4tze zur Modellierung und Korrektur wird in diesem Transferprojekt gemeinsam mit der Firma Chiron Werke GmbH &amp; Co. KG an einer fremdgetriebenen Spindel erbracht.<\/p>\n<h2>Laufzeit des Transferprojektes<\/h2>\n<p>01.01.2017 bis 31.12.2019<\/p>\n<p>&nbsp;<\/p>\n<div id=\"attachment_2915\" style=\"width: 594px\" class=\"wp-caption alignnone\"><a href=\"http:\/\/141.76.19.93\/SFBweb\/wp-content\/uploads\/2016\/12\/Abbildung-1.jpg\" rel=\"attachment wp-att-2915\"><img loading=\"lazy\" decoding=\"async\" aria-describedby=\"caption-attachment-2915\" class=\"wp-image-2915 size-large\" src=\"http:\/\/141.76.19.93\/SFBweb\/wp-content\/uploads\/2016\/12\/Abbildung-1-1024x365.jpg\" alt=\"Abbildung\" width=\"584\" height=\"208\" srcset=\"https:\/\/transregio96.webspace.tu-dresden.de\/wp-content\/uploads\/2016\/12\/Abbildung-1-1024x365.jpg 1024w, https:\/\/transregio96.webspace.tu-dresden.de\/wp-content\/uploads\/2016\/12\/Abbildung-1-300x107.jpg 300w, https:\/\/transregio96.webspace.tu-dresden.de\/wp-content\/uploads\/2016\/12\/Abbildung-1-768x274.jpg 768w, https:\/\/transregio96.webspace.tu-dresden.de\/wp-content\/uploads\/2016\/12\/Abbildung-1-500x178.jpg 500w, https:\/\/transregio96.webspace.tu-dresden.de\/wp-content\/uploads\/2016\/12\/Abbildung-1.jpg 2005w\" sizes=\"(max-width: 584px) 100vw, 584px\" \/><\/a><p id=\"caption-attachment-2915\" class=\"wp-caption-text\">Methodik zur effizienten Parametrierung von thermo-elastischen Korrekturmodellen am Beispiel eines fremdgetrieben Spindelsystems<\/p><\/div>\n<p>&nbsp;<\/p>\n<p>&nbsp;<\/p>\n<p>&nbsp;<\/p>\n","protected":false},"excerpt":{"rendered":"<p>Methodik zur effizienten Parametrierung von thermo-elastischen Korrekturmodellen am Beispiel eines fremdgetriebenen Spindelsystems Teilprojektleiter Dr.-Ing. Marcel Fey RWTH Aachen, Werkzeugmaschinenlabor WZL der RWTH Aachen, Lehrstuhl f\u00fcr Werkzeugmaschinen Das Teilprojekt wurde abgeschlossen. Aktuelle Korrekturmethoden des thermo-elastischen Verhaltens von Hauptspindelsystemen erfordern erheblichen Parametrierungsaufwand. Ziel des beantragten Transferprojektes ist es daher, den der-zeitigen experimentellen Aufwand zur Parametrierung thermo-elastischer Korrekturmodelle von<\/p>\n<p><a class=\"more-link\" href=\"https:\/\/transregio96.webspace.tu-dresden.de\/index.php\/projektbereich-t-transferprojekte\/t01\/\">Weiterlesen<\/a><\/p>\n","protected":false},"author":8,"featured_media":0,"parent":2875,"menu_order":0,"comment_status":"closed","ping_status":"closed","template":"","meta":{"footnotes":""},"aioseo_notices":[],"_links":{"self":[{"href":"https:\/\/transregio96.webspace.tu-dresden.de\/index.php\/wp-json\/wp\/v2\/pages\/2880"}],"collection":[{"href":"https:\/\/transregio96.webspace.tu-dresden.de\/index.php\/wp-json\/wp\/v2\/pages"}],"about":[{"href":"https:\/\/transregio96.webspace.tu-dresden.de\/index.php\/wp-json\/wp\/v2\/types\/page"}],"author":[{"embeddable":true,"href":"https:\/\/transregio96.webspace.tu-dresden.de\/index.php\/wp-json\/wp\/v2\/users\/8"}],"replies":[{"embeddable":true,"href":"https:\/\/transregio96.webspace.tu-dresden.de\/index.php\/wp-json\/wp\/v2\/comments?post=2880"}],"version-history":[{"count":11,"href":"https:\/\/transregio96.webspace.tu-dresden.de\/index.php\/wp-json\/wp\/v2\/pages\/2880\/revisions"}],"predecessor-version":[{"id":4506,"href":"https:\/\/transregio96.webspace.tu-dresden.de\/index.php\/wp-json\/wp\/v2\/pages\/2880\/revisions\/4506"}],"up":[{"embeddable":true,"href":"https:\/\/transregio96.webspace.tu-dresden.de\/index.php\/wp-json\/wp\/v2\/pages\/2875"}],"wp:attachment":[{"href":"https:\/\/transregio96.webspace.tu-dresden.de\/index.php\/wp-json\/wp\/v2\/media?parent=2880"}],"curies":[{"name":"wp","href":"https:\/\/api.w.org\/{rel}","templated":true}]}}