{"id":2885,"date":"2016-12-05T15:54:46","date_gmt":"2016-12-05T14:54:46","guid":{"rendered":"http:\/\/141.76.19.93\/SFBweb\/?page_id=2885"},"modified":"2021-06-17T11:28:06","modified_gmt":"2021-06-17T09:28:06","slug":"t02","status":"publish","type":"page","link":"https:\/\/transregio96.webspace.tu-dresden.de\/index.php\/projektbereich-t-transferprojekte\/t02\/","title":{"rendered":"T02: Effiziente Gestelltemperierung"},"content":{"rendered":"<h1>Robuste und thermo-energetisch optimierte Temperierung von Werkzeugmaschinengestellen mittels fluidtechnischer Systeme<\/h1>\n<h2>Teilprojektleiter:<\/h2>\n<p>Prof. Dr.-Ing. Steffen Ihlenfeldt, Fraunhofer Institut f\u00fcr Werkzeugmaschinen und Umformtechnik (IWU)<br \/>\nProf. Dr.-Ing. J\u00fcrgen Weber, TU Dresden, Institut f\u00fcr Fluidtechnik (IFD)<\/p>\n<p><strong>Das Teilprojekt wurde abgeschlossen.<\/strong><\/p>\n<p>Das Ziel des Transferprojektes ist die thermo-energetische Optimierung von Temperierkreisl\u00e4ufen in Gestellstrukturen von Werkzeugmaschinen aus Mineralbeton. Der Fokus liegt insbesondere auf der Sicherung und Verbesserung der thermischen Stabilit\u00e4t und folglich der Fertigungsgenauigkeit bei minimiertem Energieeinsatz. Die Herausforderung besteht vor allem in der Adaption des Temperiersystems auf zeitlich ver\u00e4nderliche innere und \u00e4u\u00dfere thermische Lasten sowie der Beherrschung und Steuerung der komplexen dreidimensionalen W\u00e4rmestr\u00f6me im Gestell. Hierzu wird auf Basis eines vorhandenen Maschinengestells aus Mineralbeton eine Methodik zur optimalen Auslegung, Integration und Regelung der Temperiersysteme erarbeitet. Diese Methodik wird anschlie\u00dfend auf einen neuen, verbesserten Funktionsdemonstrator aus Mineralbeton angewendet und daran verifiziert.<\/p>\n<h2>Laufzeit des Transferprojektes:<\/h2>\n<p>01.01.2017- 31.12.2019<\/p>\n<p>&nbsp;<\/p>\n","protected":false},"excerpt":{"rendered":"<p>Robuste und thermo-energetisch optimierte Temperierung von Werkzeugmaschinengestellen mittels fluidtechnischer Systeme Teilprojektleiter: Prof. Dr.-Ing. Steffen Ihlenfeldt, Fraunhofer Institut f\u00fcr Werkzeugmaschinen und Umformtechnik (IWU) Prof. Dr.-Ing. J\u00fcrgen Weber, TU Dresden, Institut f\u00fcr Fluidtechnik (IFD) Das Teilprojekt wurde abgeschlossen. Das Ziel des Transferprojektes ist die thermo-energetische Optimierung von Temperierkreisl\u00e4ufen in Gestellstrukturen von Werkzeugmaschinen aus Mineralbeton. Der Fokus liegt insbesondere<\/p>\n<p><a class=\"more-link\" href=\"https:\/\/transregio96.webspace.tu-dresden.de\/index.php\/projektbereich-t-transferprojekte\/t02\/\">Weiterlesen<\/a><\/p>\n","protected":false},"author":8,"featured_media":0,"parent":2875,"menu_order":0,"comment_status":"closed","ping_status":"closed","template":"","meta":{"footnotes":""},"aioseo_notices":[],"_links":{"self":[{"href":"https:\/\/transregio96.webspace.tu-dresden.de\/index.php\/wp-json\/wp\/v2\/pages\/2885"}],"collection":[{"href":"https:\/\/transregio96.webspace.tu-dresden.de\/index.php\/wp-json\/wp\/v2\/pages"}],"about":[{"href":"https:\/\/transregio96.webspace.tu-dresden.de\/index.php\/wp-json\/wp\/v2\/types\/page"}],"author":[{"embeddable":true,"href":"https:\/\/transregio96.webspace.tu-dresden.de\/index.php\/wp-json\/wp\/v2\/users\/8"}],"replies":[{"embeddable":true,"href":"https:\/\/transregio96.webspace.tu-dresden.de\/index.php\/wp-json\/wp\/v2\/comments?post=2885"}],"version-history":[{"count":9,"href":"https:\/\/transregio96.webspace.tu-dresden.de\/index.php\/wp-json\/wp\/v2\/pages\/2885\/revisions"}],"predecessor-version":[{"id":4467,"href":"https:\/\/transregio96.webspace.tu-dresden.de\/index.php\/wp-json\/wp\/v2\/pages\/2885\/revisions\/4467"}],"up":[{"embeddable":true,"href":"https:\/\/transregio96.webspace.tu-dresden.de\/index.php\/wp-json\/wp\/v2\/pages\/2875"}],"wp:attachment":[{"href":"https:\/\/transregio96.webspace.tu-dresden.de\/index.php\/wp-json\/wp\/v2\/media?parent=2885"}],"curies":[{"name":"wp","href":"https:\/\/api.w.org\/{rel}","templated":true}]}}