{"id":307,"date":"2012-09-09T13:02:20","date_gmt":"2012-09-09T13:02:20","guid":{"rendered":"http:\/\/141.30.37.177\/SFBweb\/?page_id=307"},"modified":"2019-07-12T16:32:01","modified_gmt":"2019-07-12T14:32:01","slug":"vorstand","status":"publish","type":"page","link":"https:\/\/transregio96.webspace.tu-dresden.de\/index.php\/struktur\/vorstand\/","title":{"rendered":"Vorstand"},"content":{"rendered":"<div id=\"pl-307\"  class=\"panel-layout\" ><div id=\"pg-307-0\"  class=\"panel-grid panel-no-style\" ><div id=\"pgc-307-0-0\"  class=\"panel-grid-cell\" ><div id=\"panel-307-0-0-0\" class=\"so-panel widget widget_sow-image panel-first-child panel-last-child\" data-index=\"0\" ><div\n\t\t\t\n\t\t\tclass=\"so-widget-sow-image so-widget-sow-image-default-8b5b6f678277-307\"\n\t\t\t\n\t\t>\n\n<div class=\"sow-image-container\">\n\t\t<img loading=\"lazy\" decoding=\"async\" src=\"https:\/\/transregio96.webspace.tu-dresden.de\/wp-content\/uploads\/2019\/02\/DSC_5278-768x606.jpg\" width=\"768\" height=\"606\" srcset=\"https:\/\/transregio96.webspace.tu-dresden.de\/wp-content\/uploads\/2019\/02\/DSC_5278-768x606.jpg 768w, https:\/\/transregio96.webspace.tu-dresden.de\/wp-content\/uploads\/2019\/02\/DSC_5278-300x237.jpg 300w, https:\/\/transregio96.webspace.tu-dresden.de\/wp-content\/uploads\/2019\/02\/DSC_5278-1024x808.jpg 1024w, https:\/\/transregio96.webspace.tu-dresden.de\/wp-content\/uploads\/2019\/02\/DSC_5278-380x300.jpg 380w\" sizes=\"(max-width: 768px) 100vw, 768px\" title=\"Vorstand\" alt=\"\" \t\tclass=\"so-widget-image\"\/>\n\t<\/div>\n\n<\/div><\/div><\/div><\/div><div id=\"pg-307-1\"  class=\"panel-grid panel-no-style\" ><div id=\"pgc-307-1-0\"  class=\"panel-grid-cell\" ><div id=\"panel-307-1-0-0\" class=\"so-panel widget widget_sow-editor panel-first-child panel-last-child\" data-index=\"1\" ><div\n\t\t\t\n\t\t\tclass=\"so-widget-sow-editor so-widget-sow-editor-base\"\n\t\t\t\n\t\t>\n<div class=\"siteorigin-widget-tinymce textwidget\">\n\t<p><strong>Prof. Dr.-Ing. Christian Brecher<\/strong><br \/>\nRWTH Aachen, Werkzeugmaschinenlabor<\/p>\n<\/div>\n<\/div><\/div><\/div><div id=\"pgc-307-1-1\"  class=\"panel-grid-cell\" ><div id=\"panel-307-1-1-0\" class=\"so-panel widget widget_sow-editor panel-first-child panel-last-child\" data-index=\"2\" ><div\n\t\t\t\n\t\t\tclass=\"so-widget-sow-editor so-widget-sow-editor-base\"\n\t\t\t\n\t\t>\n<div class=\"siteorigin-widget-tinymce textwidget\">\n\t<p><strong>Prof. Dr.-Ing. Steffen Ihlenfeldt<\/strong><br \/>\nTU Dresden, Professur f\u00fcr Werkzeugmaschinenentwicklung und adaptive Steuerung<\/p>\n<\/div>\n<\/div><\/div><\/div><div id=\"pgc-307-1-2\"  class=\"panel-grid-cell\" ><div id=\"panel-307-1-2-0\" class=\"so-panel widget widget_sow-editor panel-first-child panel-last-child\" data-index=\"3\" ><div\n\t\t\t\n\t\t\tclass=\"so-widget-sow-editor so-widget-sow-editor-base\"\n\t\t\t\n\t\t>\n<div class=\"siteorigin-widget-tinymce textwidget\">\n\t<p><strong>Prof. Dr.-Ing. Welf-Guntram Drossel<\/strong><br \/>\nTU Chemnitz, Institut f\u00fcr Werkzeugmaschinen und Produktionsprozesse<\/p>\n<\/div>\n<\/div><\/div><\/div><\/div><div id=\"pg-307-2\"  class=\"panel-grid panel-no-style\" ><div id=\"pgc-307-2-0\"  class=\"panel-grid-cell\" ><div id=\"panel-307-2-0-0\" class=\"so-panel widget widget_sow-editor panel-first-child panel-last-child\" data-index=\"4\" ><div\n\t\t\t\n\t\t\tclass=\"so-widget-sow-editor so-widget-sow-editor-base\"\n\t\t\t\n\t\t>\n<div class=\"siteorigin-widget-tinymce textwidget\">\n\t<p><strong>Prof. Dr.-Ing. J\u00fcrgen Weber<\/strong><br \/>\nTU Dresden, Professur f\u00fcr Fluid-Mechatronische Systemtechnik<\/p>\n<\/div>\n<\/div><\/div><\/div><div id=\"pgc-307-2-1\"  class=\"panel-grid-cell\" ><div id=\"panel-307-2-1-0\" class=\"so-panel widget widget_sow-editor panel-first-child panel-last-child\" data-index=\"5\" ><div\n\t\t\t\n\t\t\tclass=\"so-widget-sow-editor so-widget-sow-editor-base\"\n\t\t\t\n\t\t>\n<div class=\"siteorigin-widget-tinymce textwidget\">\n\t<p><strong>Prof. Dr. rer. nat. Roland Herzog<\/strong><br \/>\nTU Chemnitz, Professur Numerische Mathematik (Partielle Differentialgleichungen)<\/p>\n<\/div>\n<\/div><\/div><\/div><div id=\"pgc-307-2-2\"  class=\"panel-grid-cell\" ><div id=\"panel-307-2-2-0\" class=\"so-panel widget widget_sow-editor panel-first-child panel-last-child\" data-index=\"6\" ><div\n\t\t\t\n\t\t\tclass=\"so-widget-sow-editor so-widget-sow-editor-base\"\n\t\t\t\n\t\t>\n<div class=\"siteorigin-widget-tinymce textwidget\">\n\t<p><strong>Univ.-Prof. Dr.-Ing. Reinhold Kneer<\/strong><br \/>\nRWTH Aachen, Lehrstuhl f\u00fcr W\u00e4rme- und Stoff\u00fcbertragung<\/p>\n<\/div>\n<\/div><\/div><\/div><\/div><div id=\"pg-307-3\"  class=\"panel-grid panel-no-style\" ><div id=\"pgc-307-3-0\"  class=\"panel-grid-cell\" ><div id=\"panel-307-3-0-0\" class=\"so-panel widget widget_sow-editor panel-first-child panel-last-child\" data-index=\"7\" ><div\n\t\t\t\n\t\t\tclass=\"so-widget-sow-editor so-widget-sow-editor-base\"\n\t\t\t\n\t\t><h3 class=\"widget-title\">Wir danken den ehemaligen Vorstandsmitgliedern:<\/h3>\n<div class=\"siteorigin-widget-tinymce textwidget\">\n\t<ul>\n<li>Prof. Dr.-Ing. habil. Knut Gro\u00dfmann<\/li>\n<li>Univ. Prof. Dr.-Ing. habil. Reimund Neugebauer<\/li>\n<li>Prof. Dr.-Ing. Ralf Werner<\/li>\n<li>Prof. Dr.-Ing. habil. Klaus Kaitzsch<\/li>\n<\/ul>\n<\/div>\n<\/div><\/div><\/div><\/div><\/div>","protected":false},"excerpt":{"rendered":"<p>Prof. Dr.-Ing. Christian Brecher RWTH Aachen, Werkzeugmaschinenlabor Prof. Dr.-Ing. Steffen Ihlenfeldt TU Dresden, Professur f\u00fcr Werkzeugmaschinenentwicklung und adaptive Steuerung Prof. Dr.-Ing. Welf-Guntram Drossel TU Chemnitz, Institut f\u00fcr Werkzeugmaschinen und Produktionsprozesse<\/p>\n","protected":false},"author":2,"featured_media":0,"parent":283,"menu_order":1,"comment_status":"closed","ping_status":"closed","template":"sidebar-page.php","meta":{"footnotes":""},"aioseo_notices":[],"_links":{"self":[{"href":"https:\/\/transregio96.webspace.tu-dresden.de\/index.php\/wp-json\/wp\/v2\/pages\/307"}],"collection":[{"href":"https:\/\/transregio96.webspace.tu-dresden.de\/index.php\/wp-json\/wp\/v2\/pages"}],"about":[{"href":"https:\/\/transregio96.webspace.tu-dresden.de\/index.php\/wp-json\/wp\/v2\/types\/page"}],"author":[{"embeddable":true,"href":"https:\/\/transregio96.webspace.tu-dresden.de\/index.php\/wp-json\/wp\/v2\/users\/2"}],"replies":[{"embeddable":true,"href":"https:\/\/transregio96.webspace.tu-dresden.de\/index.php\/wp-json\/wp\/v2\/comments?post=307"}],"version-history":[{"count":37,"href":"https:\/\/transregio96.webspace.tu-dresden.de\/index.php\/wp-json\/wp\/v2\/pages\/307\/revisions"}],"predecessor-version":[{"id":3646,"href":"https:\/\/transregio96.webspace.tu-dresden.de\/index.php\/wp-json\/wp\/v2\/pages\/307\/revisions\/3646"}],"up":[{"embeddable":true,"href":"https:\/\/transregio96.webspace.tu-dresden.de\/index.php\/wp-json\/wp\/v2\/pages\/283"}],"wp:attachment":[{"href":"https:\/\/transregio96.webspace.tu-dresden.de\/index.php\/wp-json\/wp\/v2\/media?parent=307"}],"curies":[{"name":"wp","href":"https:\/\/api.w.org\/{rel}","templated":true}]}}