{"id":3329,"date":"2019-03-01T17:34:26","date_gmt":"2019-03-01T16:34:26","guid":{"rendered":"http:\/\/141.76.19.93\/SFBweb\/?page_id=3329"},"modified":"2019-07-17T17:05:13","modified_gmt":"2019-07-17T15:05:13","slug":"3329-2","status":"publish","type":"page","link":"https:\/\/transregio96.webspace.tu-dresden.de\/index.php\/3329-2\/","title":{"rendered":"T05: Verhaltensanalyse kompakter Baugruppen"},"content":{"rendered":"<h2>Effiziente Simulationstechnologie zur Analyse des thermo-elastischen Verhaltens kompakter Baugruppen von Werkzeugmaschinen (Kurztitel: Verhaltensanalyse kompakter Baugruppen)<\/h2>\n<h3>Teilprojektleiter:<\/h3>\n<p>Prof. Dr.-Ing. Steffen Ihlenfeldt, Institut f\u00fcr Mechatronischen Maschinenbau, Professur f\u00fcr Werkzeugmaschinen und adaptive Steuerungen<\/p>\n<p>Ziel des Transferprojekts ist eine verbesserte und aussagekr\u00e4ftigere Analyse des thermo-elastischen Verhaltens aktueller 5-Achs-Werkzeugmaschinen. Daf\u00fcr wird eine am IWM entwickelte Simulationstechnologie nutzbar gemacht. Sie wird von den bisher betrachteten einfachen linearen Baugruppen auf komplexe Dreh-Schwenk-Baugruppen \u00fcbertragen. Die Simulationstechnologie wird bei Auswahl und Auslegung typischer Ma\u00dfnahmen zur Verbesserung des thermischen Verhaltens angewendet. Dies geschieht beispielhaft anhand des Dreh-Schwenk-Tisches einer aktuellen Maschine des Anwendungspartners DECKEL MAHO.<\/p>\n<p><em>\u00a0<\/em><\/p>\n","protected":false},"excerpt":{"rendered":"<p>Effiziente Simulationstechnologie zur Analyse des thermo-elastischen Verhaltens kompakter Baugruppen von Werkzeugmaschinen (Kurztitel: Verhaltensanalyse kompakter Baugruppen) Teilprojektleiter: Prof. Dr.-Ing. Steffen Ihlenfeldt, Institut f\u00fcr Mechatronischen Maschinenbau, Professur f\u00fcr Werkzeugmaschinen und adaptive Steuerungen Ziel des Transferprojekts ist eine verbesserte und aussagekr\u00e4ftigere Analyse des thermo-elastischen Verhaltens aktueller 5-Achs-Werkzeugmaschinen. Daf\u00fcr wird eine am IWM entwickelte Simulationstechnologie nutzbar gemacht. Sie wird von<\/p>\n<p><a class=\"more-link\" href=\"https:\/\/transregio96.webspace.tu-dresden.de\/index.php\/3329-2\/\">Weiterlesen<\/a><\/p>\n","protected":false},"author":2,"featured_media":0,"parent":0,"menu_order":0,"comment_status":"closed","ping_status":"closed","template":"sidebar-page.php","meta":{"footnotes":""},"aioseo_notices":[],"_links":{"self":[{"href":"https:\/\/transregio96.webspace.tu-dresden.de\/index.php\/wp-json\/wp\/v2\/pages\/3329"}],"collection":[{"href":"https:\/\/transregio96.webspace.tu-dresden.de\/index.php\/wp-json\/wp\/v2\/pages"}],"about":[{"href":"https:\/\/transregio96.webspace.tu-dresden.de\/index.php\/wp-json\/wp\/v2\/types\/page"}],"author":[{"embeddable":true,"href":"https:\/\/transregio96.webspace.tu-dresden.de\/index.php\/wp-json\/wp\/v2\/users\/2"}],"replies":[{"embeddable":true,"href":"https:\/\/transregio96.webspace.tu-dresden.de\/index.php\/wp-json\/wp\/v2\/comments?post=3329"}],"version-history":[{"count":4,"href":"https:\/\/transregio96.webspace.tu-dresden.de\/index.php\/wp-json\/wp\/v2\/pages\/3329\/revisions"}],"predecessor-version":[{"id":3680,"href":"https:\/\/transregio96.webspace.tu-dresden.de\/index.php\/wp-json\/wp\/v2\/pages\/3329\/revisions\/3680"}],"wp:attachment":[{"href":"https:\/\/transregio96.webspace.tu-dresden.de\/index.php\/wp-json\/wp\/v2\/media?parent=3329"}],"curies":[{"name":"wp","href":"https:\/\/api.w.org\/{rel}","templated":true}]}}