{"id":339,"date":"2012-09-10T13:45:50","date_gmt":"2012-09-10T11:45:50","guid":{"rendered":"http:\/\/141.30.37.177\/SFBweb\/?page_id=339"},"modified":"2021-02-26T12:04:23","modified_gmt":"2021-02-26T11:04:23","slug":"teilprojektleiter-in-alphabetischer-reihenfolge","status":"publish","type":"page","link":"https:\/\/transregio96.webspace.tu-dresden.de\/index.php\/struktur\/teilprojektleiter-in-alphabetischer-reihenfolge\/","title":{"rendered":"Teilprojektleitung"},"content":{"rendered":"<p><strong>Prof. Dr.-Ing. Michael Beitelschmidt<\/strong><br \/>\nTU Dresden, Institut f\u00fcr Festk\u00f6rpermechanik, <a href=\"https:\/\/tu-dresden.de\/die_tu_dresden\/fakultaeten\/fakultaet_maschinenwesen\/ifkm\/dmt\" target=\"extern\" rel=\"noopener noreferrer\">Professur f\u00fcr Dynamik und Mechanismentechnik<\/a><br \/>\nA05<\/p>\n<p><strong>Prof. Dr. Peter Benner<\/strong><br \/>\nTU Chemnitz, <a href=\"https:\/\/www.tu-chemnitz.de\/mathematik\/industrie_technik\/index.php?lang=de\">Arbeitsgruppe Mathematik in Industrie und Technik<\/a><br \/>\nA06<\/p>\n<p><strong>Prof. Dr.-Ing. Thomas Bergs<\/strong><br \/>\nRWTH Aachen, <a href=\"https:\/\/www.wzl.rwth-aachen.de\/cms\/www_content\/de\/tf.htm\">Lehrstuhl f\u00fcr Technologie der Fertigungsverfahren, Werkzeugmaschinenlabor (WZL)<\/a><br \/>\nA02, A03<\/p>\n<p><strong>Prof. Dr.-Ing. Christian Brecher<\/strong><br \/>\nRWTH Aachen, <a href=\"http:\/\/www.wzl.rwth-aachen.de\/de\/wm.htm\">Lehrstuhl f\u00fcr Werkzeugmaschinen<\/a>, Werkzeugmaschinenlabor (WZL);<br \/>\n<a href=\"https:\/\/www.ipt.fraunhofer.de\/\">Fraunhofer-Institut f\u00fcr Produktionstechnologie IPT<\/a><br \/>\nB03, B06, C03, Z01<\/p>\n<p><strong>Prof. Dr.-Ing. Welf-Guntram Drossel<\/strong><br \/>\nTU Chemnitz, <a href=\"https:\/\/www.tu-chemnitz.de\/mb\/adaptronik\/\">Professur f\u00fcr Adaptronik und Funktionsleichtbau<\/a><br \/>\nC02<\/p>\n<p><strong>Prof. Dr. rer. pol. Werner Esswein<\/strong><br \/>\nTU Dresden, <a href=\"https:\/\/tu-dresden.de\/bu\/wirtschaft\/sysent\">Lehrstuhl f\u00fcr Wirtschaftsinformatik, insb. Systementwicklung (WiSe)<\/a><br \/>\nC05<\/p>\n<p><strong>Prof. Dr. Christof Fetzer<\/strong><br \/>\nTU Dresden, <a href=\"https:\/\/tu-dresden.de\/ing\/informatik\/sya\/se?cl=en&amp;set_language=de\">Lehrstuhl f\u00fcr Systems Engineering<\/a><br \/>\nB07<\/p>\n<p><strong>Dr.-Ing. Marcel Fey<\/strong><br \/>\nRWTH Aachen, <a href=\"http:\/\/www.wzl.rwth-aachen.de\/de\/wm.htm\">Lehrstuhl f\u00fcr Werkzeugmaschinen<\/a>, Werkzeugmaschinenlabor (WZL)<br \/>\nT01<\/p>\n<p><strong>Dr.-Ing. Janine Gl\u00e4nzel<\/strong><br \/>\nTU Chemnitz, <a href=\"https:\/\/www.iwu.fraunhofer.de\/\">Fraunhofer Institut f\u00fcr Werkzeugmaschinen und Umformtechnik IWU<\/a><br \/>\nB09<\/p>\n<p><strong>Dr.-Ing. Arvid Hellmich<\/strong><br \/>\nTU Chemnitz, <a href=\"https:\/\/www.iwu.fraunhofer.de\/\">Fraunhofer Institut f\u00fcr Werkzeugmaschinen und Umformtechnik IWU<\/a><br \/>\nB04<\/p>\n<p><strong>Prof. Dr. Roland Herzog<\/strong><br \/>\nTU Chemnitz, <a href=\"https:\/\/www.tu-chemnitz.de\/mathematik\/part_dgl\/\">Professur Numerische Mathematik (Partielle Differentialgleichungen)<\/a><br \/>\nB08<\/p>\n<p><strong>Prof. Dr.-Ing. Steffen Ihlenfeldt<\/strong><br \/>\nTU Dresden, Institut f\u00fcr Mechatronischen Maschinenbau, <a href=\"https:\/\/tu-dresden.de\/ing\/maschinenwesen\/imd\/lwm\" target=\"extern\" rel=\"noopener noreferrer\">Professur f\u00fcr Werkzeugmaschinenentwicklung und adaptive Steuerungen<\/a>;<br \/>\nFraunhofer Institut f\u00fcr Werkzeugmaschinen und Umformtechnik (IWU)<br \/>\nA05, B09, B10, Z02, T02, B04, B07<\/p>\n<p><strong>Prof. Dr.-Ing. Reinhold Kneer<\/strong><br \/>\nRWTH Aachen, <a href=\"http:\/\/www.wsa.rwth-aachen.de\/cms\/~gkct\/WSA\/\">Lehrstuhl f\u00fcr W\u00e4rme- und Stoff\u00fcbertragung (WSA)<\/a><br \/>\nB02<\/p>\n<p><strong>Dr.-Ing. Patrick Mattfeld<\/strong><br \/>\nRWTH Aachen, <a href=\"https:\/\/www.wzl.rwth-aachen.de\/cms\/www_content\/de\/tf.htm\">Lehrstuhl f\u00fcr Technologie der Fertigungsverfahren, <\/a>Werkzeugmaschinenlabor (WZL)<br \/>\nA02, A03<\/p>\n<p><strong>Dr.-Ing. Jens M\u00fcller<\/strong><br \/>\nTU Dresden, Institut f\u00fcr Mechatronischen Maschinenbau, <a href=\"https:\/\/tu-dresden.de\/ing\/maschinenwesen\/imd\/lwm\" target=\"extern\" rel=\"noopener noreferrer\">Professur f\u00fcr Werkzeugmaschinenentwicklung und adaptive Steuerungen<\/a><br \/>\nC06<\/p>\n<p><strong>Prof. Dr.-Ing. Matthias Putz<\/strong><br \/>\nTU Chemnitz, <a href=\"https:\/\/www.tu-chemnitz.de\/mb\/WerkzMasch\/lufa\/wzm\/\">Professur f\u00fcr Werkzeugmaschinen und Umformtechnik (IWP)<\/a><br \/>\nA01<\/p>\n<p><strong>Dr.-Ing. Joachim Regel<\/strong><br \/>\nTU Chemnitz, <a href=\"https:\/\/www.tu-chemnitz.de\/mb\/WerkzMasch\/lufa\/wzm\/\">Professur f\u00fcr Werkzeugmaschinen und Umformtechnik (IWP)<\/a><br \/>\nA01<\/p>\n<p><strong>Dr. rer.nat. Jens Saak<\/strong><br \/>\nTU Chemnitz, <a href=\"https:\/\/www.tu-chemnitz.de\/mathematik\/industrie_technik\/index.php?lang=de\">Arbeitsgruppe Mathematik in Industrie und Technik<\/a><br \/>\nA06<\/p>\n<p><strong>Prof. Dr. Martin Stoll<\/strong><br \/>\nTU Chemnitz, <a href=\"https:\/\/www.tu-chemnitz.de\/mathematik\/wire\/\">Professur f\u00fcr Wissenschaftliches Rechnen<\/a><br \/>\nB08<\/p>\n<p><strong>Prof. Dr.-Ing. J\u00fcrgen Weber<\/strong><br \/>\nTU Dresden, Institut f\u00fcr Mechatronischen Maschinenbau, <a href=\"https:\/\/tu-dresden.de\/ing\/maschinenwesen\/ifd\/fms\" target=\"extern\" rel=\"noopener noreferrer\">Professur f\u00fcr Fluid-Mechatronische Systemtechnik (Fluidtronik)<\/a><br \/>\nA04, T02<\/p>\n<p><strong>Dr.-Ing. Hajo Wiemer<\/strong><br \/>\nTU Dresden, Institut f\u00fcr Mechatronischen Maschinenbau, <a href=\"https:\/\/tu-dresden.de\/ing\/maschinenwesen\/imd\/lwm\" target=\"extern\" rel=\"noopener noreferrer\">Professur f\u00fcr Werkzeugmaschinenentwicklung und adaptive Steuerungen<\/a><br \/>\nC05<\/p>\n","protected":false},"excerpt":{"rendered":"<p>Prof. Dr.-Ing. Michael Beitelschmidt TU Dresden, Institut f\u00fcr Festk\u00f6rpermechanik, Professur f\u00fcr Dynamik und Mechanismentechnik A05 Prof. Dr. Peter Benner TU Chemnitz, Arbeitsgruppe Mathematik in Industrie und Technik A06 Prof. Dr.-Ing. Thomas Bergs RWTH Aachen, Lehrstuhl f\u00fcr Technologie der Fertigungsverfahren, Werkzeugmaschinenlabor (WZL) A02, A03 Prof. Dr.-Ing. Christian Brecher RWTH Aachen, Lehrstuhl f\u00fcr Werkzeugmaschinen, Werkzeugmaschinenlabor (WZL); Fraunhofer-Institut f\u00fcr<\/p>\n<p><a class=\"more-link\" href=\"https:\/\/transregio96.webspace.tu-dresden.de\/index.php\/struktur\/teilprojektleiter-in-alphabetischer-reihenfolge\/\">Weiterlesen<\/a><\/p>\n","protected":false},"author":2,"featured_media":0,"parent":283,"menu_order":2,"comment_status":"closed","ping_status":"closed","template":"","meta":{"footnotes":""},"aioseo_notices":[],"_links":{"self":[{"href":"https:\/\/transregio96.webspace.tu-dresden.de\/index.php\/wp-json\/wp\/v2\/pages\/339"}],"collection":[{"href":"https:\/\/transregio96.webspace.tu-dresden.de\/index.php\/wp-json\/wp\/v2\/pages"}],"about":[{"href":"https:\/\/transregio96.webspace.tu-dresden.de\/index.php\/wp-json\/wp\/v2\/types\/page"}],"author":[{"embeddable":true,"href":"https:\/\/transregio96.webspace.tu-dresden.de\/index.php\/wp-json\/wp\/v2\/users\/2"}],"replies":[{"embeddable":true,"href":"https:\/\/transregio96.webspace.tu-dresden.de\/index.php\/wp-json\/wp\/v2\/comments?post=339"}],"version-history":[{"count":27,"href":"https:\/\/transregio96.webspace.tu-dresden.de\/index.php\/wp-json\/wp\/v2\/pages\/339\/revisions"}],"predecessor-version":[{"id":4359,"href":"https:\/\/transregio96.webspace.tu-dresden.de\/index.php\/wp-json\/wp\/v2\/pages\/339\/revisions\/4359"}],"up":[{"embeddable":true,"href":"https:\/\/transregio96.webspace.tu-dresden.de\/index.php\/wp-json\/wp\/v2\/pages\/283"}],"wp:attachment":[{"href":"https:\/\/transregio96.webspace.tu-dresden.de\/index.php\/wp-json\/wp\/v2\/media?parent=339"}],"curies":[{"name":"wp","href":"https:\/\/api.w.org\/{rel}","templated":true}]}}