{"id":3507,"date":"2019-07-04T17:33:44","date_gmt":"2019-07-04T15:33:44","guid":{"rendered":"http:\/\/141.76.19.93\/SFBweb\/?page_id=3507"},"modified":"2019-07-05T09:37:07","modified_gmt":"2019-07-05T07:37:07","slug":"b10-thermische-vorsteuerung","status":"publish","type":"page","link":"https:\/\/transregio96.webspace.tu-dresden.de\/index.php\/projektbereich-b\/b10-thermische-vorsteuerung\/","title":{"rendered":"B10:  Thermische Vorsteuerung"},"content":{"rendered":"<h2>Steuerungsdatengespeiste Vorw\u00e4rtsbeeinflussung des Temperaturfeldes einer Werkzeugmaschine<\/h2>\n<h3>Teilprojektleiter:<\/h3>\n<p>Prof. Dr.-Ing. Steffen Ihlenfeldt, TU Dresden, Institut f\u00fcr Mechatronischen Maschinenbau, Professur f\u00fcr Werkzeugmaschinenentwicklung und adaptive Steuerung<\/p>\n<p>B10 entwickelt steuerungsbasierte Methoden zur Ableitung von Schaltstrategien mit dem Ziel der\u00a0 Reduktion der \u00c4nderungsgeschwindigkeit im Temperaturfeld der WZM. Dies umfasst die Ansteuerung von Zusatzausr\u00fcstungen der WZM, wie Fluid- und K\u00fchlsysteme, W\u00e4rmespeicher oder die Beeinflussung von elektrischen Antrieben. Im Einzelnen werden thermische Fu\u00dfabdr\u00fccke und ein thermisches Look-Ahead erarbeitet und zu einer <strong>thermischen Vorsteuerung <\/strong>erweitert.<\/p>\n","protected":false},"excerpt":{"rendered":"<p>Steuerungsdatengespeiste Vorw\u00e4rtsbeeinflussung des Temperaturfeldes einer Werkzeugmaschine Teilprojektleiter: Prof. Dr.-Ing. Steffen Ihlenfeldt, TU Dresden, Institut f\u00fcr Mechatronischen Maschinenbau, Professur f\u00fcr Werkzeugmaschinenentwicklung und adaptive Steuerung B10 entwickelt steuerungsbasierte Methoden zur Ableitung von Schaltstrategien mit dem Ziel der\u00a0 Reduktion der \u00c4nderungsgeschwindigkeit im Temperaturfeld der WZM. Dies umfasst die Ansteuerung von Zusatzausr\u00fcstungen der WZM, wie Fluid- und K\u00fchlsysteme, W\u00e4rmespeicher oder<\/p>\n<p><a class=\"more-link\" href=\"https:\/\/transregio96.webspace.tu-dresden.de\/index.php\/projektbereich-b\/b10-thermische-vorsteuerung\/\">Weiterlesen<\/a><\/p>\n","protected":false},"author":2,"featured_media":0,"parent":274,"menu_order":0,"comment_status":"closed","ping_status":"closed","template":"sidebar-page.php","meta":{"footnotes":""},"aioseo_notices":[],"_links":{"self":[{"href":"https:\/\/transregio96.webspace.tu-dresden.de\/index.php\/wp-json\/wp\/v2\/pages\/3507"}],"collection":[{"href":"https:\/\/transregio96.webspace.tu-dresden.de\/index.php\/wp-json\/wp\/v2\/pages"}],"about":[{"href":"https:\/\/transregio96.webspace.tu-dresden.de\/index.php\/wp-json\/wp\/v2\/types\/page"}],"author":[{"embeddable":true,"href":"https:\/\/transregio96.webspace.tu-dresden.de\/index.php\/wp-json\/wp\/v2\/users\/2"}],"replies":[{"embeddable":true,"href":"https:\/\/transregio96.webspace.tu-dresden.de\/index.php\/wp-json\/wp\/v2\/comments?post=3507"}],"version-history":[{"count":1,"href":"https:\/\/transregio96.webspace.tu-dresden.de\/index.php\/wp-json\/wp\/v2\/pages\/3507\/revisions"}],"predecessor-version":[{"id":3508,"href":"https:\/\/transregio96.webspace.tu-dresden.de\/index.php\/wp-json\/wp\/v2\/pages\/3507\/revisions\/3508"}],"up":[{"embeddable":true,"href":"https:\/\/transregio96.webspace.tu-dresden.de\/index.php\/wp-json\/wp\/v2\/pages\/274"}],"wp:attachment":[{"href":"https:\/\/transregio96.webspace.tu-dresden.de\/index.php\/wp-json\/wp\/v2\/media?parent=3507"}],"curies":[{"name":"wp","href":"https:\/\/api.w.org\/{rel}","templated":true}]}}