{"id":3647,"date":"2019-07-12T16:46:25","date_gmt":"2019-07-12T14:46:25","guid":{"rendered":"http:\/\/141.76.19.93\/SFBweb\/?page_id=3647"},"modified":"2019-07-12T16:57:57","modified_gmt":"2019-07-12T14:57:57","slug":"foerderung-von-gleichstellung","status":"publish","type":"page","link":"https:\/\/transregio96.webspace.tu-dresden.de\/index.php\/foerderung-von-gleichstellung\/","title":{"rendered":"F\u00f6rderung von Gleichstellung"},"content":{"rendered":"<p><a href=\"http:\/\/141.76.19.93\/SFBweb\/wp-content\/uploads\/2019\/07\/\u00fcbergreifend_gleichstellung.png\"><img loading=\"lazy\" decoding=\"async\" class=\"alignnone size-large wp-image-3652\" src=\"http:\/\/141.76.19.93\/SFBweb\/wp-content\/uploads\/2019\/07\/\u00fcbergreifend_gleichstellung-1024x259.png\" alt=\"\" width=\"584\" height=\"148\" srcset=\"https:\/\/transregio96.webspace.tu-dresden.de\/wp-content\/uploads\/2019\/07\/\u00fcbergreifend_gleichstellung-1024x259.png 1024w, https:\/\/transregio96.webspace.tu-dresden.de\/wp-content\/uploads\/2019\/07\/\u00fcbergreifend_gleichstellung-300x76.png 300w, https:\/\/transregio96.webspace.tu-dresden.de\/wp-content\/uploads\/2019\/07\/\u00fcbergreifend_gleichstellung-768x194.png 768w, https:\/\/transregio96.webspace.tu-dresden.de\/wp-content\/uploads\/2019\/07\/\u00fcbergreifend_gleichstellung-500x126.png 500w\" sizes=\"(max-width: 584px) 100vw, 584px\" \/><\/a><\/p>\n<p><em><span style=\"color: #333333;\">\u201eWir wollen die besten jungen<\/span> Wissenschaftlerinnen, die wir finden k\u00f6nnen, in unseren SFB integrieren. Und genau mit der internationalen Ausstrahlung unseres SFB\/TR 96 gelingt uns eine Sichtbarkeit, die die Chancen f\u00fcr das \u201eFinden der Besten\u201c deutlich erh\u00f6ht.&#8220; [Prof. Kneer]<\/em><\/p>\n<p><a href=\"http:\/\/141.76.19.93\/SFBweb\/wp-content\/uploads\/2019\/07\/Mitarbeiterinnen.jpg\"><img loading=\"lazy\" decoding=\"async\" class=\"size-medium wp-image-3649 alignleft\" src=\"http:\/\/141.76.19.93\/SFBweb\/wp-content\/uploads\/2019\/07\/Mitarbeiterinnen-300x216.jpg\" alt=\"\" width=\"300\" height=\"216\" srcset=\"https:\/\/transregio96.webspace.tu-dresden.de\/wp-content\/uploads\/2019\/07\/Mitarbeiterinnen-300x216.jpg 300w, https:\/\/transregio96.webspace.tu-dresden.de\/wp-content\/uploads\/2019\/07\/Mitarbeiterinnen-416x300.jpg 416w, https:\/\/transregio96.webspace.tu-dresden.de\/wp-content\/uploads\/2019\/07\/Mitarbeiterinnen.jpg 626w\" sizes=\"(max-width: 300px) 100vw, 300px\" \/><\/a><strong>Erfolgsgeschichte 1:<\/strong><br \/>\nFr. Dr. Janine Gl\u00e4nzel ist seit Phase 2 Leiterin des TP B09. Zun\u00e4chst als Co-TP-Leiterin tr\u00e4gt sie nun die Hauptverantwortung f\u00fcr das inhaltlich weiterentwickelte Teilprojekt.<\/p>\n<p><strong>Erfolgsgeschichte 2:<\/strong><br \/>\nFr. Jessica Deutsch interessierte sich zun\u00e4chst eher f\u00fcr die Verfahrenstechnik.<br \/>\nIm Rahmen der Stammtischveranstaltungen lernte sie das IWM kennen und beschloss den Wechsel zur Werkzeugmaschinenentwicklung.<br \/>\nNach erfolgreicher Diplomarbeit wurde sie Mitarbeiterin im Teilprojekt C06 und war wesentlich an der Ausarbeitung des TP-Antrags beteiligt.<\/p>\n<p><strong>Erfolgsgeschichte 3:<\/strong><br \/>\nFr. Juliane Weber pr\u00e4sentierte ihre Forschungsergebnisse auf zahlreichen internationalen Konferenzen. Ihre Vortragst\u00e4tigkeit konnte sie dreimal mit dem begehrten Travel Award der TU Dresden kofinanzieren. Au\u00dferdem wurde ihre Publikation &#8222;Thermal Impact of Different Cooling Sleeve&#8217;s Flow Geometries in Motorized High-Speed Spindles&#8220; zum 9. FPNI Ph.D. Symposium in Brasilien mit einem Paper Award ausgezeichnet.<\/p>\n","protected":false},"excerpt":{"rendered":"<p>\u201eWir wollen die besten jungen Wissenschaftlerinnen, die wir finden k\u00f6nnen, in unseren SFB integrieren. Und genau mit der internationalen Ausstrahlung unseres SFB\/TR 96 gelingt uns eine Sichtbarkeit, die die Chancen f\u00fcr das \u201eFinden der Besten\u201c deutlich erh\u00f6ht.&#8220; [Prof. Kneer] Erfolgsgeschichte 1: Fr. Dr. Janine Gl\u00e4nzel ist seit Phase 2 Leiterin des TP B09. Zun\u00e4chst als Co-TP-Leiterin<\/p>\n<p><a class=\"more-link\" href=\"https:\/\/transregio96.webspace.tu-dresden.de\/index.php\/foerderung-von-gleichstellung\/\">Weiterlesen<\/a><\/p>\n","protected":false},"author":2,"featured_media":0,"parent":0,"menu_order":0,"comment_status":"closed","ping_status":"closed","template":"sidebar-page.php","meta":{"footnotes":""},"aioseo_notices":[],"_links":{"self":[{"href":"https:\/\/transregio96.webspace.tu-dresden.de\/index.php\/wp-json\/wp\/v2\/pages\/3647"}],"collection":[{"href":"https:\/\/transregio96.webspace.tu-dresden.de\/index.php\/wp-json\/wp\/v2\/pages"}],"about":[{"href":"https:\/\/transregio96.webspace.tu-dresden.de\/index.php\/wp-json\/wp\/v2\/types\/page"}],"author":[{"embeddable":true,"href":"https:\/\/transregio96.webspace.tu-dresden.de\/index.php\/wp-json\/wp\/v2\/users\/2"}],"replies":[{"embeddable":true,"href":"https:\/\/transregio96.webspace.tu-dresden.de\/index.php\/wp-json\/wp\/v2\/comments?post=3647"}],"version-history":[{"count":5,"href":"https:\/\/transregio96.webspace.tu-dresden.de\/index.php\/wp-json\/wp\/v2\/pages\/3647\/revisions"}],"predecessor-version":[{"id":3655,"href":"https:\/\/transregio96.webspace.tu-dresden.de\/index.php\/wp-json\/wp\/v2\/pages\/3647\/revisions\/3655"}],"wp:attachment":[{"href":"https:\/\/transregio96.webspace.tu-dresden.de\/index.php\/wp-json\/wp\/v2\/media?parent=3647"}],"curies":[{"name":"wp","href":"https:\/\/api.w.org\/{rel}","templated":true}]}}