{"id":3691,"date":"2019-07-19T11:28:23","date_gmt":"2019-07-19T09:28:23","guid":{"rendered":"http:\/\/141.76.19.93\/SFBweb\/?page_id=3691"},"modified":"2020-08-21T11:58:56","modified_gmt":"2020-08-21T09:58:56","slug":"rueckblick-doktorandenseminare1","status":"publish","type":"page","link":"https:\/\/transregio96.webspace.tu-dresden.de\/index.php\/rueckblick-doktorandenseminare1\/","title":{"rendered":"F\u00f6rderung des wissenschaftlichen Nachwuchses"},"content":{"rendered":"<p>Wie in den zur\u00fcckliegenden Phasen ist auch in Phase 3 eine Herbstschule des SFB\/TR 96 f\u00fcr die Teilprojektbearbeiter\/-innen vorgesehen.<\/p>\n<p>Unsere Herbstschule hat mehrere Funktionen:<\/p>\n<ul>\n<li>Teambuilding: alle TP-Bearbeiter\/-innen haben die M\u00f6glichkeit, sich untereinander fachlich und pers\u00f6nlich au\u00dferhalb der offiziellen Beratungen auszutauschen. Das ist eine hervorragende Chance f\u00fcr die neuen TP-Bearbeiter\/-innen f\u00fcr den Einstieg in die neuen Aufgaben<\/li>\n<li>Qualifizierungsangebot: Ausgewiesene Trainer vermitteln Soft Skills, die die Doktoranden bzw. wissenschaftlichen Mitarbeiter\/-innen auf ihrem Weg unterst\u00fctzen. Wir setzen die Schwerpunkte so, dass sie \u00fcber das Standardprogramm der Hochschulen hinausgehen und nutzen die Gelegenheit, die Vermittlung der Soft Skills mit dem fachlichen Hintergrund des SFB\/TR 96 zu verkn\u00fcpfen<\/li>\n<li>Fachlicher Austausch: Je nach Zusammensetzung pr\u00e4sentieren die Doktoranden ihren Arbeitsstand und erhalten R\u00fcckmeldung und Hinweise zu ihrem Arbeitsstand<\/li>\n<\/ul>\n<p><strong>Die erste Herbstschule in Phase 3 fand vom 12.11. \u2013 15.11.2019 in Dresden statt.<br \/>\n<\/strong><\/p>\n<p>Auf der Agenda standen ein Workshop zu Pr\u00e4sentationstechniken und der Austausch zu den Promotionsthemen. Sehr intensiv war der Einstieg in die Arbeit am Forschungsdatenmanagement des SB\/TR 96, der von der Arbeitsgruppe Forschungsdatenmanamgenet der TU Dresden umfassend unterst\u00fctzt wurde.<\/p>\n<h2>R\u00fcckblick auf zur\u00fcckliegende Doktorandenseminare<\/h2>\n<div class=\"su-spoiler su-spoiler-style-default su-spoiler-icon-plus su-spoiler-closed\" data-scroll-offset=\"0\" data-anchor-in-url=\"no\"><div class=\"su-spoiler-title\" tabindex=\"0\" role=\"button\"><span class=\"su-spoiler-icon\"><\/span> International PhD Student Seminar \u201cThermal Issues in Machine Tools 4th \u2013 6th of December 2018<\/div><div class=\"su-spoiler-content su-u-clearfix su-u-trim\">\n<p>Erfolgreich f\u00fchrte der SFB\/TR 96 erstmals ein internationales Doktorandenseminar durch. Neben dem offiziellen Programm stand vor allem das gegenseitige Kennenlernen im Mittelpunkt. Und, die Veranstaltung trug Fr\u00fcchte. Die Teilnehmer aus Prag sprachen eine Gegeneinladung aus, die im Mai 2019 von MitarbeiterInnen des LWM angenommen wurde. Zum offiziellen Programm geh\u00f6rten<\/p>\n<div class=\"su-list\" style=\"margin-left:10px\">\n<ul>\n<li><i class=\"sui sui-play\" style=\"color:#333\"><\/i> Exkursion zu Starrag-Heckert in Chemnitz<\/li>\n<li><i class=\"sui sui-play\" style=\"color:#333\"><\/i> get together der Teilnehmer<\/li>\n<li><i class=\"sui sui-play\" style=\"color:#333\"><\/i> Pr\u00e4sentation der Promotionsvorhaben der Teilnehmer und Diskussion mit anderen Promovenden und vor allem feedback von Hochschullehrern (Prof. Beitelschmidt, Dr. Horejs, Dr. Mares)<\/li>\n<li><i class=\"sui sui-play\" style=\"color:#333\"><\/i> Erfahrungsaustausch zur erfolgreichen Arbeit an der Promotion Workshop zur Vision &#8222;Werkzeugmaschine der Zukunft&#8220; Besuch des Versuchsfeldes der Professur f\u00fcr Werkzeugmaschinenentwicklung und adaptive Steuerung<\/li>\n<\/ul>\n<\/div>\n<p><a href=\"http:\/\/141.76.19.93\/SFBweb\/wp-content\/uploads\/2012\/09\/Pr\u00e4si3.png\"><img loading=\"lazy\" decoding=\"async\" class=\"alignnone wp-image-3321 size-medium\" src=\"http:\/\/141.76.19.93\/SFBweb\/wp-content\/uploads\/2012\/09\/Pr\u00e4si3-300x194.png\" alt=\"Bild International PhD Student Seminar 2018\" width=\"300\" height=\"194\" srcset=\"https:\/\/transregio96.webspace.tu-dresden.de\/wp-content\/uploads\/2012\/09\/Pr\u00e4si3-300x194.png 300w, https:\/\/transregio96.webspace.tu-dresden.de\/wp-content\/uploads\/2012\/09\/Pr\u00e4si3-768x496.png 768w, https:\/\/transregio96.webspace.tu-dresden.de\/wp-content\/uploads\/2012\/09\/Pr\u00e4si3-1024x661.png 1024w, https:\/\/transregio96.webspace.tu-dresden.de\/wp-content\/uploads\/2012\/09\/Pr\u00e4si3-464x300.png 464w, https:\/\/transregio96.webspace.tu-dresden.de\/wp-content\/uploads\/2012\/09\/Pr\u00e4si3.png 1158w\" sizes=\"(max-width: 300px) 100vw, 300px\" \/><\/a><a href=\"http:\/\/141.76.19.93\/SFBweb\/wp-content\/uploads\/2012\/09\/Pr\u00e4si2.png\"><img loading=\"lazy\" decoding=\"async\" class=\"alignnone wp-image-3320 size-medium\" src=\"http:\/\/141.76.19.93\/SFBweb\/wp-content\/uploads\/2012\/09\/Pr\u00e4si2-300x196.png\" alt=\"Bild International PhD Student Seminar 2018\" width=\"300\" height=\"196\" srcset=\"https:\/\/transregio96.webspace.tu-dresden.de\/wp-content\/uploads\/2012\/09\/Pr\u00e4si2-300x196.png 300w, https:\/\/transregio96.webspace.tu-dresden.de\/wp-content\/uploads\/2012\/09\/Pr\u00e4si2-768x502.png 768w, https:\/\/transregio96.webspace.tu-dresden.de\/wp-content\/uploads\/2012\/09\/Pr\u00e4si2-1024x669.png 1024w, https:\/\/transregio96.webspace.tu-dresden.de\/wp-content\/uploads\/2012\/09\/Pr\u00e4si2-459x300.png 459w, https:\/\/transregio96.webspace.tu-dresden.de\/wp-content\/uploads\/2012\/09\/Pr\u00e4si2.png 1198w\" sizes=\"(max-width: 300px) 100vw, 300px\" \/><\/a><\/p>\n<p><a href=\"http:\/\/141.76.19.93\/SFBweb\/wp-content\/uploads\/2012\/09\/Pr\u00e4si.jpg\"><img loading=\"lazy\" decoding=\"async\" class=\"alignnone wp-image-3319 size-medium\" src=\"http:\/\/141.76.19.93\/SFBweb\/wp-content\/uploads\/2012\/09\/Pr\u00e4si-300x210.jpg\" alt=\"Bild International PhD Student Seminar 2018\" width=\"300\" height=\"210\" srcset=\"https:\/\/transregio96.webspace.tu-dresden.de\/wp-content\/uploads\/2012\/09\/Pr\u00e4si-300x210.jpg 300w, https:\/\/transregio96.webspace.tu-dresden.de\/wp-content\/uploads\/2012\/09\/Pr\u00e4si-768x538.jpg 768w, https:\/\/transregio96.webspace.tu-dresden.de\/wp-content\/uploads\/2012\/09\/Pr\u00e4si-1024x718.jpg 1024w, https:\/\/transregio96.webspace.tu-dresden.de\/wp-content\/uploads\/2012\/09\/Pr\u00e4si-428x300.jpg 428w\" sizes=\"(max-width: 300px) 100vw, 300px\" \/><\/a><\/p>\n<\/div><\/div>\n<div class=\"su-spoiler su-spoiler-style-default su-spoiler-icon-plus su-spoiler-closed\" data-scroll-offset=\"0\" data-anchor-in-url=\"no\"><div class=\"su-spoiler-title\" tabindex=\"0\" role=\"button\"><span class=\"su-spoiler-icon\"><\/span> Sommerschule 2016<\/div><div class=\"su-spoiler-content su-u-clearfix su-u-trim\">Vom 08.08.- 12.08.2016 fand die 4. Doktorandenschule f\u00fcr die wissenschaftlichen Mitarbeiter des SFB\/TR 96 im Hotel K\u00f6nig Albert H\u00f6he Rabenau bei Dresden statt. Dabei ging es insbesondere darum, die neuen Mitarbeiterinnen und Mitarbeiter im Bereich der Soft Skills zu trainieren. Umgesetzt wurde dies in verschiedenen Workshops, u. a. zu den Themen \u201eGute wissenschaftliche Praxis\u201c und \u201ePr\u00e4sentationstechniken\u201c, aber auch wissenschaftliches Schreiben. Herr Dr. Gommel und Frau Kutter- D\u00fcrr waren die Experten f\u00fcr die richtige Art der Pr\u00e4sentation bzw. \u201egegen\u201c wissenschaftliches Fehlverhalten eingeladen, w\u00e4hrend Frau Dr. Richter einen Input lieferte, wie \u201erichtig\u201c Schreiben funktioniert. Bei abendlichen Treffen und sch\u00f6nstem Wetter konnten sich die neuen Mitarbeiter der unterschiedlichen Standorte unter Anderem am Grill des Hotels besser kennenlernen, um gemeinsame projekt\u00fcbergreifende Kooperationen zu besprechen, die in der n\u00e4chsten Zeit umgesetzt werden sollen.<\/p>\n<div id=\"attachment_2802\" style=\"width: 310px\" class=\"wp-caption alignnone\"><a href=\"http:\/\/141.76.19.93\/SFBweb\/wp-content\/uploads\/2012\/09\/DSC07308.jpg\"><img loading=\"lazy\" decoding=\"async\" aria-describedby=\"caption-attachment-2802\" class=\"wp-image-2802 size-medium\" src=\"http:\/\/141.76.19.93\/SFBweb\/wp-content\/uploads\/2012\/09\/DSC07308-300x225.jpg\" alt=\"Bild Sommerschule 2016\" width=\"300\" height=\"225\" srcset=\"https:\/\/transregio96.webspace.tu-dresden.de\/wp-content\/uploads\/2012\/09\/DSC07308-300x225.jpg 300w, https:\/\/transregio96.webspace.tu-dresden.de\/wp-content\/uploads\/2012\/09\/DSC07308-768x576.jpg 768w, https:\/\/transregio96.webspace.tu-dresden.de\/wp-content\/uploads\/2012\/09\/DSC07308-1024x768.jpg 1024w, https:\/\/transregio96.webspace.tu-dresden.de\/wp-content\/uploads\/2012\/09\/DSC07308-400x300.jpg 400w\" sizes=\"(max-width: 300px) 100vw, 300px\" \/><\/a><p id=\"caption-attachment-2802\" class=\"wp-caption-text\">Frau Kutter- D\u00fcrr pr\u00e4sentiert&#8220; Pr\u00e4sentationstechniken&#8220;<\/p><\/div>\n<div id=\"attachment_2803\" style=\"width: 310px\" class=\"wp-caption alignnone\"><a href=\"http:\/\/141.76.19.93\/SFBweb\/wp-content\/uploads\/2012\/09\/DSC07319.jpg\"><img loading=\"lazy\" decoding=\"async\" aria-describedby=\"caption-attachment-2803\" class=\"wp-image-2803 size-medium\" src=\"http:\/\/141.76.19.93\/SFBweb\/wp-content\/uploads\/2012\/09\/DSC07319-300x225.jpg\" alt=\"Bild Sommerschule 2016\" width=\"300\" height=\"225\" srcset=\"https:\/\/transregio96.webspace.tu-dresden.de\/wp-content\/uploads\/2012\/09\/DSC07319-300x225.jpg 300w, https:\/\/transregio96.webspace.tu-dresden.de\/wp-content\/uploads\/2012\/09\/DSC07319-768x576.jpg 768w, https:\/\/transregio96.webspace.tu-dresden.de\/wp-content\/uploads\/2012\/09\/DSC07319-1024x768.jpg 1024w, https:\/\/transregio96.webspace.tu-dresden.de\/wp-content\/uploads\/2012\/09\/DSC07319-400x300.jpg 400w\" sizes=\"(max-width: 300px) 100vw, 300px\" \/><\/a><p id=\"caption-attachment-2803\" class=\"wp-caption-text\">Herr Dr. Gommel- Ombudsmann der DFG referiert \u00fcber &#8222;Gute wissenschaftliche Praxis&#8220;<\/p><\/div>\n<p>&nbsp;<\/p>\n<div id=\"attachment_2801\" style=\"width: 310px\" class=\"wp-caption alignnone\"><a href=\"http:\/\/141.76.19.93\/SFBweb\/wp-content\/uploads\/2012\/09\/DSC07303.jpg\"><img loading=\"lazy\" decoding=\"async\" aria-describedby=\"caption-attachment-2801\" class=\"wp-image-2801 size-medium\" src=\"http:\/\/141.76.19.93\/SFBweb\/wp-content\/uploads\/2012\/09\/DSC07303-300x225.jpg\" alt=\"Bild Sommerschule 2016\" width=\"300\" height=\"225\" srcset=\"https:\/\/transregio96.webspace.tu-dresden.de\/wp-content\/uploads\/2012\/09\/DSC07303-300x225.jpg 300w, https:\/\/transregio96.webspace.tu-dresden.de\/wp-content\/uploads\/2012\/09\/DSC07303-768x576.jpg 768w, https:\/\/transregio96.webspace.tu-dresden.de\/wp-content\/uploads\/2012\/09\/DSC07303-1024x768.jpg 1024w, https:\/\/transregio96.webspace.tu-dresden.de\/wp-content\/uploads\/2012\/09\/DSC07303-400x300.jpg 400w\" sizes=\"(max-width: 300px) 100vw, 300px\" \/><\/a><p id=\"caption-attachment-2801\" class=\"wp-caption-text\">Frau Dr. Beate Richter von der &#8222;Wissenschaftlichen Schreibwerkstatt&#8220;<\/p><\/div>\n<\/div><\/div>\n<div class=\"su-spoiler su-spoiler-style-default su-spoiler-icon-plus su-spoiler-closed\" data-scroll-offset=\"0\" data-anchor-in-url=\"no\"><div class=\"su-spoiler-title\" tabindex=\"0\" role=\"button\"><span class=\"su-spoiler-icon\"><\/span> Sommerschulen  vom 23.7. \u2013 27.07.2012, vom 08.07. \u2013 12.07.2013 und vom 21.09. -25.09.2015<\/div><div class=\"su-spoiler-content su-u-clearfix su-u-trim\">\n<p>Gezielte F\u00f6rderung f\u00fcr den wissenschaftlichen Nachwuchs innerhalb des SFB\/ TR 96 hie\u00df die Zielstellung, unter der die ersten beiden Veranstaltungen in der Villa Br\u00fccke in Dresden und die dritte Veranstaltung im Hotel K\u00f6nig Albert H\u00f6he in Rabenau stattfanden. Nicht nur das Wetter passte bei allen Veranstaltungen wunderbar, auch die Unterkunft war jedes mal ein perfekter Rahmen f\u00fcr eine Woche voll intensiver Arbeit und Eindr\u00fccke. Bei den ersten beiden Veranstaltungensreihen trafen sich jeweils Teilnehmer und Teilnehmerinnen aus Aachen, Chemnitz und aus Dresden um mit dem Workshop \u201eGute wissenschaftliche Praxis\u201c zu starten. Dr. Gommel aus Berlin erinnerte und mahnte bei den beiden Veranstaltungen, wie wichtig eine korrekte und saubere wissenschaftliche Arbeitsweise ist. Am dritten Tag lernten die Teilnehmer jeweils bei Frau Kutter-D\u00fcrr sich besser zu pr\u00e4sentieren bzw. welche Fehler man beim Pr\u00e4sentieren nicht machen sollte. All dies konnten die Teilnehmer dann unter den Augen der Gutachter bzw. aller Mitarbeiter des SFB im Rahmen einer Vollversammlung ausprobieren bzw. anwenden. Auch wenn dies nicht immer gelang, konnten alle doch viel von diesem Tag mitnehmen. In der ersten Sommerschule erfuhren die wiss. Mitarbeiter des SFB von Prof. Moritz noch, das \u201eIdeen \u00fcberbewertet werden\u201c. Am letzten Tag der Sommerschule mu\u00dften sie noch einmal kreativ sein, denn das Thema dieses Workshops hie\u00df \u201eKreativit\u00e4tstechniken\u201c. In der dritten Sommerschule, die eigentlich schon im Herbst stattfand und die den Beginn der zweiten Phase des SFB\/TR 96 einl\u00e4utete, wurde es f\u00fcr die \u201ealten Hasen\u201c unter den Projektbearbeitern ernst. Dieses mal wurde schon sehr konkret \u00fcber Probleme und L\u00f6sungen beim Anfertigen der Dissertation, aber auch \u00fcber Fallstricke beim wiisenschaftlichen Arbeiten und Publizieren gesprochen und von den externen Referenten Techniken und Tipps vermittelt. Die Teilnehmer bewerteten alle Sommerschulen durchweg positiv und meinten, dass besonders die Mischung aus Workshops und Freizeit gut gewesen w\u00e4ren, um sich kennenzulernen und in Zukunft noch besser miteinander innerhalb des SFB arbeiten zu k\u00f6nnen.<\/p>\n<p><a href=\"http:\/\/141.76.19.93\/SFBweb\/wp-content\/uploads\/2012\/09\/andreas_fertig.png\"><img loading=\"lazy\" decoding=\"async\" class=\"alignnone wp-image-42 size-medium\" src=\"http:\/\/141.76.19.93\/SFBweb\/wp-content\/uploads\/2012\/09\/andreas_fertig-300x225.png\" alt=\"Bild Sommerschulen 2012, 2013, 2015\" width=\"300\" height=\"225\" srcset=\"https:\/\/transregio96.webspace.tu-dresden.de\/wp-content\/uploads\/2012\/09\/andreas_fertig-300x225.png 300w, https:\/\/transregio96.webspace.tu-dresden.de\/wp-content\/uploads\/2012\/09\/andreas_fertig.png 400w\" sizes=\"(max-width: 300px) 100vw, 300px\" \/><\/a><a href=\"http:\/\/141.76.19.93\/SFBweb\/wp-content\/uploads\/2012\/09\/galant.png\"><img loading=\"lazy\" decoding=\"async\" class=\"alignnone wp-image-109 size-medium\" src=\"http:\/\/141.76.19.93\/SFBweb\/wp-content\/uploads\/2012\/09\/galant-300x225.png\" alt=\"Bild Sommerschulen 2012, 2013, 2015\" width=\"300\" height=\"225\" srcset=\"https:\/\/transregio96.webspace.tu-dresden.de\/wp-content\/uploads\/2012\/09\/galant-300x225.png 300w, https:\/\/transregio96.webspace.tu-dresden.de\/wp-content\/uploads\/2012\/09\/galant.png 400w\" sizes=\"(max-width: 300px) 100vw, 300px\" \/><\/a><a href=\"http:\/\/141.76.19.93\/SFBweb\/wp-content\/uploads\/2012\/09\/Kutter-D\u00fcrr.png\"><img loading=\"lazy\" decoding=\"async\" class=\"alignnone wp-image-130 size-medium\" src=\"http:\/\/141.76.19.93\/SFBweb\/wp-content\/uploads\/2012\/09\/Kutter-D\u00fcrr-300x225.png\" alt=\"Bild Sommerschulen 2012, 2013, 2015\" width=\"300\" height=\"225\" srcset=\"https:\/\/transregio96.webspace.tu-dresden.de\/wp-content\/uploads\/2012\/09\/Kutter-D\u00fcrr-300x225.png 300w, https:\/\/transregio96.webspace.tu-dresden.de\/wp-content\/uploads\/2012\/09\/Kutter-D\u00fcrr.png 400w\" sizes=\"(max-width: 300px) 100vw, 300px\" \/><\/a><a href=\"http:\/\/141.76.19.93\/SFBweb\/wp-content\/uploads\/2012\/09\/Sommerschule21.png\"><img loading=\"lazy\" decoding=\"async\" class=\"alignnone wp-image-428 size-medium\" src=\"http:\/\/141.76.19.93\/SFBweb\/wp-content\/uploads\/2012\/09\/Sommerschule21-300x225.png\" alt=\"Bild Sommerschulen 2012, 2013, 2015\" width=\"300\" height=\"225\" srcset=\"https:\/\/transregio96.webspace.tu-dresden.de\/wp-content\/uploads\/2012\/09\/Sommerschule21-300x225.png 300w, https:\/\/transregio96.webspace.tu-dresden.de\/wp-content\/uploads\/2012\/09\/Sommerschule21.png 400w\" sizes=\"(max-width: 300px) 100vw, 300px\" \/><\/a><\/p>\n<\/div><\/div>\n","protected":false},"excerpt":{"rendered":"<p>Wie in den zur\u00fcckliegenden Phasen ist auch in Phase 3 eine Herbstschule des SFB\/TR 96 f\u00fcr die Teilprojektbearbeiter\/-innen vorgesehen. Unsere Herbstschule hat mehrere Funktionen: Teambuilding: alle TP-Bearbeiter\/-innen haben die M\u00f6glichkeit, sich untereinander fachlich und pers\u00f6nlich au\u00dferhalb der offiziellen Beratungen auszutauschen. Das ist eine hervorragende Chance f\u00fcr die neuen TP-Bearbeiter\/-innen f\u00fcr den Einstieg in die neuen Aufgaben<\/p>\n<p><a class=\"more-link\" href=\"https:\/\/transregio96.webspace.tu-dresden.de\/index.php\/rueckblick-doktorandenseminare1\/\">Weiterlesen<\/a><\/p>\n","protected":false},"author":2,"featured_media":0,"parent":0,"menu_order":0,"comment_status":"closed","ping_status":"closed","template":"","meta":{"footnotes":""},"aioseo_notices":[],"_links":{"self":[{"href":"https:\/\/transregio96.webspace.tu-dresden.de\/index.php\/wp-json\/wp\/v2\/pages\/3691"}],"collection":[{"href":"https:\/\/transregio96.webspace.tu-dresden.de\/index.php\/wp-json\/wp\/v2\/pages"}],"about":[{"href":"https:\/\/transregio96.webspace.tu-dresden.de\/index.php\/wp-json\/wp\/v2\/types\/page"}],"author":[{"embeddable":true,"href":"https:\/\/transregio96.webspace.tu-dresden.de\/index.php\/wp-json\/wp\/v2\/users\/2"}],"replies":[{"embeddable":true,"href":"https:\/\/transregio96.webspace.tu-dresden.de\/index.php\/wp-json\/wp\/v2\/comments?post=3691"}],"version-history":[{"count":19,"href":"https:\/\/transregio96.webspace.tu-dresden.de\/index.php\/wp-json\/wp\/v2\/pages\/3691\/revisions"}],"predecessor-version":[{"id":4177,"href":"https:\/\/transregio96.webspace.tu-dresden.de\/index.php\/wp-json\/wp\/v2\/pages\/3691\/revisions\/4177"}],"wp:attachment":[{"href":"https:\/\/transregio96.webspace.tu-dresden.de\/index.php\/wp-json\/wp\/v2\/media?parent=3691"}],"curies":[{"name":"wp","href":"https:\/\/api.w.org\/{rel}","templated":true}]}}