{"id":380,"date":"2012-09-10T14:55:35","date_gmt":"2012-09-10T14:55:35","guid":{"rendered":"http:\/\/141.30.37.177\/SFBweb\/?page_id=380"},"modified":"2019-07-17T17:04:19","modified_gmt":"2019-07-17T15:04:19","slug":"c06-versuchstrager","status":"publish","type":"page","link":"https:\/\/transregio96.webspace.tu-dresden.de\/index.php\/projektbereich-c-komponenten-und-maschinengestaltung\/c06-versuchstrager\/","title":{"rendered":"C06: Versuchstr\u00e4ger"},"content":{"rendered":"<h1>Messtechnische Erfassung von verhaltens- und betriebszustandsrelevanten Gr\u00f6\u00dfen entlang der thermischen Wirkungskette f\u00fcr Analyse, Bewertung, Simulation und Korrektur an einem spezifischen Versuchstr\u00e4ger<\/h1>\n<h2>Teilprojektleiter<\/h2>\n<p>Dr.-Ing. Jens M\u00fcller: TU Dresden, Institut f\u00fcr Mechatronischen Maschinenbau, Professur f\u00fcr Werkzeugmaschinenentwicklung und adaptive Steuerung<\/p>\n<p>C06 befasst sich mit der messtechnischen Erfassung von Gr\u00f6\u00dfen entlang der thermischen Wirkungskette an Werkzeugmaschinen. In der 2. Phase ist es u.a. gelungen, mit einem selbst konfigurierten, optischen Messsystem und dem selbstentwickelten Programm &#8222;Photogrammetric Toolkit&#8220; ein Messmodell des Versuchstr\u00e4gers MAX zur gleichzeitigen Erfassung von Deformations- und Verlagerungszust\u00e4nden der Maschine zu erstellen. Darauf aufbauend soll das Messsystem in der 3. Phase um die Ber\u00fccksichtigung der umgebungsbedingten Einfl\u00fcsse erweitert\u00a0 (Genauigkeitssteigerung) und durch den Einsatz weiterer Sensoren (Interferometer, Thermoelemente etc.) gest\u00fctzt werden (Stabilit\u00e4t). Die Informationen dieser Sensordatenfusion sollen im Messmodell geb\u00fcndelt und ausgewertet werden, um so maschinenbedingte Parameterschwankungen zu erfassen. Dadurch kann die Berechnung der Korrekturans\u00e4tze der anderen TP messtechnisch verifiziert werden.<\/p>\n<p>&nbsp;<\/p>\n","protected":false},"excerpt":{"rendered":"<p>Messtechnische Erfassung von verhaltens- und betriebszustandsrelevanten Gr\u00f6\u00dfen entlang der thermischen Wirkungskette f\u00fcr Analyse, Bewertung, Simulation und Korrektur an einem spezifischen Versuchstr\u00e4ger Teilprojektleiter Dr.-Ing. Jens M\u00fcller: TU Dresden, Institut f\u00fcr Mechatronischen Maschinenbau, Professur f\u00fcr Werkzeugmaschinenentwicklung und adaptive Steuerung C06 befasst sich mit der messtechnischen Erfassung von Gr\u00f6\u00dfen entlang der thermischen Wirkungskette an Werkzeugmaschinen. In der 2. Phase<\/p>\n<p><a class=\"more-link\" href=\"https:\/\/transregio96.webspace.tu-dresden.de\/index.php\/projektbereich-c-komponenten-und-maschinengestaltung\/c06-versuchstrager\/\">Weiterlesen<\/a><\/p>\n","protected":false},"author":2,"featured_media":0,"parent":361,"menu_order":0,"comment_status":"closed","ping_status":"closed","template":"sidebar-page.php","meta":{"footnotes":""},"aioseo_notices":[],"_links":{"self":[{"href":"https:\/\/transregio96.webspace.tu-dresden.de\/index.php\/wp-json\/wp\/v2\/pages\/380"}],"collection":[{"href":"https:\/\/transregio96.webspace.tu-dresden.de\/index.php\/wp-json\/wp\/v2\/pages"}],"about":[{"href":"https:\/\/transregio96.webspace.tu-dresden.de\/index.php\/wp-json\/wp\/v2\/types\/page"}],"author":[{"embeddable":true,"href":"https:\/\/transregio96.webspace.tu-dresden.de\/index.php\/wp-json\/wp\/v2\/users\/2"}],"replies":[{"embeddable":true,"href":"https:\/\/transregio96.webspace.tu-dresden.de\/index.php\/wp-json\/wp\/v2\/comments?post=380"}],"version-history":[{"count":1,"href":"https:\/\/transregio96.webspace.tu-dresden.de\/index.php\/wp-json\/wp\/v2\/pages\/380\/revisions"}],"predecessor-version":[{"id":3679,"href":"https:\/\/transregio96.webspace.tu-dresden.de\/index.php\/wp-json\/wp\/v2\/pages\/380\/revisions\/3679"}],"up":[{"embeddable":true,"href":"https:\/\/transregio96.webspace.tu-dresden.de\/index.php\/wp-json\/wp\/v2\/pages\/361"}],"wp:attachment":[{"href":"https:\/\/transregio96.webspace.tu-dresden.de\/index.php\/wp-json\/wp\/v2\/media?parent=380"}],"curies":[{"name":"wp","href":"https:\/\/api.w.org\/{rel}","templated":true}]}}