{"id":4087,"date":"2020-07-24T14:47:44","date_gmt":"2020-07-24T12:47:44","guid":{"rendered":"http:\/\/141.76.19.93\/SFBweb\/?page_id=4087"},"modified":"2023-08-21T17:00:23","modified_gmt":"2023-08-21T15:00:23","slug":"impressum","status":"publish","type":"page","link":"https:\/\/transregio96.webspace.tu-dresden.de\/index.php\/impressum\/","title":{"rendered":"Impressum"},"content":{"rendered":"<p>Es gilt das <a title=\"Impressum der TU Dresden\" href=\"https:\/\/tu-dresden.de\/impressum\">Impressum der TU Dresden<\/a> mit folgenden Abweichungen:<\/p>\n<p><strong>VERANTWORTLICHKEITEN<\/strong><\/p>\n<p>Bei inhaltlichen Fragen wenden Sie sich bitte an:<br \/>\nGritt Ott<br \/>\nTechnische Universit\u00e4t Dresden<br \/>\nDE &#8211; 01062 Dresden<\/p>\n<p>E-Mail: gritt.ott@tu-dresden.de<br \/>\nTelefon: +49 351 463-34653<br \/>\nFax: +49 351 463-37119<\/p>\n<p><strong>Technische Umsetzung:<\/strong><br \/>\nTechnische Universit\u00e4t Dresden<br \/>\nSFB\/TR 96<br \/>\nLeitung: &#8211;<br \/>\nE-Mail: gritt.ott@tu-dresden.de<\/p>\n<h2>DATENSCHUTZERKL\u00c4RUNG<\/h2>\n<p>Die TU Dresden verarbeitet im Rahmen der Nutzung des \u00f6ffentlich zug\u00e4nglichen Webangebots (transregio96.de) personenbezogene Daten nur in Form von Cookies, die ausschlie\u00dflich zur Erbringung der Dienstleistung zwingend erforderlich sind. Das hei\u00dft insbesondere werden keine sogenannten Tracking-Cookies genutzt, um Nutzer:innenbewegungen und das Surfverhalten der Besucher:innen unserer Webseite zu erfassen bzw.\u00a0 zu analysieren.<\/p>\n<h3>Rechtsgrundlage<\/h3>\n<p>Rechtsgrundlage hierf\u00fcr ist Art. 6 Abs. 1 lit. f DSGVO.<\/p>\n<h3>Rechte betroffener Personen<\/h3>\n<ul>\n<li>Sie haben das Recht, von der TU Dresden Auskunft \u00fcber die zu Ihrer Person gespeicherten Daten zu erhalten und\/oder unrichtig gespeicherte Daten berichtigen zu lassen.<\/li>\n<li>Sie haben das Recht auf L\u00f6schung oder auf Einschr\u00e4nkung der Verarbeitung oder ein Widerspruchsrecht gegen die Verarbeitung.<\/li>\n<li>Sie k\u00f6nnen sich jederzeit an den Datenschutzbeauftragten der TU Dresden wenden:<br \/>\nTechnische Universit\u00e4t Dresden<br \/>\nDatenschutzbeauftragter<br \/>\n01062 Dresden<\/li>\n<\/ul>\n<p>Tel.: +49 (0) 351 463 32839<br \/>\nFax : +49 (0) 351 463 39718<br \/>\nE-Mail: <a href=\"mailto:informationssicherheit@tu-dresden.de\">informationssicherheit@tu-dresden.de<\/a><br \/>\n<a href=\"https:\/\/tu-dresden.de\/informationssicherheit\">https:\/\/tu-dresden.de\/informationssicherheit<\/a><\/p>\n<ul>\n<li>Sie haben weiterhin das Recht auf Beschwerde bei einer Aufsichtsbeh\u00f6rde, wenn Sie der Ansicht sind, dass die Verarbeitung der Sie betreffenden personenbezogenen Daten gegen die Rechtsvorschriften verst\u00f6\u00dft. Die zust\u00e4ndige Aufsichtsbeh\u00f6rde f\u00fcr den Datenschutz ist:<\/li>\n<\/ul>\n<p>S\u00e4chsische Datenschutzbeauftragte<\/p>\n<p>Frau Dr. Juliane Hundert<br \/>\nDevrientstra\u00dfe 5<br \/>\n01067 Dresden<br \/>\nE-Mail: <a href=\"mailto:post@sdtb.sachsen.de\">post@sdtb.sachsen.de<\/a><br \/>\nTelefon: + 49 (0) 35185471 101<br \/>\n<a href=\"http:\/\/www.datenschutz.sachsen.de\">www.datenschutz.sachsen.de<\/a><\/p>\n","protected":false},"excerpt":{"rendered":"<p>Es gilt das Impressum der TU Dresden mit folgenden Abweichungen: VERANTWORTLICHKEITEN Bei inhaltlichen Fragen wenden Sie sich bitte an: Gritt Ott Technische Universit\u00e4t Dresden DE &#8211; 01062 Dresden E-Mail: gritt.ott@tu-dresden.de Telefon: +49 351 463-34653 Fax: +49 351 463-37119 Technische Umsetzung: Technische Universit\u00e4t Dresden SFB\/TR 96 Leitung: &#8211; E-Mail: gritt.ott@tu-dresden.de DATENSCHUTZERKL\u00c4RUNG Die TU Dresden verarbeitet im Rahmen<\/p>\n<p><a class=\"more-link\" href=\"https:\/\/transregio96.webspace.tu-dresden.de\/index.php\/impressum\/\">Weiterlesen<\/a><\/p>\n","protected":false},"author":2,"featured_media":0,"parent":0,"menu_order":0,"comment_status":"closed","ping_status":"closed","template":"","meta":{"footnotes":""},"aioseo_notices":[],"_links":{"self":[{"href":"https:\/\/transregio96.webspace.tu-dresden.de\/index.php\/wp-json\/wp\/v2\/pages\/4087"}],"collection":[{"href":"https:\/\/transregio96.webspace.tu-dresden.de\/index.php\/wp-json\/wp\/v2\/pages"}],"about":[{"href":"https:\/\/transregio96.webspace.tu-dresden.de\/index.php\/wp-json\/wp\/v2\/types\/page"}],"author":[{"embeddable":true,"href":"https:\/\/transregio96.webspace.tu-dresden.de\/index.php\/wp-json\/wp\/v2\/users\/2"}],"replies":[{"embeddable":true,"href":"https:\/\/transregio96.webspace.tu-dresden.de\/index.php\/wp-json\/wp\/v2\/comments?post=4087"}],"version-history":[{"count":5,"href":"https:\/\/transregio96.webspace.tu-dresden.de\/index.php\/wp-json\/wp\/v2\/pages\/4087\/revisions"}],"predecessor-version":[{"id":5224,"href":"https:\/\/transregio96.webspace.tu-dresden.de\/index.php\/wp-json\/wp\/v2\/pages\/4087\/revisions\/5224"}],"wp:attachment":[{"href":"https:\/\/transregio96.webspace.tu-dresden.de\/index.php\/wp-json\/wp\/v2\/media?parent=4087"}],"curies":[{"name":"wp","href":"https:\/\/api.w.org\/{rel}","templated":true}]}}