{"id":418,"date":"2012-09-10T15:32:06","date_gmt":"2012-09-10T13:32:06","guid":{"rendered":"http:\/\/141.30.37.177\/SFBweb\/?page_id=418"},"modified":"2020-08-20T14:45:36","modified_gmt":"2020-08-20T12:45:36","slug":"forderung-von-gleichstellung-und-wissenschaftlichem-nachwuchs","status":"publish","type":"page","link":"https:\/\/transregio96.webspace.tu-dresden.de\/index.php\/forderung-von-gleichstellung-und-wissenschaftlichem-nachwuchs\/","title":{"rendered":"F\u00f6rderung von Gleichstellung"},"content":{"rendered":"<div id=\"pl-418\"  class=\"panel-layout\" ><div id=\"pg-418-0\"  class=\"panel-grid panel-no-style\" ><div id=\"pgc-418-0-0\"  class=\"panel-grid-cell\" ><div id=\"panel-418-0-0-0\" class=\"so-panel widget widget_sow-headline panel-first-child panel-last-child\" data-index=\"0\" ><div class=\"panel-widget-style panel-widget-style-for-418-0-0-0\" ><div\n\t\t\t\n\t\t\tclass=\"so-widget-sow-headline so-widget-sow-headline-default-1ed45792390f-418\"\n\t\t\t\n\t\t><div class=\"sow-headline-container \">\n\t\t\t\t\t\t\t<h2 class=\"sow-headline\">\n\t\t\t\t\t\t\u201eWir wollen die besten jungen Wissenschaftlerinnen, die wir finden k\u00f6nnen, in unseren SFB integrieren. Und genau mit der internationalen Ausstrahlung unseres SFB\/TR\u00a096 gelingt uns eine Sichtbarkeit, die die Chancen f\u00fcr das \u201eFinden der Besten\u201c deutlich erh\u00f6ht.  (Prof. Kneer)\t\t\t\t\t\t<\/h2>\n\t\t\t\t\t\t\t\t\t\t\t<div class=\"decoration\">\n\t\t\t\t\t\t<div class=\"decoration-inside\"><\/div>\n\t\t\t\t\t<\/div>\n\t\t\t\t\t<\/div>\n<\/div><\/div><\/div><\/div><\/div><div id=\"pg-418-1\"  class=\"panel-grid panel-no-style\" ><div id=\"pgc-418-1-0\"  class=\"panel-grid-cell\" ><div id=\"panel-418-1-0-0\" class=\"so-panel widget widget_sow-image panel-first-child panel-last-child\" data-index=\"1\" ><div class=\"panel-widget-style panel-widget-style-for-418-1-0-0\" ><div\n\t\t\t\n\t\t\tclass=\"so-widget-sow-image so-widget-sow-image-default-113ccd71f3e6-418\"\n\t\t\t\n\t\t>\n<h3 class=\"widget-title\">Networking<\/h3>\n<div class=\"sow-image-container\">\n\t\t<img loading=\"lazy\" decoding=\"async\" src=\"https:\/\/transregio96.webspace.tu-dresden.de\/wp-content\/uploads\/2019\/08\/GS1.png\" width=\"401\" height=\"267\" srcset=\"https:\/\/transregio96.webspace.tu-dresden.de\/wp-content\/uploads\/2019\/08\/GS1.png 401w, https:\/\/transregio96.webspace.tu-dresden.de\/wp-content\/uploads\/2019\/08\/GS1-300x200.png 300w, https:\/\/transregio96.webspace.tu-dresden.de\/wp-content\/uploads\/2019\/08\/GS1-272x182.png 272w\" sizes=\"(max-width: 401px) 100vw, 401px\" title=\"Networking\" alt=\"\" \t\tclass=\"so-widget-image\"\/>\n\t<\/div>\n\n<\/div><\/div><\/div><\/div><div id=\"pgc-418-1-1\"  class=\"panel-grid-cell\" ><div id=\"panel-418-1-1-0\" class=\"so-panel widget widget_sow-image panel-first-child panel-last-child\" data-index=\"2\" ><div\n\t\t\t\n\t\t\tclass=\"so-widget-sow-image so-widget-sow-image-default-113ccd71f3e6-418\"\n\t\t\t\n\t\t>\n<h3 class=\"widget-title\">Erfahrungsaustausch<\/h3>\n<div class=\"sow-image-container\">\n\t\t<img loading=\"lazy\" decoding=\"async\" src=\"https:\/\/transregio96.webspace.tu-dresden.de\/wp-content\/uploads\/2019\/08\/GS2.png\" width=\"387\" height=\"265\" srcset=\"https:\/\/transregio96.webspace.tu-dresden.de\/wp-content\/uploads\/2019\/08\/GS2.png 387w, https:\/\/transregio96.webspace.tu-dresden.de\/wp-content\/uploads\/2019\/08\/GS2-300x205.png 300w\" sizes=\"(max-width: 387px) 100vw, 387px\" title=\"Erfahrungsaustausch\" alt=\"\" \t\tclass=\"so-widget-image\"\/>\n\t<\/div>\n\n<\/div><\/div><\/div><div id=\"pgc-418-1-2\"  class=\"panel-grid-cell\" ><div id=\"panel-418-1-2-0\" class=\"so-panel widget widget_sow-image panel-first-child panel-last-child\" data-index=\"3\" ><div\n\t\t\t\n\t\t\tclass=\"so-widget-sow-image so-widget-sow-image-default-113ccd71f3e6-418\"\n\t\t\t\n\t\t>\n<h3 class=\"widget-title\">Aktivieren<\/h3>\n<div class=\"sow-image-container\">\n\t\t<img loading=\"lazy\" decoding=\"async\" src=\"https:\/\/transregio96.webspace.tu-dresden.de\/wp-content\/uploads\/2019\/08\/GS3.png\" width=\"386\" height=\"257\" srcset=\"https:\/\/transregio96.webspace.tu-dresden.de\/wp-content\/uploads\/2019\/08\/GS3.png 386w, https:\/\/transregio96.webspace.tu-dresden.de\/wp-content\/uploads\/2019\/08\/GS3-300x200.png 300w, https:\/\/transregio96.webspace.tu-dresden.de\/wp-content\/uploads\/2019\/08\/GS3-272x182.png 272w\" sizes=\"(max-width: 386px) 100vw, 386px\" title=\"Aktivieren\" alt=\"Gleichstellungswerbung kraftvolle frau\" \t\tclass=\"so-widget-image\"\/>\n\t<\/div>\n\n<\/div><\/div><\/div><\/div><div id=\"pg-418-2\"  class=\"panel-grid panel-no-style\" ><div id=\"pgc-418-2-0\"  class=\"panel-grid-cell\" ><div id=\"panel-418-2-0-0\" class=\"so-panel widget widget_sow-image panel-first-child panel-last-child\" data-index=\"4\" ><div\n\t\t\t\n\t\t\tclass=\"so-widget-sow-image so-widget-sow-image-default-8b5b6f678277-418\"\n\t\t\t\n\t\t>\n\n<div class=\"sow-image-container\">\n\t\t<img loading=\"lazy\" decoding=\"async\" src=\"https:\/\/transregio96.webspace.tu-dresden.de\/wp-content\/uploads\/2019\/07\/Mitarbeiterinnen-300x216.jpg\" width=\"300\" height=\"216\" srcset=\"https:\/\/transregio96.webspace.tu-dresden.de\/wp-content\/uploads\/2019\/07\/Mitarbeiterinnen-300x216.jpg 300w, https:\/\/transregio96.webspace.tu-dresden.de\/wp-content\/uploads\/2019\/07\/Mitarbeiterinnen-416x300.jpg 416w, https:\/\/transregio96.webspace.tu-dresden.de\/wp-content\/uploads\/2019\/07\/Mitarbeiterinnen.jpg 626w\" sizes=\"(max-width: 300px) 100vw, 300px\" alt=\"Foto Nachwuchswissenschaftlerinnen\" \t\tclass=\"so-widget-image\"\/>\n\t<\/div>\n\n<\/div><\/div><\/div><div id=\"pgc-418-2-1\"  class=\"panel-grid-cell\" ><div id=\"panel-418-2-1-0\" class=\"so-panel widget widget_sow-editor panel-first-child panel-last-child\" data-index=\"5\" ><div\n\t\t\t\n\t\t\tclass=\"so-widget-sow-editor so-widget-sow-editor-base\"\n\t\t\t\n\t\t>\n<div class=\"siteorigin-widget-tinymce textwidget\">\n\t<h2>Wissenschaftlichen Nachwuchs f\u00f6rdern<\/h2>\n<p>Erfolgsgeschichte 1:<br \/>\nFr. Dr. Janine Gl\u00e4nzel ist seit Phase 2 Leiterin des TP B09. Zun\u00e4chst als Co-TP-Leiterin tr\u00e4gt sie nun die Hauptverantwortung f\u00fcr das inhaltlich weiterentwickelte Teilprojekt.<\/p>\n<p>Erfolgsgeschichte 2:<br \/>\nFr. Jessica Deutsch interessierte sich zun\u00e4chst eher f\u00fcr die Verfahrenstechnik. Im Rahmen der Stammtischveranstaltungen lernte sie das IWM kennen und beschloss den Wechsel zur Werkzeugmaschinenentwicklung. Nach erfolgreicher Diplomarbeit wurde sie Mitarbeiterin im Teilprojekt C06 und war wesentlich an der Ausarbeitung des TP-Antrags beteiligt.<\/p>\n<p>Erfolgsgeschichte 3:<br \/>\nFr. Juliane Weber pr\u00e4sentierte ihre Forschungsergebnisse auf zahlreichen internationalen Konferenzen. Ihre Vortragst\u00e4tigkeit konnte sie dreimal mit dem begehrten Travel Award der TU Dresden kofinanzieren. Au\u00dferdem wurde ihre Publikation \"Thermal Impact of Different Cooling Sleeve's Flow Geometries in Motorized High-Speed Spindles\" zum 9. FPNI Ph.D. Symposium in Brasilien mit einem Paper Award ausgezeichnet.<\/p>\n<\/div>\n<\/div><\/div><\/div><\/div><div id=\"pg-418-3\"  class=\"panel-grid panel-no-style\" ><div id=\"pgc-418-3-0\"  class=\"panel-grid-cell\" ><div id=\"panel-418-3-0-0\" class=\"so-panel widget widget_sow-image panel-first-child\" data-index=\"6\" ><div\n\t\t\t\n\t\t\tclass=\"so-widget-sow-image so-widget-sow-image-default-8b5b6f678277-418\"\n\t\t\t\n\t\t>\n\n<div class=\"sow-image-container\">\n\t\t<img loading=\"lazy\" decoding=\"async\" src=\"https:\/\/transregio96.webspace.tu-dresden.de\/wp-content\/uploads\/2013\/10\/connectING_TUblau-300x59.png\" width=\"300\" height=\"59\" srcset=\"https:\/\/transregio96.webspace.tu-dresden.de\/wp-content\/uploads\/2013\/10\/connectING_TUblau-300x59.png 300w, https:\/\/transregio96.webspace.tu-dresden.de\/wp-content\/uploads\/2013\/10\/connectING_TUblau-768x152.png 768w, https:\/\/transregio96.webspace.tu-dresden.de\/wp-content\/uploads\/2013\/10\/connectING_TUblau-1024x203.png 1024w, https:\/\/transregio96.webspace.tu-dresden.de\/wp-content\/uploads\/2013\/10\/connectING_TUblau-500x99.png 500w\" sizes=\"(max-width: 300px) 100vw, 300px\" alt=\"ConnectING-Logo\" \t\tclass=\"so-widget-image\"\/>\n\t<\/div>\n\n<\/div><\/div><div id=\"panel-418-3-0-1\" class=\"so-panel widget widget_sow-editor panel-last-child\" data-index=\"7\" ><div\n\t\t\t\n\t\t\tclass=\"so-widget-sow-editor so-widget-sow-editor-base\"\n\t\t\t\n\t\t>\n<div class=\"siteorigin-widget-tinymce textwidget\">\n\t<p>Stammtischveranstaltungen an den drei Standorten geben Studentinnen die M\u00f6glichkeit, verschiedene Institute mit ihren Versuchsfeldern kennenzulernen.<br \/>\nSie unterst\u00fctzen den Austausch unter den Studentinnen sowie zwischen Mitarbeiterinnen und Studentinnen.<\/p>\n<p>In selbst gestalteten Seminaren werden Soft Skills vermittelt:<br \/>\nSpannende Themen waren u. a. :<\/p>\n<ul>\n<li><span style=\"color: #000000;\">\u201eWie pr\u00e4sentiere ich meine wissenschaftliche Arbeit optimal?\u201c<\/span><\/li>\n<li><span style=\"color: #000000;\">\u201eSpitze sein, wenn\u2019s drauf ankommt: Ged\u00e4chtnistraining f\u00fcr die Pr\u00fcfungszeit\u201c<\/span><\/li>\n<li><span style=\"color: #000000;\">\u201eBerufseinstieg mit und ohne Promotion\u201c<\/span><\/li>\n<li><span style=\"color: #000000;\">\u201eBewerben, aber richtig\u201c<\/span><\/li>\n<li><span style=\"color: #000000;\">Lebenslanges Lernen und Interdisziplinarit\u00e4t<\/span><\/li>\n<\/ul>\n<p>Highlight ist das vom SFB\/TR 96 organisierte Herbstseminar, welches seit 2013 j\u00e4hrlich an 3 - 5 Tagen mit verschiedenen Soft Skill-Workshops, Instituts- und Unternehmensbesichtigungen stattfindet.<br \/>\n2017 und 2018 wurden diese Herbstseminare standort\u00fcbergreifend durchgef\u00fchrt. 40 Teilnehmerinnen waren es insgesamt 2017 und 2018.<\/p>\n<p>Am Standort Dresden organisiert der SFB\/TR 96 die Gleichstellungsma\u00dfnahmen im Rahmen von ConnectING. Hier gibt es die <a href=\"http:\/\/141.76.19.93\/SFBweb\/index.php\/aktueller-studentinnenstammtisch\/\">Details und Termine.<\/a><\/p>\n<\/div>\n<\/div><\/div><\/div><\/div><\/div>","protected":false},"excerpt":{"rendered":"<p>\u201eWir wollen die besten jungen Wissenschaftlerinnen, die wir finden k\u00f6nnen, in unseren SFB integrieren. Und genau mit der internationalen Ausstrahlung unseres SFB\/TR\u00a096 gelingt uns eine Sichtbarkeit, die die Chancen f\u00fcr das \u201eFinden der Besten\u201c deutlich erh\u00f6ht. (Prof. Kneer) Networking Erfahrungsaustausch Aktivieren Wissenschaftlichen Nachwuchs f\u00f6rdern Erfolgsgeschichte 1: Fr. Dr. Janine Gl\u00e4nzel ist seit Phase 2 Leiterin des<\/p>\n<p><a class=\"more-link\" href=\"https:\/\/transregio96.webspace.tu-dresden.de\/index.php\/forderung-von-gleichstellung-und-wissenschaftlichem-nachwuchs\/\">Weiterlesen<\/a><\/p>\n","protected":false},"author":2,"featured_media":0,"parent":0,"menu_order":15,"comment_status":"closed","ping_status":"closed","template":"","meta":{"footnotes":""},"aioseo_notices":[],"_links":{"self":[{"href":"https:\/\/transregio96.webspace.tu-dresden.de\/index.php\/wp-json\/wp\/v2\/pages\/418"}],"collection":[{"href":"https:\/\/transregio96.webspace.tu-dresden.de\/index.php\/wp-json\/wp\/v2\/pages"}],"about":[{"href":"https:\/\/transregio96.webspace.tu-dresden.de\/index.php\/wp-json\/wp\/v2\/types\/page"}],"author":[{"embeddable":true,"href":"https:\/\/transregio96.webspace.tu-dresden.de\/index.php\/wp-json\/wp\/v2\/users\/2"}],"replies":[{"embeddable":true,"href":"https:\/\/transregio96.webspace.tu-dresden.de\/index.php\/wp-json\/wp\/v2\/comments?post=418"}],"version-history":[{"count":20,"href":"https:\/\/transregio96.webspace.tu-dresden.de\/index.php\/wp-json\/wp\/v2\/pages\/418\/revisions"}],"predecessor-version":[{"id":4173,"href":"https:\/\/transregio96.webspace.tu-dresden.de\/index.php\/wp-json\/wp\/v2\/pages\/418\/revisions\/4173"}],"wp:attachment":[{"href":"https:\/\/transregio96.webspace.tu-dresden.de\/index.php\/wp-json\/wp\/v2\/media?parent=418"}],"curies":[{"name":"wp","href":"https:\/\/api.w.org\/{rel}","templated":true}]}}