{"id":4187,"date":"2020-09-07T08:43:27","date_gmt":"2020-09-07T06:43:27","guid":{"rendered":"http:\/\/141.76.19.93\/SFBweb\/?page_id=4187"},"modified":"2020-09-14T14:33:00","modified_gmt":"2020-09-14T12:33:00","slug":"erklaerung-zur-barrierefreiheit","status":"publish","type":"page","link":"https:\/\/transregio96.webspace.tu-dresden.de\/index.php\/erklaerung-zur-barrierefreiheit\/","title":{"rendered":"Erkl\u00e4rung zur Barrierefreiheit"},"content":{"rendered":"<p>Der SFB\/TR 96 ist bem\u00fcht, seine Website <em><a href=\"http:\/\/transregio96.de\">http:\/\/transregio96.de<\/a> <\/em>\u00a0im Einklang mit den nationalen Rechtsvorschriften zur Umsetzung der Richtlinie (EU) 2016\/2102 des Europ\u00e4ischen Parlaments und des Rates barrierefrei zug\u00e4nglich zu machen.<\/p>\n<h2>Erstellung dieser Erkl\u00e4rung zur Barrierefreiheit<\/h2>\n<p>Diese Erkl\u00e4rung wurde am <em>7.9.2020 <\/em>\u00a0erstellt. Die letzte \u00dcberpr\u00fcfung des Webauftritts des SFB\/TR 96 und dieser Erkl\u00e4rung wurde am <em>4.9.2020<\/em> durchgef\u00fchrt.<\/p>\n<p>Grundlage der Erstellung dieser Erkl\u00e4rung zur Barrierefreiheit ist eine von der <em>TU Dresden \u00a0<\/em>durchgef\u00fchrte Selbstbewertung der Vereinbarkeit der Website mit den Anforderungen des BfWebG in Verbindung mit der BITV 2.0.<\/p>\n<h2>Stand der Vereinbarkeit mit den Anforderungen der BITV<\/h2>\n<p>Diese Website ist wegen der folgenden Unvereinbarkeiten und\/oder Ausnahmen teilweise mit den Vorgaben des BfWebG in Verbindung mit der BITV 2.0 vereinbar.<\/p>\n<h2>Nicht barrierefreie Inhalte<\/h2>\n<ul>\n<li>Alternativtexte sind nicht in vollem Umfang vorhanden bzw. sind nicht in jedem Fall vollst\u00e4ndig aussagekr\u00e4ftig<\/li>\n<li>Die Sortierung der Gastwissenschaftler-Tabelle ist nicht per Tastatur m\u00f6glich, die eigentlichen Inhalte sind aber zug\u00e4nglich.<\/li>\n<\/ul>\n<h2>Begr\u00fcndung<\/h2>\n<p>Wir verf\u00fcgen \u00fcber einen sehr umfangreichen und vielf\u00e4ltigen Webauftritt mit einer Vielzahl von Dokumenten. Dieser wurde vor dem 23. September 2018 ver\u00f6ffentlicht und entspricht daher nicht dem aktuellen Stand der Barrierefreiheit. Wir bem\u00fchen uns, die Barrieren abzubauen, k\u00f6nnen jedoch aufgrund der Ressourcenlage im Projektbetrieb derzeit keinen vollumf\u00e4nglich barrierefreien Webauftritt bereitstellen. Kontaktieren Sie uns telefonisch oder per Mail, wenn (Teile unserer) Inhalte f\u00fcr Sie nicht barrierefrei zug\u00e4nglich sind. Wir bem\u00fchen uns dann die gew\u00fcnschten Informationen bereitzustellen.<\/p>\n<h2>Alternative Zugangswege bzw. unterst\u00fctzende Funktionen<\/h2>\n<p>Als Unterst\u00fctzung f\u00fcr eine individuellere Einstellung von Textgr\u00f6\u00dfen, Farbkontrasten und das Hervorheben von Verlinkungen gibt es die Accessibility-Tools am linken Seitenbereich erreichbar sind.<\/p>\n<h2>Kontakt<\/h2>\n<p>Sollten Ihnen M\u00e4ngel in Bezug auf die barrierefreie Gestaltung auffallen, wenden Sie sich bitte per Email an <em>sekretariat@transregio96.de<\/em>.<\/p>\n<h2>Durchsetzungsverfahren<\/h2>\n<p>Wenn wir Ihre R\u00fcckmeldungen aus Ihrer Sicht nicht befriedigend bearbeiten, k\u00f6nnen Sie sich an die <em>S\u00e4chsische Durchsetzungsstelle<\/em> wenden:<\/p>\n<p>Beauftragter der S\u00e4chsischen Staatsregierung f\u00fcr die Belange von Menschen mit Behinderungen<br \/>\nAlbertstra\u00dfe 10, 01097 Dresden<\/p>\n<p>Postanschrift: Archivstra\u00dfe 1, 01097 Dresden<br \/>\nE-Mail: <a href=\"mailto:info.behindertenbeauftragter@sk.sachsen.de\"><u>info.behindertenbeauftragter@sk.sachsen.de<\/u><\/a><br \/>\nTelefon: <a href=\"tel:035156412161\"><u>0351 564-12161<\/u><\/a><br \/>\nFax: 0351 564-12169<br \/>\nWebseite: <a href=\"https:\/\/www.inklusion.sachsen.de\"><u>https:\/\/www.inklusion.sachsen.de<\/u><\/a><\/p>\n","protected":false},"excerpt":{"rendered":"<p>Der SFB\/TR 96 ist bem\u00fcht, seine Website http:\/\/transregio96.de \u00a0im Einklang mit den nationalen Rechtsvorschriften zur Umsetzung der Richtlinie (EU) 2016\/2102 des Europ\u00e4ischen Parlaments und des Rates barrierefrei zug\u00e4nglich zu machen. Erstellung dieser Erkl\u00e4rung zur Barrierefreiheit Diese Erkl\u00e4rung wurde am 7.9.2020 \u00a0erstellt. Die letzte \u00dcberpr\u00fcfung des Webauftritts des SFB\/TR 96 und dieser Erkl\u00e4rung wurde am 4.9.2020 durchgef\u00fchrt.<\/p>\n<p><a class=\"more-link\" href=\"https:\/\/transregio96.webspace.tu-dresden.de\/index.php\/erklaerung-zur-barrierefreiheit\/\">Weiterlesen<\/a><\/p>\n","protected":false},"author":2,"featured_media":0,"parent":0,"menu_order":0,"comment_status":"closed","ping_status":"closed","template":"","meta":{"footnotes":""},"aioseo_notices":[],"_links":{"self":[{"href":"https:\/\/transregio96.webspace.tu-dresden.de\/index.php\/wp-json\/wp\/v2\/pages\/4187"}],"collection":[{"href":"https:\/\/transregio96.webspace.tu-dresden.de\/index.php\/wp-json\/wp\/v2\/pages"}],"about":[{"href":"https:\/\/transregio96.webspace.tu-dresden.de\/index.php\/wp-json\/wp\/v2\/types\/page"}],"author":[{"embeddable":true,"href":"https:\/\/transregio96.webspace.tu-dresden.de\/index.php\/wp-json\/wp\/v2\/users\/2"}],"replies":[{"embeddable":true,"href":"https:\/\/transregio96.webspace.tu-dresden.de\/index.php\/wp-json\/wp\/v2\/comments?post=4187"}],"version-history":[{"count":2,"href":"https:\/\/transregio96.webspace.tu-dresden.de\/index.php\/wp-json\/wp\/v2\/pages\/4187\/revisions"}],"predecessor-version":[{"id":4197,"href":"https:\/\/transregio96.webspace.tu-dresden.de\/index.php\/wp-json\/wp\/v2\/pages\/4187\/revisions\/4197"}],"wp:attachment":[{"href":"https:\/\/transregio96.webspace.tu-dresden.de\/index.php\/wp-json\/wp\/v2\/media?parent=4187"}],"curies":[{"name":"wp","href":"https:\/\/api.w.org\/{rel}","templated":true}]}}