{"id":423,"date":"2012-09-10T15:59:11","date_gmt":"2012-09-10T13:59:11","guid":{"rendered":"http:\/\/141.30.37.177\/SFBweb\/?page_id=423"},"modified":"2021-04-20T17:31:46","modified_gmt":"2021-04-20T15:31:46","slug":"berufsorientierende-projekte","status":"publish","type":"page","link":"https:\/\/transregio96.webspace.tu-dresden.de\/index.php\/forderung-von-gleichstellung-und-wissenschaftlichem-nachwuchs\/berufsorientierende-projekte\/","title":{"rendered":"Berufsorientierende Projekte"},"content":{"rendered":"<p>Am\u00a006.07.2012\u00a0fand in Dresden die\u00a0<strong>10. Lange Nacht der Wissenschaften<\/strong>\u00a0statt.<br \/>\nAuch der SFB\/TR 96 war aktiv, um besonders die M\u00e4dchen auf den Beruf der Ingenieurin aufmerksam zu machen. Neben Flyern, B\u00fcchern und anderen Info-Materialien konnten sich die angehenden Forscher und Ingenieure und Ingenieurinnen von morgen an Legomindstorm ausprobieren. Trotz des schlechten Wetters war der Ansturm gewaltig und viele Besucher auf dem Unigel\u00e4nde unterwegs.<\/p>\n<p style=\"text-align: center;\"><img loading=\"lazy\" decoding=\"async\" class=\"aligncenter wp-image-135\" title=\"bild von lange nacht der wissenschaften 2012\" src=\"http:\/\/141.76.19.93\/SFBweb\/wp-content\/uploads\/2012\/09\/LangeNacht_website.png\" alt=\"Foto 10. Lange Nacht der Wissenschaften\" width=\"371\" height=\"278\" srcset=\"https:\/\/transregio96.webspace.tu-dresden.de\/wp-content\/uploads\/2012\/09\/LangeNacht_website.png 662w, https:\/\/transregio96.webspace.tu-dresden.de\/wp-content\/uploads\/2012\/09\/LangeNacht_website-300x225.png 300w\" sizes=\"(max-width: 371px) 100vw, 371px\" \/><span style=\"font-size: x-small;\">Foto: SFB\/TR96-Gesch\u00e4ftsstelle-Lange Nacht 2012<\/span><\/p>\n<p style=\"text-align: left;\"><span style=\"text-align: left;\">Am 26.04.2012 fand in Chemnitz der\u00a0<\/span><strong style=\"text-align: left;\">Girlsday 2012<\/strong><span style=\"text-align: left;\">\u00a0statt. An diesem Tag sind die M\u00e4dchen aufgefordert, sich in ansonsten typischen M\u00e4nnerberufen zu versuchen. in Zusammenarbeit mit dem Future-Campus der TU Chemnitz hatten die M\u00e4dchen so zum Beispiel Gelegenheit, sich an vom SFB\/TR96 finanzierten Lego-Mindstorms- Baus\u00e4tzen auszuprobieren. Dieses Legosystem erm\u00f6glicht den Nachbau\u00a0 komplexer funktionsf\u00e4higer Maschinen- und Robotermodelle.<\/span><\/p>\n<p style=\"text-align: center;\"><img loading=\"lazy\" decoding=\"async\" class=\"aligncenter wp-image-110\" title=\"bild von future campus\" src=\"http:\/\/141.76.19.93\/SFBweb\/wp-content\/uploads\/2012\/09\/girlsday_2012_Chemnitz-.jpg\" alt=\"Foto Girlsday 2012\" width=\"240\" height=\"372\" srcset=\"https:\/\/transregio96.webspace.tu-dresden.de\/wp-content\/uploads\/2012\/09\/girlsday_2012_Chemnitz-.jpg 300w, https:\/\/transregio96.webspace.tu-dresden.de\/wp-content\/uploads\/2012\/09\/girlsday_2012_Chemnitz--194x300.jpg 194w\" sizes=\"(max-width: 240px) 100vw, 240px\" \/><span style=\"font-size: x-small;\">Foto: TU Chemnitz &#8211; Future-Campus<\/span><\/p>\n<p style=\"text-align: left;\">Pr\u00e4sentation zum Schnupperstudium\u00a0<strong>Uni Live<\/strong> am 12.1.2012\u00a0an der TU Dresden<\/p>\n<p style=\"text-align: center;\"><img loading=\"lazy\" decoding=\"async\" class=\"aligncenter wp-image-136\" title=\"werbebild f\u00fcr schnupperstudium uni live 2012\" src=\"http:\/\/141.76.19.93\/SFBweb\/wp-content\/uploads\/2012\/09\/Linda_web.jpg\" alt=\"Foto Schnupperstudium\u00a0Uni Live 2012\" width=\"249\" height=\"324\" srcset=\"https:\/\/transregio96.webspace.tu-dresden.de\/wp-content\/uploads\/2012\/09\/Linda_web.jpg 308w, https:\/\/transregio96.webspace.tu-dresden.de\/wp-content\/uploads\/2012\/09\/Linda_web-231x300.jpg 231w\" sizes=\"(max-width: 249px) 100vw, 249px\" \/><span style=\"font-size: x-small;\">Foto:\u00a0\u00a9Toni Klemm Fotografie<\/span><\/p>\n<p style=\"text-align: left;\"><strong>Sch\u00fclerinnen zum Praktikum beim SFB\/TR 96<\/strong><br \/>\nIn der letzten Februarwoche fand das Praktikum der 7. und 8. Klassen des Martin-Andersen-Nex\u00f6-Gymnasiums &#8211; ein Gymnasium mit ausgepr\u00e4gtem naturwissenschaftlichen Profil aus Dresden &#8211; an der TU Dresden statt. Auch der SFB\/TR96 beteiligte sich mit zwei ausschlie\u00dflich weiblichen Praktikumsgruppen. Die M\u00e4dchen mussten unter anderem zum Thema \u201eFrauen im Maschinenbau\u201c recherchieren und einen fiktiven Webshop erstellen. Beide Gruppen meisterten die Aufgabenstellungen sehr gut und pr\u00e4sentierten am Ende der Woche ihre Ergebnisse mit Erfolg vor einer Jury.<\/p>\n<p style=\"text-align: center;\"><a href=\"https:\/\/transregio96.webspace.tu-dresden.de\/wp-content\/uploads\/2012\/09\/Bild01.png\"><img loading=\"lazy\" decoding=\"async\" class=\"alignnone wp-image-76\" title=\"bild von praktikumswoche in manos\" src=\"https:\/\/transregio96.webspace.tu-dresden.de\/wp-content\/uploads\/2012\/09\/Bild01.png\" alt=\"bild von praktikumswoche in manos\" width=\"244\" height=\"162\" \/><\/a><\/p>\n<p style=\"text-align: center;\"><span style=\"font-size: x-small;\">Foto: SFB\/TR96-Gesch\u00e4ftsstelle- Praktikumswoche Manos<br \/>\n<\/span><\/p>\n","protected":false},"excerpt":{"rendered":"<p>Am\u00a006.07.2012\u00a0fand in Dresden die\u00a010. Lange Nacht der Wissenschaften\u00a0statt. Auch der SFB\/TR 96 war aktiv, um besonders die M\u00e4dchen auf den Beruf der Ingenieurin aufmerksam zu machen. Neben Flyern, B\u00fcchern und anderen Info-Materialien konnten sich die angehenden Forscher und Ingenieure und Ingenieurinnen von morgen an Legomindstorm ausprobieren. Trotz des schlechten Wetters war der Ansturm gewaltig und viele<\/p>\n<p><a class=\"more-link\" href=\"https:\/\/transregio96.webspace.tu-dresden.de\/index.php\/forderung-von-gleichstellung-und-wissenschaftlichem-nachwuchs\/berufsorientierende-projekte\/\">Weiterlesen<\/a><\/p>\n","protected":false},"author":2,"featured_media":0,"parent":418,"menu_order":1,"comment_status":"closed","ping_status":"closed","template":"","meta":{"footnotes":""},"aioseo_notices":[],"_links":{"self":[{"href":"https:\/\/transregio96.webspace.tu-dresden.de\/index.php\/wp-json\/wp\/v2\/pages\/423"}],"collection":[{"href":"https:\/\/transregio96.webspace.tu-dresden.de\/index.php\/wp-json\/wp\/v2\/pages"}],"about":[{"href":"https:\/\/transregio96.webspace.tu-dresden.de\/index.php\/wp-json\/wp\/v2\/types\/page"}],"author":[{"embeddable":true,"href":"https:\/\/transregio96.webspace.tu-dresden.de\/index.php\/wp-json\/wp\/v2\/users\/2"}],"replies":[{"embeddable":true,"href":"https:\/\/transregio96.webspace.tu-dresden.de\/index.php\/wp-json\/wp\/v2\/comments?post=423"}],"version-history":[{"count":6,"href":"https:\/\/transregio96.webspace.tu-dresden.de\/index.php\/wp-json\/wp\/v2\/pages\/423\/revisions"}],"predecessor-version":[{"id":4406,"href":"https:\/\/transregio96.webspace.tu-dresden.de\/index.php\/wp-json\/wp\/v2\/pages\/423\/revisions\/4406"}],"up":[{"embeddable":true,"href":"https:\/\/transregio96.webspace.tu-dresden.de\/index.php\/wp-json\/wp\/v2\/pages\/418"}],"wp:attachment":[{"href":"https:\/\/transregio96.webspace.tu-dresden.de\/index.php\/wp-json\/wp\/v2\/media?parent=423"}],"curies":[{"name":"wp","href":"https:\/\/api.w.org\/{rel}","templated":true}]}}