{"id":4762,"date":"2022-03-08T16:37:32","date_gmt":"2022-03-08T15:37:32","guid":{"rendered":"https:\/\/transregio96.webspace.tu-dresden.de\/?page_id=4762"},"modified":"2024-05-15T14:25:54","modified_gmt":"2024-05-15T12:25:54","slug":"willkommen-beim-sfb-tr-96","status":"publish","type":"page","link":"https:\/\/transregio96.webspace.tu-dresden.de\/","title":{"rendered":"Willkommen beim SFB\/TR 96"},"content":{"rendered":"\n<div class=\"wp-block-columns is-layout-flex wp-container-core-columns-is-layout-2 wp-block-columns-is-layout-flex\">\n<div class=\"wp-block-column is-layout-flow wp-block-column-is-layout-flow\">\n<h2 class=\"wp-block-heading\">Willkommen beim SFB\/TR 96: Thermo-energetische Gestaltung von Werkzeugmaschinen &#8211; Eine systemische L\u00f6sung des Zielkonflikts von Energieeinsatz, Genauigkeit und Produktivit\u00e4t am Beispiel der spanenden Fertigung<\/h2>\n\n\n\n<h2 class=\"wp-block-heading\">Unsere Vision<\/h2>\n\n\n\n<figure class=\"wp-block-image size-medium\"><a href=\"https:\/\/transregio96.webspace.tu-dresden.de\/wp-content\/uploads\/2019\/07\/karte.png\"><img loading=\"lazy\" decoding=\"async\" width=\"263\" height=\"300\" src=\"https:\/\/transregio96.webspace.tu-dresden.de\/wp-content\/uploads\/2019\/07\/karte-263x300.png\" alt=\"Deutschlandkarte mit den Standorten Dresden, Aachen und Chemnitz\" class=\"wp-image-3613\" srcset=\"https:\/\/transregio96.webspace.tu-dresden.de\/wp-content\/uploads\/2019\/07\/karte-263x300.png 263w, https:\/\/transregio96.webspace.tu-dresden.de\/wp-content\/uploads\/2019\/07\/karte-768x875.png 768w, https:\/\/transregio96.webspace.tu-dresden.de\/wp-content\/uploads\/2019\/07\/karte-899x1024.png 899w, https:\/\/transregio96.webspace.tu-dresden.de\/wp-content\/uploads\/2019\/07\/karte.png 1441w\" sizes=\"(max-width: 263px) 100vw, 263px\" \/><\/a><\/figure>\n\n\n\n<div class=\"wp-block-columns is-layout-flex wp-container-core-columns-is-layout-1 wp-block-columns-is-layout-flex\">\n<div class=\"wp-block-column is-layout-flow wp-block-column-is-layout-flow\" style=\"flex-basis:100%\">\n<p>Erreichen eines Optimums bei Gestaltung und Betrieb von Werkzeugmaschinen unter den Gesichtspunkten von Energieeinsatz und Fertigungsqualit\u00e4t hinsichtlich thermischer Ursachen und Wirkungen unter stark variierenden Prozessanforderungen, Einsatz- und Umgebungsbedingungen.<\/p>\n\n\n\n<p>Das hei\u00dft:<\/p>\n\n\n\n<ul>\n<li>mit spezifisch weniger Energie (<strong>E<\/strong> \u2193)<\/li>\n\n\n\n<li>mehr produktive Leistung (<strong>P<\/strong> \u2191)<\/li>\n\n\n\n<li>bei gesteigerter Fertigungsqualit\u00e4t (<strong>Q<\/strong> \u2191)<\/li>\n<\/ul>\n<\/div>\n<\/div>\n\n\n\n<hr class=\"wp-block-separator has-css-opacity\"\/>\n\n\n\n<h2 class=\"wp-block-heading\">Sechs neue Transferprojekte starten ab 1.7.2024<\/h2>\n\n\n\n<p>Nach erfolgreicher Begutachtung im Januar 2024 wurde Anfang Mai die Entscheidung getroffen, die Forschungsergebnisse von 12 Jahren erfolgreicher Arbeit im SFB\/TR 96 in 6 Transferprojekten mit einer Laufzeit von 2 Jahren zu vertiefen. Detailinformationen hierzu finden Sie im <strong><a href=\"https:\/\/transregio96.webspace.tu-dresden.de\/index.php\/projektbereich-t-transferprojekte\/\" title=\"\">Projektbereich T<\/a>.<\/strong><\/p>\n\n\n\n<h2 class=\"wp-block-heading\">Lehrvideos erstellt<\/h2>\n\n\n\n<p>Im Rahmen des SFB\/TR 96 wurden f\u00fcr Lehrzwecke Videoclips erstellt, in den der Einsatz unterschiedlicher Messverfahren zur Bestimmung von thermisch bedingten Fehlern in Werkzeugmaschinen vorgestellt werden. Diese sind unter folgender <a href=\"https:\/\/www.youtube.com\/playlist?list=PL6GQgchHwQmEYma4nTelp6Uqq6Z_lH--X\" target=\"_blank\" rel=\"noopener\" title=\"\"><strong>Adresse<\/strong><\/a> bei Youtube zu finden. <\/p>\n\n\n\n<h2 class=\"wp-block-heading\">DOCASYS zug\u00e4nglich<\/h2>\n\n\n\n<p>In diesem <strong><a href=\"https:\/\/www.youtube.com\/watch?v=Gw5LfI4HFqU\" target=\"_blank\" rel=\"noopener\" title=\"Video\">Video<\/a> <\/strong>bei Youtube wird das Dokumentations- und Assistenzsystem DOCASYS vorgestellt, welches im Rahmen des SFB\/Transregio 96 entwickelt wurde. Es demonstriert exemplarisch die Dokumentation der im Projekt entwickelten L\u00f6sungsverfahren zur Reduktion des thermischen Fehlers an Werkzeugmaschinen und stellt ein Empfehlungssystem vor, welches einem interessierten Anwender eine an individuelle Pr\u00e4ferenzen angepasste L\u00f6sung vorschl\u00e4gt. Um Zugriff auf das System zu erhalten, setzen Sie sich bitte mit carola.gisske@tu-dresden.de in Verbindung<\/p>\n<\/div>\n<\/div>\n","protected":false},"excerpt":{"rendered":"<p>Willkommen beim SFB\/TR 96: Thermo-energetische Gestaltung von Werkzeugmaschinen &#8211; Eine systemische L\u00f6sung des Zielkonflikts von Energieeinsatz, Genauigkeit und Produktivit\u00e4t am Beispiel der spanenden Fertigung Unsere Vision Erreichen eines Optimums bei Gestaltung und Betrieb von Werkzeugmaschinen unter den Gesichtspunkten von Energieeinsatz und Fertigungsqualit\u00e4t hinsichtlich thermischer Ursachen und Wirkungen unter stark variierenden Prozessanforderungen, Einsatz- und Umgebungsbedingungen. Das hei\u00dft:<\/p>\n<p><a class=\"more-link\" href=\"https:\/\/transregio96.webspace.tu-dresden.de\/\">Weiterlesen<\/a><\/p>\n","protected":false},"author":2,"featured_media":0,"parent":0,"menu_order":0,"comment_status":"closed","ping_status":"closed","template":"","meta":{"footnotes":""},"aioseo_notices":[],"_links":{"self":[{"href":"https:\/\/transregio96.webspace.tu-dresden.de\/index.php\/wp-json\/wp\/v2\/pages\/4762"}],"collection":[{"href":"https:\/\/transregio96.webspace.tu-dresden.de\/index.php\/wp-json\/wp\/v2\/pages"}],"about":[{"href":"https:\/\/transregio96.webspace.tu-dresden.de\/index.php\/wp-json\/wp\/v2\/types\/page"}],"author":[{"embeddable":true,"href":"https:\/\/transregio96.webspace.tu-dresden.de\/index.php\/wp-json\/wp\/v2\/users\/2"}],"replies":[{"embeddable":true,"href":"https:\/\/transregio96.webspace.tu-dresden.de\/index.php\/wp-json\/wp\/v2\/comments?post=4762"}],"version-history":[{"count":22,"href":"https:\/\/transregio96.webspace.tu-dresden.de\/index.php\/wp-json\/wp\/v2\/pages\/4762\/revisions"}],"predecessor-version":[{"id":5338,"href":"https:\/\/transregio96.webspace.tu-dresden.de\/index.php\/wp-json\/wp\/v2\/pages\/4762\/revisions\/5338"}],"wp:attachment":[{"href":"https:\/\/transregio96.webspace.tu-dresden.de\/index.php\/wp-json\/wp\/v2\/media?parent=4762"}],"curies":[{"name":"wp","href":"https:\/\/api.w.org\/{rel}","templated":true}]}}