{"id":4819,"date":"2022-04-11T12:38:05","date_gmt":"2022-04-11T10:38:05","guid":{"rendered":"https:\/\/transregio96.webspace.tu-dresden.de\/?page_id=4819"},"modified":"2022-06-30T10:59:31","modified_gmt":"2022-06-30T08:59:31","slug":"stammtisch-12-5-22","status":"publish","type":"page","link":"https:\/\/transregio96.webspace.tu-dresden.de\/index.php\/stammtisch-12-5-22\/","title":{"rendered":"Stammtisch 14.7.22"},"content":{"rendered":"<p><a href=\"https:\/\/transregio96.webspace.tu-dresden.de\/index.php\/stammtisch-12-5-22\/2022-07-14-einladungsbild-newsletter-1\/\" rel=\"attachment wp-att-4935\"><img loading=\"lazy\" decoding=\"async\" class=\"alignnone wp-image-4935\" src=\"https:\/\/transregio96.webspace.tu-dresden.de\/wp-content\/uploads\/2022\/06\/2022-07-14-Einladungsbild-Newsletter-1-300x167.jpg\" alt=\"Bild mit Grill und Lampions - alle Textinformationen weiter unten im Text enthalten\" width=\"1340\" height=\"746\" srcset=\"https:\/\/transregio96.webspace.tu-dresden.de\/wp-content\/uploads\/2022\/06\/2022-07-14-Einladungsbild-Newsletter-1-300x167.jpg 300w, https:\/\/transregio96.webspace.tu-dresden.de\/wp-content\/uploads\/2022\/06\/2022-07-14-Einladungsbild-Newsletter-1-1024x570.jpg 1024w, https:\/\/transregio96.webspace.tu-dresden.de\/wp-content\/uploads\/2022\/06\/2022-07-14-Einladungsbild-Newsletter-1-768x427.jpg 768w, https:\/\/transregio96.webspace.tu-dresden.de\/wp-content\/uploads\/2022\/06\/2022-07-14-Einladungsbild-Newsletter-1-1536x855.jpg 1536w, https:\/\/transregio96.webspace.tu-dresden.de\/wp-content\/uploads\/2022\/06\/2022-07-14-Einladungsbild-Newsletter-1-2048x1140.jpg 2048w, https:\/\/transregio96.webspace.tu-dresden.de\/wp-content\/uploads\/2022\/06\/2022-07-14-Einladungsbild-Newsletter-1-800x445.jpg 800w\" sizes=\"(max-width: 1340px) 100vw, 1340px\" \/><\/a><\/p>\n<p><strong>Liebe Kolleginnen Kommilitoninnen,<\/strong><\/p>\n<p>bald ist es geschafft \u2013 das Ende der Vorlesungszeit ist erreicht! Die Pr\u00fcfungszeit beginnt, die SLUB f\u00fcllt sich und die Freude auf die Semesterpause steigt. Um uns angemessen von der Zeit in den Vorlesungss\u00e4len zu verabschieden (zumindest f\u00fcr dieses Semester) veranstalten wir, wie jedes Jahr, ein<strong> Sommerfest.<\/strong><\/p>\n<p>Hierf\u00fcr werden sich die <strong>Gleichstellungsbeauftragten<\/strong> der Fakult\u00e4ten Informatik, Elektrotechnik und Maschinenwesen, sowie <strong>des gesamten Bereichs Ingenieurswissenschaften<\/strong> vorstellen und Einblick in ihre aktuellen Projekte geben.<\/p>\n<p>Als weiteres Highlight stellen sich verschiedene weibliche F\u00fchrungskr\u00e4fte und Mitarbeiterinnen von drei <strong>Fraunhofer-Instituten aus Dresden<\/strong> und der <strong>Linde GmbH<\/strong> vor. Sie berichten von ihrem Berufsweg hin zu ihrem jetzigen Arbeitsplatz, pr\u00e4sentieren ihre Erfahrungen als Frauen in einem m\u00e4nnerdominierten Berufsfeld und geben Tipps und Ratschl\u00e4ge zu potenziellen H\u00fcrden.<\/p>\n<p>Von Frauen, f\u00fcr Frauen \u2013 wir wollen ein gemeinsames Netzwerk und Miteinander schaffen, welches Frauen akut, sowie zuk\u00fcnftig, Hilfestellung bietet, unterst\u00fctzt und sie nicht alleine l\u00e4sst. Dies gilt vor dem Hintergrund des Studiums und auch hinsichtlich Arbeitsplatzchancen in den gro\u00dfen ingenieurswissenschaftlichen Unternehmen Deutschlands.<\/p>\n<p>Also egal, ob Ihr Euch mit anderen Mitarbeiterinnen und Studentinnen vernetzen wollt, ersten Kontakt zu potenziellen Arbeitgebern kn\u00fcpfen m\u00f6chtet oder einfach bei guter Speis\u2019 und Trank eine sch\u00f6ne Zeit verbringen wollt \u2013 Ihr seid herzlich eingeladen!<\/p>\n<p>Euer connectING Stammtisch<\/p>\n<p><strong>\u00a0<\/strong><\/p>\n<hr \/>\n<p><strong>Was?\u00a0\u00a0\u00a0 <\/strong><strong>Sommerfest<br \/>\n<\/strong>des connectING-Stammtisches zum Netzwerken<br \/>\nmit alle Gleichstellungsbeauftragten des Bereichs Ingenieurwissenschaften<br \/>\nmit G\u00e4sten der Linde GmbH und 3 Dresdner Fraunhofer-Institute.<\/p>\n<p><strong>Wann?<\/strong>\u00a0 14.7.2022, 17 Uhr<\/p>\n<p><strong>Wo?<\/strong><br \/>\nS\u00fcdhof des Barkhausenbau<br \/>\n(bei schlechtem Wetter im Foyer des Sch\u00f6nfeld-H\u00f6rsaals)<\/p>\n<hr \/>\n<p>Bitte hier unten <strong>bis 11.7.22 anmelden<\/strong>.<\/p>\n<p>(nicht wegen des Datums irritieren lassen, es ist trotzdem die Anmeldung f\u00fcr den 14.7.22 [Urlaub l\u00e4sst gr\u00fc\u00dfen :-)])<\/p>\n<hr \/>\n[wd_contact_form id=&#8220;24&#8243;]\n","protected":false},"excerpt":{"rendered":"<p>Liebe Kolleginnen Kommilitoninnen, bald ist es geschafft \u2013 das Ende der Vorlesungszeit ist erreicht! Die Pr\u00fcfungszeit beginnt, die SLUB f\u00fcllt sich und die Freude auf die Semesterpause steigt. Um uns angemessen von der Zeit in den Vorlesungss\u00e4len zu verabschieden (zumindest f\u00fcr dieses Semester) veranstalten wir, wie jedes Jahr, ein Sommerfest. Hierf\u00fcr werden sich die Gleichstellungsbeauftragten der<\/p>\n<p><a class=\"more-link\" href=\"https:\/\/transregio96.webspace.tu-dresden.de\/index.php\/stammtisch-12-5-22\/\">Weiterlesen<\/a><\/p>\n","protected":false},"author":2,"featured_media":0,"parent":0,"menu_order":0,"comment_status":"closed","ping_status":"closed","template":"","meta":{"footnotes":""},"aioseo_notices":[],"_links":{"self":[{"href":"https:\/\/transregio96.webspace.tu-dresden.de\/index.php\/wp-json\/wp\/v2\/pages\/4819"}],"collection":[{"href":"https:\/\/transregio96.webspace.tu-dresden.de\/index.php\/wp-json\/wp\/v2\/pages"}],"about":[{"href":"https:\/\/transregio96.webspace.tu-dresden.de\/index.php\/wp-json\/wp\/v2\/types\/page"}],"author":[{"embeddable":true,"href":"https:\/\/transregio96.webspace.tu-dresden.de\/index.php\/wp-json\/wp\/v2\/users\/2"}],"replies":[{"embeddable":true,"href":"https:\/\/transregio96.webspace.tu-dresden.de\/index.php\/wp-json\/wp\/v2\/comments?post=4819"}],"version-history":[{"count":15,"href":"https:\/\/transregio96.webspace.tu-dresden.de\/index.php\/wp-json\/wp\/v2\/pages\/4819\/revisions"}],"predecessor-version":[{"id":4947,"href":"https:\/\/transregio96.webspace.tu-dresden.de\/index.php\/wp-json\/wp\/v2\/pages\/4819\/revisions\/4947"}],"wp:attachment":[{"href":"https:\/\/transregio96.webspace.tu-dresden.de\/index.php\/wp-json\/wp\/v2\/media?parent=4819"}],"curies":[{"name":"wp","href":"https:\/\/api.w.org\/{rel}","templated":true}]}}